{"id":11,"date":"2020-09-04T10:15:26","date_gmt":"2020-09-04T10:15:26","guid":{"rendered":"https:\/\/www.cuencasmineras.com\/?page_id=11"},"modified":"2020-09-04T10:15:26","modified_gmt":"2020-09-04T10:15:26","slug":"aviso-legal","status":"publish","type":"page","link":"https:\/\/www.cuencasmineras.com\/index.php\/aviso-legal\/","title":{"rendered":"Aviso Legal"},"content":{"rendered":"<header class=\"entry-header\">\n<h1 class=\"entry-title\">Aviso Legal<\/h1>\n<\/header>\n<div class=\"entry-content\">\n<p>En cumplimiento del deber de informaci\u00f3n contemplado en el art\u00edculo 10 de la vigente Ley 34\/2002, de 11 de julio, de Servicios de la Sociedad de la Informaci\u00f3n y de Comercio Electr\u00f3nico, le comunicamos que el responsable de la web donde puede descargar diferentes aplicaciones es CuencasMineras.com<\/p>\n<h2>RENUNCIA Y LIMITACI\u00d3N DE LA RESPONSABILIDAD<\/h2>\n<p>La informaci\u00f3n y servicios incluidos o disponibles a trav\u00e9s de las p\u00e1ginas web pueden incluir incorrecciones o errores tipogr\u00e1ficos. De forma peri\u00f3dica se incorporan cambios a la informaci\u00f3n contenida. <strong>CuencasMineras.com<\/strong> puede introducir en cualquier momento mejoras y\/o cambios en los servicios o contenidos.<\/p>\n<p><strong>CuencasMineras.com<\/strong> ha obtenido la informaci\u00f3n y los materiales incluidos en la web de fuentes consideradas como fiables, pero, si bien se han tomado las medidas correspondientes para asegurar que la informaci\u00f3n contenida sea correcta, no garantiza que sea exacta y actualizada.<\/p>\n<p>Tambi\u00e9n se advierte que los contenidos de esta web, tienen finalidad informativa en cuanto a la calidad, situaci\u00f3n, alojamiento, servicios y tarifas de <strong>CuencasMineras.com<\/strong>.<\/p>\n<h2>INFORMACI\u00d3N SOBRE LE EXENCI\u00d3N DE TODA LA RESPONSABILIDAD DERIVADA DE UN FALLO T\u00c9CNICO Y DE CONTENIDO<\/h2>\n<p><strong>CuencasMineras.com<\/strong> declina cualquier responsabilidad en caso de que existan interrupciones o un mal funcionamiento de los servicios o contenidos ofrecidos en Internet, cualquiera que sea su causa. Asimismo, <strong>CuencasMineras.com<\/strong> no se hace responsable por ca\u00eddas de la red, p\u00e9rdidas de negocio a consecuencia de dichas ca\u00eddas, suspensiones temporales del fluido el\u00e9ctrico o cualquier otro tipo de da\u00f1o indirecto que le pueda ser causado a los Usuarios por causas ajenas a <strong>CuencasMineras.com<\/strong><\/p>\n<p><strong>CuencasMineras.com<\/strong> no declara ni garantiza que los servicios o contenidos sean interrumpidos o que est\u00e9n libres de errores, que los defectos sean corregidos, o que el servicio o el servidor que lo pone a disposici\u00f3n est\u00e9n libres de virus u otros componentes nocivos, sin perjuicio de que <strong>CuencasMineras.com<\/strong> realiza sus mejores esfuerzos en evitar este tipo de incidentes. En caso de que el Usuario tomara determinadas decisiones o realizara acciones con base a la informaci\u00f3n incluida en cualquiera de los websites, se recomienda la comprobaci\u00f3n de la informaci\u00f3n recibida con otras fuentes.<\/p>\n<h2>PROPIEDAD INDUSTRIAL E INTELECTUAL<\/h2>\n<p>Los contenidos prestados por <strong>CuencasMineras.com<\/strong>, as\u00ed como los contenidos vertidos en la red a trav\u00e9s de sus p\u00e1ginas web, constituyen una obra en el sentido de la legislaci\u00f3n sobre propiedad intelectual por lo que se hallan protegidos por las leyes y convenios internacionales aplicables en la materia.<\/p>\n<p>Queda prohibida cualquier forma de reproducci\u00f3n, distribuci\u00f3n, comunicaci\u00f3n p\u00fablica, transformaci\u00f3n, puesta a disposici\u00f3n y, en general, cualquier otro acto de explotaci\u00f3n p\u00fablica referido tanto a las p\u00e1ginas Web como a sus contenidos e informaci\u00f3n, sin el expreso y previo consentimiento y por escrito <strong>CuencasMineras.com<\/strong>.<\/p>\n<p>En consecuencia, todos los contenidos que se muestran en los diferentes websites y en especial, dise\u00f1os, textos, gr\u00e1ficos, logos, iconos, botones, software, nombres comerciales, marcas, dibujos industriales o cualesquiera otros signos susceptibles de utilizaci\u00f3n industrial y comercial est\u00e1n sujetos a derechos de propiedad intelectual e industrial de <strong>CuencasMineras.com<\/strong> o de terceros titulares de los mismos que han autorizado debidamente su inclusi\u00f3n en los diferentes websites.<\/p>\n<p>Los contenidos, im\u00e1genes, formas, opiniones, \u00edndices y dem\u00e1s expresiones formales que formen parte de las p\u00e1ginas Web, as\u00ed como el software necesario para el funcionamiento y visualizaci\u00f3n de las mismas, constituyen asimismo una obra en el sentido del Derecho de Autor y quedan, por lo tanto, protegidas por las convenciones internacionales y legislaciones nacionales en materia de Propiedad intelectual que resulten aplicables. El incumplimiento de lo se\u00f1alado implica la comisi\u00f3n de graves actos il\u00edcitos y su sanci\u00f3n por la legislaci\u00f3n civil y penal.<\/p>\n<p>Queda prohibido todo acto por virtud del cual los Usuarios de los servicios o contenidos puedan explotar o servirse comercialmente, directa o indirectamente, en su totalidad o parcialmente, de cualquiera de los contenidos, im\u00e1genes, formas, \u00edndices y dem\u00e1s expresiones formales que formen parte de las p\u00e1ginas Web sin permiso previo y por escrito de <strong>CuencasMineras.com<\/strong>.<\/p>\n<p>En concreto, y sin car\u00e1cter exhaustivo, quedan prohibidos los actos de reproducci\u00f3n, distribuci\u00f3n, exhibici\u00f3n, transmisi\u00f3n, retransmisi\u00f3n, emisi\u00f3n en cualquier forma, almacenamiento en soportes f\u00edsicos o l\u00f3gicos (por ejemplo, disquetes o disco duro de ordenadores), digitalizaci\u00f3n o puesta a disposici\u00f3n desde bases de datos distintas de las pertenecientes a las autorizadas por <strong>CuencasMineras.com<\/strong>, as\u00ed como su traducci\u00f3n, adaptaci\u00f3n, arreglo o cualquier otra transformaci\u00f3n de dichas opiniones, im\u00e1genes, formas, \u00edndices y dem\u00e1s expresiones formales que se pongan a disposici\u00f3n de los Usuarios a trav\u00e9s de los servicios o contenidos, en tanto tales actos est\u00e9n sometidos a la legislaci\u00f3n aplicable en materia de Propiedad intelectual, industrial o de protecci\u00f3n de la imagen.<\/p>\n<p><strong>CuencasMineras.com<\/strong> es libre de limitar el acceso a las p\u00e1ginas web, y a los productos y\/o servicios en ella ofrecidos, as\u00ed como la consiguiente publicaci\u00f3n de las opiniones, observaciones, im\u00e1genes o comentarios que los usuarios puedan hacerle llegar a trav\u00e9s del e-mail.<\/p>\n<p><strong>CuencasMineras.com<\/strong>, en este sentido, podr\u00e1 establecer, si lo considera oportuno, sin perjuicio de la \u00fanica y exclusiva responsabilidad de los Usuarios, los filtros necesarios a fin de evitar que a trav\u00e9s de sus p\u00e1ginas Web puedan verterse en la red contenidos u opiniones, considerados como racistas, xen\u00f3fobos, discriminatorios, pornogr\u00e1ficos, difamatorios o que, de cualquier modo, fomenten la violencia o la diseminaci\u00f3n de contenidos claramente il\u00edcitos o nocivos.<\/p>\n<p>Aquellos usuarios que env\u00eden a las p\u00e1ginas web de <strong>CuencasMineras.com<\/strong>, a su departamento de sugerencias, observaciones, opiniones o comentarios por medio del servicio de correo electr\u00f3nico, salvo que expresen de manera cierta e inconfundible lo contrario, en los casos en los que por la naturaleza de los servicios o contenidos ello sea posible, se entiende que autorizan a <strong>CuencasMineras.com<\/strong>para la reproducci\u00f3n, distribuci\u00f3n, exhibici\u00f3n, transmisi\u00f3n, retransmisi\u00f3n, emisi\u00f3n en cualquier formato, almacenamiento en soportes f\u00edsicos o l\u00f3gicos (por ejemplo, disquetes o disco duro de ordenadores), digitalizaci\u00f3n, puesta a disposici\u00f3n desde bases de datos pertenecientes a <strong>CuencasMineras.com<\/strong>, traducci\u00f3n, adaptaci\u00f3n, arreglo o cualquier otra transformaci\u00f3n de tales observaciones, opiniones o comentarios, por todo el tiempo de protecci\u00f3n de derecho de autor que est\u00e9 previsto legalmente. Asimismo, se entiende que esta autorizaci\u00f3n se hace a t\u00edtulo gratuito, y que por el solo hecho de enviar por e-mail tales observaciones, opiniones o comentarios, los usuarios declinan cualquier pretensi\u00f3n remuneratoria por parte de <strong>CuencasMineras.com<\/strong>.<\/p>\n<p>De acuerdo con lo se\u00f1alado en el p\u00e1rrafo anterior <strong>CuencasMineras.com<\/strong> queda autorizada igualmente para proceder a la modificaci\u00f3n o alteraci\u00f3n de tales observaciones, opiniones o comentarios, a fin de adaptarlos a las necesidades de formato editorial de las p\u00e1ginas Web, sin que por ello pueda entenderse que existe en absoluto cualquier tipo de lesi\u00f3n de cualesquiera de las facultades morales de derecho de autor que los Usuarios pudieran ostentar sobre aqu\u00e9llas.<\/p>\n<p>Quedan prohibidos cualesquiera de los recursos t\u00e9cnicos, l\u00f3gicos o tecnol\u00f3gicos por virtud de los cuales un tercero pueda beneficiarse, directa o indirectamente, con o sin lucro, de todos y cada uno de los contenidos, formas, \u00edndices y dem\u00e1s expresiones formales que formen parte de las p\u00e1ginas Web, o del esfuerzo llevado a cabo <strong>CuencasMineras.com<\/strong> para su funcionamiento. En concreto, queda prohibido todo link, hyperlink, framing o v\u00ednculo similar que pueda establecerse en direcci\u00f3n a las p\u00e1ginas Web de <strong>CuencasMineras.com<\/strong>, sin el consentimiento previo, expreso y por escrito de <strong>CuencasMineras.com<\/strong>. Cualquier trasgresi\u00f3n de lo dispuesto en este punto ser\u00e1 considerada como lesi\u00f3n de los leg\u00edtimos derechos de Propiedad intelectual de <strong>CuencasMineras.com<\/strong> sobre las p\u00e1ginas Web y todos los contenidos de las mismas.<\/p>\n<p><strong>CuencasMineras.com<\/strong> no asumir\u00e1 responsabilidad alguna ante consecuencias derivadas de las conductas y actuaciones antes citadas, del mismo modo que no asumir\u00e1 responsabilidad alguna por los contenidos, servicios, productos, etc., de terceros a los que se pueda acceder directamente o a trav\u00e9s de banners, enlaces, links, hyperlinks, framing o v\u00ednculos similares desde los websites de <strong>CuencasMineras.com<\/strong>.<\/p>\n<h2>RESOLUCI\u00d3N DE CONFLICTOS<\/h2>\n<p>Este aviso legal no se archivar\u00e1 individualmente para cada usuario sino que permanecer\u00e1 accesible por medio de Internet en esta p\u00e1gina web. Es accesible mediante la conexi\u00f3n que cada usuario tenga en su sistema de conexi\u00f3n.<\/p>\n<p>Los Usuarios que tengan la condici\u00f3n de consumidores o usuarios conforme los define la normativa espa\u00f1ola y residan en la Uni\u00f3n Europea, si han tenido un problema con una compra realizada a <strong>CuencasMineras.com<\/strong> para tratar de llegar a un acuerdo extrajudicial pueden acudir a la\u00a0<strong><a href=\"https:\/\/webgate.ec.europa.eu\/odr\">Plataforma de Resoluci\u00f3n de Litigios en L\u00ednea<\/a><\/strong>,\u00a0creada por la Uni\u00f3n Europea y desarrollada por la Comisi\u00f3n Europea al amparo del\u00a0<a href=\"http:\/\/eur-lex.europa.eu\/legal-content\/ES\/TXT\/?uri=celex%3A32013R0524\">Reglamento (UE) 524\/2013<\/a>. Tal y como se recoge tambi\u00e9n en las \u201cCondiciones Generales de contrataci\u00f3n\u201d y\/o \u201cUso de la Web\u201d.<\/p>\n<p>Siempre que el Usuario no sea consumidor o usuario, y cuando no haya una norma que obligue a otra cosa, las partes acuerdan someterse a los Juzgados y Tribunales de Asturias, por ser este el lugar de celebraci\u00f3n del contrato, con renuncia expresa a cualquier otra jurisdicci\u00f3n que pudiera corresponderles.<\/p>\n<h2>LEGISLACI\u00d3N<\/h2>\n<p>Las leyes que rigen esta p\u00e1gina web son las leyes espa\u00f1olas. En el caso de la pol\u00edtica de privacidad el Reglamento Europeo de Protecci\u00f3n de datos 679\/2016.<\/p>\n<\/div>\n","protected":false},"excerpt":{"rendered":"<p>Aviso Legal En cumplimiento del deber de informaci\u00f3n contemplado en el art\u00edculo 10 de la vigente Ley 34\/2002, de 11 de julio, de Servicios de la Sociedad de la Informaci\u00f3n y de Comercio Electr\u00f3nico, le comunicamos que el responsable de la web donde puede descargar diferentes aplicaciones es CuencasMineras.com RENUNCIA Y LIMITACI\u00d3N DE LA RESPONSABILIDAD [&hellip;]<\/p>\n","protected":false},"author":1,"featured_media":0,"parent":0,"menu_order":0,"comment_status":"closed","ping_status":"closed","template":"","meta":{"footnotes":""},"class_list":["post-11","page","type-page","status-publish","hentry"],"yoast_head":"<!-- This site is optimized with the Yoast SEO plugin v27.4 - https:\/\/yoast.com\/product\/yoast-seo-wordpress\/ -->\n<title>Aviso Legal -<\/title>\n<meta name=\"robots\" content=\"noindex, nofollow\" \/>\n<meta property=\"og:locale\" content=\"es_ES\" \/>\n<meta property=\"og:type\" content=\"article\" \/>\n<meta property=\"og:title\" content=\"Aviso Legal -\" \/>\n<meta property=\"og:description\" content=\"Aviso Legal En cumplimiento del deber de informaci\u00f3n contemplado en el art\u00edculo 10 de la vigente Ley 34\/2002, de 11 de julio, de Servicios de la Sociedad de la Informaci\u00f3n y de Comercio Electr\u00f3nico, le comunicamos que el responsable de la web donde puede descargar diferentes aplicaciones es CuencasMineras.com RENUNCIA Y LIMITACI\u00d3N DE LA RESPONSABILIDAD [&hellip;]\" \/>\n<meta property=\"og:url\" content=\"https:\/\/www.cuencasmineras.com\/index.php\/aviso-legal\/\" \/>\n<meta name=\"twitter:card\" content=\"summary_large_image\" \/>\n<meta name=\"twitter:label1\" content=\"Tiempo de lectura\" \/>\n\t<meta name=\"twitter:data1\" content=\"8 minutos\" \/>\n<script type=\"application\/ld+json\" class=\"yoast-schema-graph\">{\"@context\":\"https:\\\/\\\/schema.org\",\"@graph\":[{\"@type\":\"WebPage\",\"@id\":\"https:\\\/\\\/www.cuencasmineras.com\\\/index.php\\\/aviso-legal\\\/\",\"url\":\"https:\\\/\\\/www.cuencasmineras.com\\\/index.php\\\/aviso-legal\\\/\",\"name\":\"Aviso Legal -\",\"isPartOf\":{\"@id\":\"https:\\\/\\\/www.cuencasmineras.com\\\/#website\"},\"datePublished\":\"2020-09-04T10:15:26+00:00\",\"breadcrumb\":{\"@id\":\"https:\\\/\\\/www.cuencasmineras.com\\\/index.php\\\/aviso-legal\\\/#breadcrumb\"},\"inLanguage\":\"es\",\"potentialAction\":[{\"@type\":\"ReadAction\",\"target\":[\"https:\\\/\\\/www.cuencasmineras.com\\\/index.php\\\/aviso-legal\\\/\"]}]},{\"@type\":\"BreadcrumbList\",\"@id\":\"https:\\\/\\\/www.cuencasmineras.com\\\/index.php\\\/aviso-legal\\\/#breadcrumb\",\"itemListElement\":[{\"@type\":\"ListItem\",\"position\":1,\"name\":\"Portada\",\"item\":\"https:\\\/\\\/www.cuencasmineras.com\\\/\"},{\"@type\":\"ListItem\",\"position\":2,\"name\":\"Aviso Legal\"}]},{\"@type\":\"WebSite\",\"@id\":\"https:\\\/\\\/www.cuencasmineras.com\\\/#website\",\"url\":\"https:\\\/\\\/www.cuencasmineras.com\\\/\",\"name\":\"\",\"description\":\"\",\"potentialAction\":[{\"@type\":\"SearchAction\",\"target\":{\"@type\":\"EntryPoint\",\"urlTemplate\":\"https:\\\/\\\/www.cuencasmineras.com\\\/?s={search_term_string}\"},\"query-input\":{\"@type\":\"PropertyValueSpecification\",\"valueRequired\":true,\"valueName\":\"search_term_string\"}}],\"inLanguage\":\"es\"}]}<\/script>\n<!-- \/ Yoast SEO plugin. -->","yoast_head_json":{"title":"Aviso Legal -","robots":{"index":"noindex","follow":"nofollow"},"og_locale":"es_ES","og_type":"article","og_title":"Aviso Legal -","og_description":"Aviso Legal En cumplimiento del deber de informaci\u00f3n contemplado en el art\u00edculo 10 de la vigente Ley 34\/2002, de 11 de julio, de Servicios de la Sociedad de la Informaci\u00f3n y de Comercio Electr\u00f3nico, le comunicamos que el responsable de la web donde puede descargar diferentes aplicaciones es CuencasMineras.com RENUNCIA Y LIMITACI\u00d3N DE LA RESPONSABILIDAD [&hellip;]","og_url":"https:\/\/www.cuencasmineras.com\/index.php\/aviso-legal\/","twitter_card":"summary_large_image","twitter_misc":{"Tiempo de lectura":"8 minutos"},"schema":{"@context":"https:\/\/schema.org","@graph":[{"@type":"WebPage","@id":"https:\/\/www.cuencasmineras.com\/index.php\/aviso-legal\/","url":"https:\/\/www.cuencasmineras.com\/index.php\/aviso-legal\/","name":"Aviso Legal -","isPartOf":{"@id":"https:\/\/www.cuencasmineras.com\/#website"},"datePublished":"2020-09-04T10:15:26+00:00","breadcrumb":{"@id":"https:\/\/www.cuencasmineras.com\/index.php\/aviso-legal\/#breadcrumb"},"inLanguage":"es","potentialAction":[{"@type":"ReadAction","target":["https:\/\/www.cuencasmineras.com\/index.php\/aviso-legal\/"]}]},{"@type":"BreadcrumbList","@id":"https:\/\/www.cuencasmineras.com\/index.php\/aviso-legal\/#breadcrumb","itemListElement":[{"@type":"ListItem","position":1,"name":"Portada","item":"https:\/\/www.cuencasmineras.com\/"},{"@type":"ListItem","position":2,"name":"Aviso Legal"}]},{"@type":"WebSite","@id":"https:\/\/www.cuencasmineras.com\/#website","url":"https:\/\/www.cuencasmineras.com\/","name":"","description":"","potentialAction":[{"@type":"SearchAction","target":{"@type":"EntryPoint","urlTemplate":"https:\/\/www.cuencasmineras.com\/?s={search_term_string}"},"query-input":{"@type":"PropertyValueSpecification","valueRequired":true,"valueName":"search_term_string"}}],"inLanguage":"es"}]}},"_links":{"self":[{"href":"https:\/\/www.cuencasmineras.com\/index.php\/wp-json\/wp\/v2\/pages\/11","targetHints":{"allow":["GET"]}}],"collection":[{"href":"https:\/\/www.cuencasmineras.com\/index.php\/wp-json\/wp\/v2\/pages"}],"about":[{"href":"https:\/\/www.cuencasmineras.com\/index.php\/wp-json\/wp\/v2\/types\/page"}],"author":[{"embeddable":true,"href":"https:\/\/www.cuencasmineras.com\/index.php\/wp-json\/wp\/v2\/users\/1"}],"replies":[{"embeddable":true,"href":"https:\/\/www.cuencasmineras.com\/index.php\/wp-json\/wp\/v2\/comments?post=11"}],"version-history":[{"count":1,"href":"https:\/\/www.cuencasmineras.com\/index.php\/wp-json\/wp\/v2\/pages\/11\/revisions"}],"predecessor-version":[{"id":12,"href":"https:\/\/www.cuencasmineras.com\/index.php\/wp-json\/wp\/v2\/pages\/11\/revisions\/12"}],"wp:attachment":[{"href":"https:\/\/www.cuencasmineras.com\/index.php\/wp-json\/wp\/v2\/media?parent=11"}],"curies":[{"name":"wp","href":"https:\/\/api.w.org\/{rel}","templated":true}]}}