{"id":2,"date":"2020-09-04T10:59:21","date_gmt":"2020-09-04T10:59:21","guid":{"rendered":"https:\/\/www.cuencasmineras.com\/?page_id=2"},"modified":"2022-03-18T18:54:49","modified_gmt":"2022-03-18T18:54:49","slug":"sample-page","status":"publish","type":"page","link":"https:\/\/www.cuencasmineras.com\/","title":{"rendered":"CuencasMineras.com"},"content":{"rendered":"<div id=\"pl-2\"  class=\"panel-layout\" ><div id=\"pg-2-0\"  class=\"panel-grid panel-no-style\" ><div id=\"pgc-2-0-0\"  class=\"panel-grid-cell\" ><div id=\"panel-2-0-0-0\" class=\"so-panel widget widget_sow-slider panel-first-child panel-last-child\" data-index=\"0\" ><div\n\t\t\t\n\t\t\tclass=\"so-widget-sow-slider so-widget-sow-slider-default-6d39609536fd-2\"\n\t\t\t\n\t\t>\t\t\t\t<div class=\"sow-slider-base\" style=\"display: none\" tabindex=\"0\">\n\t\t\t\t\t<ul\n\t\t\t\t\tclass=\"sow-slider-images\"\n\t\t\t\t\tdata-settings=\"{&quot;pagination&quot;:true,&quot;speed&quot;:800,&quot;timeout&quot;:8000,&quot;paused&quot;:false,&quot;pause_on_hover&quot;:false,&quot;swipe&quot;:true,&quot;nav_always_show_desktop&quot;:&quot;&quot;,&quot;nav_always_show_mobile&quot;:&quot;&quot;,&quot;breakpoint&quot;:&quot;780px&quot;,&quot;unmute&quot;:false,&quot;anchor&quot;:null}\"\n\t\t\t\t\t\t\t\t\t\tdata-anchor-id=\"\"\n\t\t\t\t>\t\t<li class=\"sow-slider-image\" style=\"visibility: visible;;cursor: pointer;\" data-url=\"{&quot;url&quot;:&quot;https:\\\/\\\/elcastaniu.com\\\/&quot;,&quot;new_window&quot;:true}\" >\n\t\t\t\t\t\t<div class=\"sow-slider-image-container\">\n\t\t\t\t<div class=\"sow-slider-image-wrapper\" style=\"max-width: 1327px\">\n\t\t\t\t\t\t\t\t\t\t\t<a href=\"https:\/\/elcastaniu.com\/\"\n\t\t\t\t\t\t\t\t\t\t\t\t\t\t\t\t\t\t\t\t\ttarget=\"_blank\" \t\t\t\t\t\t\t\t\t\t\t\t\t\t\t\t\t\t\t\t\t\t\t\t\t\t\t\trel=\"noopener noreferrer\" \t\t\t\t\t\t\t\t\t\t\t\t\t>\n\t\t\t\t\t\t\t\t\t\t<div class=\"sow-slider-image-foreground-wrapper\">\n\t\t\t\t\t\t<img loading=\"lazy\" decoding=\"async\" width=\"1327\" height=\"276\" src=\"https:\/\/www.cuencasmineras.com\/wp-content\/uploads\/2021\/06\/BANNER-CASTANIU.png\" class=\"sow-slider-foreground-image\" alt=\"\" style=\"\" srcset=\"https:\/\/www.cuencasmineras.com\/wp-content\/uploads\/2021\/06\/BANNER-CASTANIU.png 1327w, https:\/\/www.cuencasmineras.com\/wp-content\/uploads\/2021\/06\/BANNER-CASTANIU-300x62.png 300w, https:\/\/www.cuencasmineras.com\/wp-content\/uploads\/2021\/06\/BANNER-CASTANIU-1024x213.png 1024w, https:\/\/www.cuencasmineras.com\/wp-content\/uploads\/2021\/06\/BANNER-CASTANIU-768x160.png 768w\" sizes=\"auto, (max-width: 1327px) 100vw, 1327px\" \/>\t\t\t\t\t<\/div>\n\t\t\t\t\t\t\t\t\t\t\t<\/a>\n\t\t\t\t\t\t\t\t\t<\/div>\n\t\t\t<\/div>\n\t\t\t\t\t<\/li>\n\t\t\t\t<li class=\"sow-slider-image\" style=\"visibility: hidden;\" >\n\t\t\t\t\t\t<div class=\"sow-slider-image-container\">\n\t\t\t\t<div class=\"sow-slider-image-wrapper\" style=\"max-width: 1274px\">\n\t\t\t\t\t\t\t\t\t\t<div class=\"sow-slider-image-foreground-wrapper\">\n\t\t\t\t\t\t<img loading=\"lazy\" decoding=\"async\" width=\"1274\" height=\"271\" src=\"https:\/\/www.cuencasmineras.com\/wp-content\/uploads\/2021\/01\/lerfbkb.png\" class=\"sow-slider-foreground-image\" alt=\"\" style=\"\" srcset=\"https:\/\/www.cuencasmineras.com\/wp-content\/uploads\/2021\/01\/lerfbkb.png 1274w, https:\/\/www.cuencasmineras.com\/wp-content\/uploads\/2021\/01\/lerfbkb-300x64.png 300w, https:\/\/www.cuencasmineras.com\/wp-content\/uploads\/2021\/01\/lerfbkb-1024x218.png 1024w, https:\/\/www.cuencasmineras.com\/wp-content\/uploads\/2021\/01\/lerfbkb-768x163.png 768w\" sizes=\"auto, (max-width: 1274px) 100vw, 1274px\" \/>\t\t\t\t\t<\/div>\n\t\t\t\t\t\t\t\t\t<\/div>\n\t\t\t<\/div>\n\t\t\t\t\t<\/li>\n\t\t\t\t<li class=\"sow-slider-image\" style=\"visibility: hidden;;cursor: pointer;\" data-url=\"{&quot;url&quot;:&quot;https:\\\/\\\/www.facebook.com\\\/Vivir-Mieres-2004428073195604&quot;,&quot;new_window&quot;:true}\" >\n\t\t\t\t\t\t<div class=\"sow-slider-image-container\">\n\t\t\t\t<div class=\"sow-slider-image-wrapper\" style=\"max-width: 1275px\">\n\t\t\t\t\t\t\t\t\t\t\t<a href=\"https:\/\/www.facebook.com\/Vivir-Mieres-2004428073195604\"\n\t\t\t\t\t\t\t\t\t\t\t\t\t\t\t\t\t\t\t\t\ttarget=\"_blank\" \t\t\t\t\t\t\t\t\t\t\t\t\t\t\t\t\t\t\t\t\t\t\t\t\t\t\t\trel=\"noopener noreferrer\" \t\t\t\t\t\t\t\t\t\t\t\t\t>\n\t\t\t\t\t\t\t\t\t\t<div class=\"sow-slider-image-foreground-wrapper\">\n\t\t\t\t\t\t<img loading=\"lazy\" decoding=\"async\" width=\"1275\" height=\"267\" src=\"https:\/\/www.cuencasmineras.com\/wp-content\/uploads\/2021\/05\/banner-grande-vivir-mieres.png\" class=\"sow-slider-foreground-image\" alt=\"\" style=\"\" srcset=\"https:\/\/www.cuencasmineras.com\/wp-content\/uploads\/2021\/05\/banner-grande-vivir-mieres.png 1275w, https:\/\/www.cuencasmineras.com\/wp-content\/uploads\/2021\/05\/banner-grande-vivir-mieres-300x63.png 300w, https:\/\/www.cuencasmineras.com\/wp-content\/uploads\/2021\/05\/banner-grande-vivir-mieres-1024x214.png 1024w, https:\/\/www.cuencasmineras.com\/wp-content\/uploads\/2021\/05\/banner-grande-vivir-mieres-768x161.png 768w\" sizes=\"auto, (max-width: 1275px) 100vw, 1275px\" \/>\t\t\t\t\t<\/div>\n\t\t\t\t\t\t\t\t\t\t\t<\/a>\n\t\t\t\t\t\t\t\t\t<\/div>\n\t\t\t<\/div>\n\t\t\t\t\t<\/li>\n\t\t\t\t<li class=\"sow-slider-image\" style=\"visibility: hidden;;cursor: pointer;\" data-url=\"{&quot;url&quot;:&quot;https:\\\/\\\/nimby.es\\\/&quot;,&quot;new_window&quot;:true}\" >\n\t\t\t\t\t\t<div class=\"sow-slider-image-container\">\n\t\t\t\t<div class=\"sow-slider-image-wrapper\" style=\"max-width: 912px\">\n\t\t\t\t\t\t\t\t\t\t\t<a href=\"https:\/\/nimby.es\/\"\n\t\t\t\t\t\t\t\t\t\t\t\t\t\t\t\t\t\t\t\t\ttarget=\"_blank\" \t\t\t\t\t\t\t\t\t\t\t\t\t\t\t\t\t\t\t\t\t\t\t\t\t\t\t\trel=\"noopener noreferrer\" \t\t\t\t\t\t\t\t\t\t\t\t\t>\n\t\t\t\t\t\t\t\t\t\t<div class=\"sow-slider-image-foreground-wrapper\">\n\t\t\t\t\t\t<img loading=\"lazy\" decoding=\"async\" width=\"912\" height=\"238\" src=\"https:\/\/www.cuencasmineras.com\/wp-content\/uploads\/2021\/05\/cc24.gif\" class=\"sow-slider-foreground-image\" alt=\"\" style=\"\" \/>\t\t\t\t\t<\/div>\n\t\t\t\t\t\t\t\t\t\t\t<\/a>\n\t\t\t\t\t\t\t\t\t<\/div>\n\t\t\t<\/div>\n\t\t\t\t\t<\/li>\n\t\t<\/ul>\t\t\t\t<ol class=\"sow-slider-pagination\">\n\t\t\t\t\t\t\t\t\t\t\t<li><a href=\"#\" data-goto=\"0\" aria-label=\"mostrar diapositiva 1\"><\/a><\/li>\n\t\t\t\t\t\t\t\t\t\t\t<li><a href=\"#\" data-goto=\"1\" aria-label=\"mostrar diapositiva 2\"><\/a><\/li>\n\t\t\t\t\t\t\t\t\t\t\t<li><a href=\"#\" data-goto=\"2\" aria-label=\"mostrar diapositiva 3\"><\/a><\/li>\n\t\t\t\t\t\t\t\t\t\t\t<li><a href=\"#\" data-goto=\"3\" aria-label=\"mostrar diapositiva 4\"><\/a><\/li>\n\t\t\t\t\t\t\t\t\t<\/ol>\n\n\t\t\t\t<div class=\"sow-slide-nav sow-slide-nav-next\">\n\t\t\t\t\t<a href=\"#\" data-goto=\"next\" aria-label=\"diapositiva siguiente\" data-action=\"next\">\n\t\t\t\t\t\t<em class=\"sow-sld-icon-thin-right\"><\/em>\n\t\t\t\t\t<\/a>\n\t\t\t\t<\/div>\n\n\t\t\t\t<div class=\"sow-slide-nav sow-slide-nav-prev\">\n\t\t\t\t\t<a href=\"#\" data-goto=\"previous\" aria-label=\"diapositiva anterior\" data-action=\"prev\">\n\t\t\t\t\t\t<em class=\"sow-sld-icon-thin-left\"><\/em>\n\t\t\t\t\t<\/a>\n\t\t\t\t<\/div>\n\t\t\t\t<\/div><\/div><\/div><\/div><\/div><div id=\"pg-2-1\"  class=\"panel-grid panel-no-style\" ><div id=\"pgc-2-1-0\"  class=\"panel-grid-cell\" ><div id=\"panel-2-1-0-0\" class=\"so-panel widget widget_text panel-first-child panel-last-child\" data-index=\"1\" ><h3 class=\"widget-title\">Cuencas Mineras News TV<\/h3>\t\t\t<div class=\"textwidget\"><div class=\"epyt-video-wrapper\"><iframe  style=\"display: block; margin: 0px auto;\"  id=\"_ytid_48160\"   data-origwidth=\"640\" data-origheight=\"360\" src=\"https:\/\/www.youtube.com\/embed\/?enablejsapi=1&listType=playlist&list=UUhua5fhYCEnhQHXyHJJZ6Og&autoplay=1&cc_load_policy=0&cc_lang_pref=&iv_load_policy=1&loop=1&rel=-1&fs=1&playsinline=0&autohide=2&theme=dark&color=red&controls=1&disablekb=0&\" class=\"__youtube_prefs__  __youtube_prefs_widget__  no-lazyload\" title=\"YouTube player\"  allow=\"fullscreen; accelerometer; autoplay; clipboard-write; encrypted-media; gyroscope; picture-in-picture; web-share\" referrerpolicy=\"strict-origin-when-cross-origin\" allowfullscreen data-no-lazy=\"1\" data-skipgform_ajax_framebjll=\"\"><\/iframe><\/div>\n<p>&nbsp;<\/p>\n<\/div>\n\t\t<\/div><\/div><\/div><div id=\"pg-2-2\"  class=\"panel-grid panel-no-style\" ><div id=\"pgc-2-2-0\"  class=\"panel-grid-cell panel-grid-cell-empty\" ><\/div><\/div><\/div>","protected":false},"excerpt":{"rendered":"<p>&nbsp;<\/p>\n","protected":false},"author":1,"featured_media":0,"parent":0,"menu_order":0,"comment_status":"closed","ping_status":"open","template":"","meta":{"footnotes":""},"class_list":["post-2","page","type-page","status-publish","hentry"],"yoast_head":"<!-- This site is optimized with the Yoast SEO plugin v27.4 - https:\/\/yoast.com\/product\/yoast-seo-wordpress\/ -->\n<title>CuencasMineras.com - El portal de informaci\u00f3n de las Cuencas Mineras<\/title>\n<meta name=\"description\" content=\"Somos CuencasMineras.com: tu portal de noticias, televisi\u00f3n, radio, e informaci\u00f3n de todo lo que ata\u00f1e a los concejos mineros de Asturias.\" \/>\n<meta name=\"robots\" content=\"index, follow, max-snippet:-1, max-image-preview:large, max-video-preview:-1\" \/>\n<link rel=\"canonical\" href=\"https:\/\/www.cuencasmineras.com\/\" \/>\n<meta property=\"og:locale\" content=\"es_ES\" \/>\n<meta property=\"og:type\" content=\"article\" \/>\n<meta property=\"og:title\" content=\"CuencasMineras.com - El portal de informaci\u00f3n de las Cuencas Mineras\" \/>\n<meta property=\"og:description\" content=\"Somos CuencasMineras.com: tu portal de noticias, televisi\u00f3n, radio, e informaci\u00f3n de todo lo que ata\u00f1e a los concejos mineros de Asturias.\" \/>\n<meta property=\"og:url\" content=\"https:\/\/www.cuencasmineras.com\/\" \/>\n<meta property=\"article:modified_time\" content=\"2022-03-18T18:54:49+00:00\" \/>\n<meta name=\"twitter:card\" content=\"summary_large_image\" \/>\n<meta name=\"twitter:label1\" content=\"Tiempo de lectura\" \/>\n\t<meta name=\"twitter:data1\" content=\"1 minuto\" \/>\n<script type=\"application\/ld+json\" class=\"yoast-schema-graph\">{\"@context\":\"https:\\\/\\\/schema.org\",\"@graph\":[{\"@type\":\"WebPage\",\"@id\":\"https:\\\/\\\/www.cuencasmineras.com\\\/\",\"url\":\"https:\\\/\\\/www.cuencasmineras.com\\\/\",\"name\":\"CuencasMineras.com - El portal de informaci\u00f3n de las Cuencas Mineras\",\"isPartOf\":{\"@id\":\"https:\\\/\\\/www.cuencasmineras.com\\\/#website\"},\"datePublished\":\"2020-09-04T10:59:21+00:00\",\"dateModified\":\"2022-03-18T18:54:49+00:00\",\"description\":\"Somos CuencasMineras.com: tu portal de noticias, televisi\u00f3n, radio, e informaci\u00f3n de todo lo que ata\u00f1e a los concejos mineros de Asturias.\",\"breadcrumb\":{\"@id\":\"https:\\\/\\\/www.cuencasmineras.com\\\/#breadcrumb\"},\"inLanguage\":\"es\",\"potentialAction\":[{\"@type\":\"ReadAction\",\"target\":[\"https:\\\/\\\/www.cuencasmineras.com\\\/\"]}]},{\"@type\":\"BreadcrumbList\",\"@id\":\"https:\\\/\\\/www.cuencasmineras.com\\\/#breadcrumb\",\"itemListElement\":[{\"@type\":\"ListItem\",\"position\":1,\"name\":\"Portada\",\"item\":\"https:\\\/\\\/www.cuencasmineras.com\\\/\"},{\"@type\":\"ListItem\",\"position\":2,\"name\":\"CuencasMineras.com\"}]},{\"@type\":\"WebSite\",\"@id\":\"https:\\\/\\\/www.cuencasmineras.com\\\/#website\",\"url\":\"https:\\\/\\\/www.cuencasmineras.com\\\/\",\"name\":\"\",\"description\":\"\",\"potentialAction\":[{\"@type\":\"SearchAction\",\"target\":{\"@type\":\"EntryPoint\",\"urlTemplate\":\"https:\\\/\\\/www.cuencasmineras.com\\\/?s={search_term_string}\"},\"query-input\":{\"@type\":\"PropertyValueSpecification\",\"valueRequired\":true,\"valueName\":\"search_term_string\"}}],\"inLanguage\":\"es\"}]}<\/script>\n<!-- \/ Yoast SEO plugin. -->","yoast_head_json":{"title":"CuencasMineras.com - El portal de informaci\u00f3n de las Cuencas Mineras","description":"Somos CuencasMineras.com: tu portal de noticias, televisi\u00f3n, radio, e informaci\u00f3n de todo lo que ata\u00f1e a los concejos mineros de Asturias.","robots":{"index":"index","follow":"follow","max-snippet":"max-snippet:-1","max-image-preview":"max-image-preview:large","max-video-preview":"max-video-preview:-1"},"canonical":"https:\/\/www.cuencasmineras.com\/","og_locale":"es_ES","og_type":"article","og_title":"CuencasMineras.com - El portal de informaci\u00f3n de las Cuencas Mineras","og_description":"Somos CuencasMineras.com: tu portal de noticias, televisi\u00f3n, radio, e informaci\u00f3n de todo lo que ata\u00f1e a los concejos mineros de Asturias.","og_url":"https:\/\/www.cuencasmineras.com\/","article_modified_time":"2022-03-18T18:54:49+00:00","twitter_card":"summary_large_image","twitter_misc":{"Tiempo de lectura":"1 minuto"},"schema":{"@context":"https:\/\/schema.org","@graph":[{"@type":"WebPage","@id":"https:\/\/www.cuencasmineras.com\/","url":"https:\/\/www.cuencasmineras.com\/","name":"CuencasMineras.com - El portal de informaci\u00f3n de las Cuencas Mineras","isPartOf":{"@id":"https:\/\/www.cuencasmineras.com\/#website"},"datePublished":"2020-09-04T10:59:21+00:00","dateModified":"2022-03-18T18:54:49+00:00","description":"Somos CuencasMineras.com: tu portal de noticias, televisi\u00f3n, radio, e informaci\u00f3n de todo lo que ata\u00f1e a los concejos mineros de Asturias.","breadcrumb":{"@id":"https:\/\/www.cuencasmineras.com\/#breadcrumb"},"inLanguage":"es","potentialAction":[{"@type":"ReadAction","target":["https:\/\/www.cuencasmineras.com\/"]}]},{"@type":"BreadcrumbList","@id":"https:\/\/www.cuencasmineras.com\/#breadcrumb","itemListElement":[{"@type":"ListItem","position":1,"name":"Portada","item":"https:\/\/www.cuencasmineras.com\/"},{"@type":"ListItem","position":2,"name":"CuencasMineras.com"}]},{"@type":"WebSite","@id":"https:\/\/www.cuencasmineras.com\/#website","url":"https:\/\/www.cuencasmineras.com\/","name":"","description":"","potentialAction":[{"@type":"SearchAction","target":{"@type":"EntryPoint","urlTemplate":"https:\/\/www.cuencasmineras.com\/?s={search_term_string}"},"query-input":{"@type":"PropertyValueSpecification","valueRequired":true,"valueName":"search_term_string"}}],"inLanguage":"es"}]}},"_links":{"self":[{"href":"https:\/\/www.cuencasmineras.com\/index.php\/wp-json\/wp\/v2\/pages\/2","targetHints":{"allow":["GET"]}}],"collection":[{"href":"https:\/\/www.cuencasmineras.com\/index.php\/wp-json\/wp\/v2\/pages"}],"about":[{"href":"https:\/\/www.cuencasmineras.com\/index.php\/wp-json\/wp\/v2\/types\/page"}],"author":[{"embeddable":true,"href":"https:\/\/www.cuencasmineras.com\/index.php\/wp-json\/wp\/v2\/users\/1"}],"replies":[{"embeddable":true,"href":"https:\/\/www.cuencasmineras.com\/index.php\/wp-json\/wp\/v2\/comments?post=2"}],"version-history":[{"count":95,"href":"https:\/\/www.cuencasmineras.com\/index.php\/wp-json\/wp\/v2\/pages\/2\/revisions"}],"predecessor-version":[{"id":4480,"href":"https:\/\/www.cuencasmineras.com\/index.php\/wp-json\/wp\/v2\/pages\/2\/revisions\/4480"}],"wp:attachment":[{"href":"https:\/\/www.cuencasmineras.com\/index.php\/wp-json\/wp\/v2\/media?parent=2"}],"curies":[{"name":"wp","href":"https:\/\/api.w.org\/{rel}","templated":true}]}}