{"id":497,"date":"2020-09-14T19:17:02","date_gmt":"2020-09-14T19:17:02","guid":{"rendered":"https:\/\/www.cuencasmineras.com\/?page_id=497"},"modified":"2020-09-30T17:17:59","modified_gmt":"2020-09-30T17:17:59","slug":"la-caja-de-pandora","status":"publish","type":"page","link":"https:\/\/www.cuencasmineras.com\/index.php\/la-caja-de-pandora\/","title":{"rendered":"La Caja de Pandora"},"content":{"rendered":"<div id=\"pl-497\"  class=\"panel-layout\" ><div id=\"pg-497-0\"  class=\"panel-grid panel-no-style\" ><div id=\"pgc-497-0-0\"  class=\"panel-grid-cell\" ><div id=\"panel-497-0-0-0\" class=\"so-panel widget widget_sow-editor panel-first-child\" data-index=\"0\" ><div\n\t\t\t\n\t\t\tclass=\"so-widget-sow-editor so-widget-sow-editor-base\"\n\t\t\t\n\t\t>\n<div class=\"siteorigin-widget-tinymce textwidget\">\n\t<div class=\"epyt-gallery\" data-currpage=\"1\" id=\"epyt_gallery_59055\"><figure class=\"wp-block-embed wp-block-embed-youtube is-type-video is-provider-youtube epyt-figure\"><div class=\"wp-block-embed__wrapper\"><div class=\"epyt-video-wrapper\"><iframe loading=\"lazy\"  style=\"display: block; margin: 0px auto;\"  id=\"_ytid_74808\"  width=\"640\" height=\"360\"  data-origwidth=\"640\" data-origheight=\"360\" src=\"https:\/\/www.youtube.com\/embed\/3zG2K3NKHig?enablejsapi=1&autoplay=1&cc_load_policy=0&cc_lang_pref=&iv_load_policy=1&loop=1&rel=-1&fs=1&playsinline=0&autohide=2&theme=dark&color=red&controls=1&disablekb=0&\" class=\"__youtube_prefs__  no-lazyload\" title=\"YouTube player\"  data-epytgalleryid=\"epyt_gallery_59055\"  allow=\"fullscreen; accelerometer; autoplay; clipboard-write; encrypted-media; gyroscope; picture-in-picture; web-share\" referrerpolicy=\"strict-origin-when-cross-origin\" allowfullscreen data-no-lazy=\"1\" data-skipgform_ajax_framebjll=\"\"><\/iframe><\/div><\/div><\/figure><div class=\"epyt-gallery-list\"><div class=\"epyt-pagination \"><div tabindex=\"0\" role=\"button\" class=\"epyt-pagebutton epyt-prev  hide \" data-playlistid=\"UUEUgGQTl4MOR_hTK_RV6wUg\" data-pagesize=\"3\" data-pagetoken=\"\" data-epcolumns=\"3\" data-showtitle=\"1\" data-showpaging=\"1\" data-autonext=\"0\" data-thumbplay=\"1\"><div class=\"epyt-arrow\">&laquo;<\/div> <div>Prev<\/div><\/div><div class=\"epyt-pagenumbers \"><div class=\"epyt-current\">1<\/div><div class=\"epyt-pageseparator\"> \/ <\/div><div class=\"epyt-totalpages\">70<\/div><\/div><div tabindex=\"0\" role=\"button\" class=\"epyt-pagebutton epyt-next\" data-playlistid=\"UUEUgGQTl4MOR_hTK_RV6wUg\" data-pagesize=\"3\" data-pagetoken=\"EAAaHlBUOkNBTWlFRUk1UkVZek1VVXlNVGcyUTBFMk4wRQ\" data-epcolumns=\"3\" data-showtitle=\"1\" data-showpaging=\"1\" data-autonext=\"0\" data-thumbplay=\"1\"><div>Next<\/div> <div class=\"epyt-arrow\">&raquo;<\/div><\/div><div class=\"epyt-loader\"><img loading=\"lazy\" decoding=\"async\" alt=\"loading\" width=\"16\" height=\"11\" src=\"https:\/\/www.cuencasmineras.com\/wp-content\/plugins\/youtube-embed-plus\/images\/gallery-page-loader.gif\"><\/div><\/div><div class=\"epyt-gallery-allthumbs  epyt-cols-3 \"><div tabindex=\"0\" role=\"button\" data-videoid=\"3zG2K3NKHig\" class=\"epyt-gallery-thumb\"><div class=\"epyt-gallery-img-box\"><div class=\"epyt-gallery-img\" style=\"background-image: url(https:\/\/i.ytimg.com\/vi\/3zG2K3NKHig\/hqdefault.jpg)\"><div class=\"epyt-gallery-playhover\"><img loading=\"lazy\" decoding=\"async\" alt=\"play\" class=\"epyt-play-img\" width=\"30\" height=\"23\" src=\"https:\/\/www.cuencasmineras.com\/wp-content\/plugins\/youtube-embed-plus\/images\/playhover.png\" data-no-lazy=\"1\" data-skipgform_ajax_framebjll=\"\" \/><div class=\"epyt-gallery-playcrutch\"><\/div><\/div><\/div><\/div><div class=\"epyt-gallery-title\">\ud83c\udff0\u2728 \u00a1La mejor carroza de carnaval: El Se\u00f1or de los Anillos en Viareggio! \ud83c\udff9\ud83d\udd25<\/div><\/div><div tabindex=\"0\" role=\"button\" data-videoid=\"FvNRDv_R9ok\" class=\"epyt-gallery-thumb\"><div class=\"epyt-gallery-img-box\"><div class=\"epyt-gallery-img\" style=\"background-image: url(https:\/\/i.ytimg.com\/vi\/FvNRDv_R9ok\/hqdefault.jpg)\"><div class=\"epyt-gallery-playhover\"><img loading=\"lazy\" decoding=\"async\" alt=\"play\" class=\"epyt-play-img\" width=\"30\" height=\"23\" src=\"https:\/\/www.cuencasmineras.com\/wp-content\/plugins\/youtube-embed-plus\/images\/playhover.png\" data-no-lazy=\"1\" data-skipgform_ajax_framebjll=\"\" \/><div class=\"epyt-gallery-playcrutch\"><\/div><\/div><\/div><\/div><div class=\"epyt-gallery-title\">\ud83c\uddfa\ud83c\uddf8\ud83d\udd25 AMERICAN PRESS REACTS to SAN DIEGO COMIC-CON in SPAIN! \ud83d\ude31\ud83c\uddea\ud83c\uddf8<\/div><\/div><div tabindex=\"0\" role=\"button\" data-videoid=\"K1-baPlKFgc\" class=\"epyt-gallery-thumb\"><div class=\"epyt-gallery-img-box\"><div class=\"epyt-gallery-img\" style=\"background-image: url(https:\/\/i.ytimg.com\/vi\/K1-baPlKFgc\/hqdefault.jpg)\"><div class=\"epyt-gallery-playhover\"><img loading=\"lazy\" decoding=\"async\" alt=\"play\" class=\"epyt-play-img\" width=\"30\" height=\"23\" src=\"https:\/\/www.cuencasmineras.com\/wp-content\/plugins\/youtube-embed-plus\/images\/playhover.png\" data-no-lazy=\"1\" data-skipgform_ajax_framebjll=\"\" \/><div class=\"epyt-gallery-playcrutch\"><\/div><\/div><\/div><\/div><div class=\"epyt-gallery-title\">\ud83c\udfad\ud83d\udd25 \u00a1La carroza de carnaval m\u00e1s friki en el Samb\u00f3dromo de S\u00e3o Paulo! \ud83e\udd2f\ud83c\udf89<\/div><\/div><div class=\"epyt-gallery-rowbreak\"><\/div><div class=\"epyt-gallery-clear\"><\/div><\/div><div class=\"epyt-pagination \"><div tabindex=\"0\" role=\"button\" class=\"epyt-pagebutton epyt-prev  hide \" data-playlistid=\"UUEUgGQTl4MOR_hTK_RV6wUg\" data-pagesize=\"3\" data-pagetoken=\"\" data-epcolumns=\"3\" data-showtitle=\"1\" data-showpaging=\"1\" data-autonext=\"0\" data-thumbplay=\"1\"><div class=\"epyt-arrow\">&laquo;<\/div> <div>Prev<\/div><\/div><div class=\"epyt-pagenumbers \"><div class=\"epyt-current\">1<\/div><div class=\"epyt-pageseparator\"> \/ <\/div><div class=\"epyt-totalpages\">70<\/div><\/div><div tabindex=\"0\" role=\"button\" class=\"epyt-pagebutton epyt-next\" data-playlistid=\"UUEUgGQTl4MOR_hTK_RV6wUg\" data-pagesize=\"3\" data-pagetoken=\"EAAaHlBUOkNBTWlFRUk1UkVZek1VVXlNVGcyUTBFMk4wRQ\" data-epcolumns=\"3\" data-showtitle=\"1\" data-showpaging=\"1\" data-autonext=\"0\" data-thumbplay=\"1\"><div>Next<\/div> <div class=\"epyt-arrow\">&raquo;<\/div><\/div><div class=\"epyt-loader\"><img loading=\"lazy\" decoding=\"async\" alt=\"loading\" width=\"16\" height=\"11\" src=\"https:\/\/www.cuencasmineras.com\/wp-content\/plugins\/youtube-embed-plus\/images\/gallery-page-loader.gif\"><\/div><\/div><\/div><\/div>\n<\/div>\n<\/div><\/div><div id=\"panel-497-0-0-1\" class=\"so-panel widget widget_recent-comments widget_recent_comments panel-last-child\" data-index=\"1\" ><h3 class=\"widget-title\">Comentarios recientes<\/h3><ul id=\"recentcomments\"><\/ul><\/div><\/div><\/div><\/div>","protected":false},"excerpt":{"rendered":"<p>&laquo; Prev1 \/ 70Next &raquo;\ud83c\udff0\u2728 \u00a1La mejor carroza de carnaval: El Se\u00f1or de los Anillos en Viareggio! \ud83c\udff9\ud83d\udd25\ud83c\uddfa\ud83c\uddf8\ud83d\udd25 AMERICAN PRESS REACTS to SAN DIEGO COMIC-CON in SPAIN! \ud83d\ude31\ud83c\uddea\ud83c\uddf8\ud83c\udfad\ud83d\udd25 \u00a1La carroza de carnaval m\u00e1s friki en el Samb\u00f3dromo de S\u00e3o Paulo! \ud83e\udd2f\ud83c\udf89&laquo; Prev1 \/ 70Next &raquo; Comentarios recientes<\/p>\n","protected":false},"author":1,"featured_media":1060,"parent":0,"menu_order":0,"comment_status":"closed","ping_status":"closed","template":"","meta":{"footnotes":""},"class_list":["post-497","page","type-page","status-publish","has-post-thumbnail","hentry"],"yoast_head":"<!-- This site is optimized with the Yoast SEO plugin v27.3 - https:\/\/yoast.com\/product\/yoast-seo-wordpress\/ -->\n<title>La Caja de Pandora - Nuestro magazine cultural de CuencasMineras.com<\/title>\n<meta name=\"description\" content=\"Tienes una cita con nuestro programa estrella La Caja de Pandora. Nuestro magazine cultural de entrevistas, reportajes y cultura.\" \/>\n<meta name=\"robots\" content=\"index, follow, max-snippet:-1, max-image-preview:large, max-video-preview:-1\" \/>\n<link rel=\"canonical\" href=\"https:\/\/www.cuencasmineras.com\/index.php\/la-caja-de-pandora\/\" \/>\n<meta property=\"og:locale\" content=\"es_ES\" \/>\n<meta property=\"og:type\" content=\"article\" \/>\n<meta property=\"og:title\" content=\"La Caja de Pandora - Nuestro magazine cultural de CuencasMineras.com\" \/>\n<meta property=\"og:description\" content=\"Tienes una cita con nuestro programa estrella La Caja de Pandora. Nuestro magazine cultural de entrevistas, reportajes y cultura.\" \/>\n<meta property=\"og:url\" content=\"https:\/\/www.cuencasmineras.com\/index.php\/la-caja-de-pandora\/\" \/>\n<meta property=\"article:modified_time\" content=\"2020-09-30T17:17:59+00:00\" \/>\n<meta property=\"og:image\" content=\"https:\/\/www.cuencasmineras.com\/wp-content\/uploads\/2020\/09\/79893271_112628846898270_1601259525589958656_n.png\" \/>\n\t<meta property=\"og:image:width\" content=\"819\" \/>\n\t<meta property=\"og:image:height\" content=\"819\" \/>\n\t<meta property=\"og:image:type\" content=\"image\/png\" \/>\n<meta name=\"twitter:card\" content=\"summary_large_image\" \/>\n<script type=\"application\/ld+json\" class=\"yoast-schema-graph\">{\"@context\":\"https:\\\/\\\/schema.org\",\"@graph\":[{\"@type\":\"WebPage\",\"@id\":\"https:\\\/\\\/www.cuencasmineras.com\\\/index.php\\\/la-caja-de-pandora\\\/\",\"url\":\"https:\\\/\\\/www.cuencasmineras.com\\\/index.php\\\/la-caja-de-pandora\\\/\",\"name\":\"La Caja de Pandora - Nuestro magazine cultural de CuencasMineras.com\",\"isPartOf\":{\"@id\":\"https:\\\/\\\/www.cuencasmineras.com\\\/#website\"},\"primaryImageOfPage\":{\"@id\":\"https:\\\/\\\/www.cuencasmineras.com\\\/index.php\\\/la-caja-de-pandora\\\/#primaryimage\"},\"image\":{\"@id\":\"https:\\\/\\\/www.cuencasmineras.com\\\/index.php\\\/la-caja-de-pandora\\\/#primaryimage\"},\"thumbnailUrl\":\"https:\\\/\\\/www.cuencasmineras.com\\\/wp-content\\\/uploads\\\/2020\\\/09\\\/79893271_112628846898270_1601259525589958656_n.png\",\"datePublished\":\"2020-09-14T19:17:02+00:00\",\"dateModified\":\"2020-09-30T17:17:59+00:00\",\"description\":\"Tienes una cita con nuestro programa estrella La Caja de Pandora. Nuestro magazine cultural de entrevistas, reportajes y cultura.\",\"breadcrumb\":{\"@id\":\"https:\\\/\\\/www.cuencasmineras.com\\\/index.php\\\/la-caja-de-pandora\\\/#breadcrumb\"},\"inLanguage\":\"es\",\"potentialAction\":[{\"@type\":\"ReadAction\",\"target\":[\"https:\\\/\\\/www.cuencasmineras.com\\\/index.php\\\/la-caja-de-pandora\\\/\"]}]},{\"@type\":\"ImageObject\",\"inLanguage\":\"es\",\"@id\":\"https:\\\/\\\/www.cuencasmineras.com\\\/index.php\\\/la-caja-de-pandora\\\/#primaryimage\",\"url\":\"https:\\\/\\\/www.cuencasmineras.com\\\/wp-content\\\/uploads\\\/2020\\\/09\\\/79893271_112628846898270_1601259525589958656_n.png\",\"contentUrl\":\"https:\\\/\\\/www.cuencasmineras.com\\\/wp-content\\\/uploads\\\/2020\\\/09\\\/79893271_112628846898270_1601259525589958656_n.png\",\"width\":819,\"height\":819},{\"@type\":\"BreadcrumbList\",\"@id\":\"https:\\\/\\\/www.cuencasmineras.com\\\/index.php\\\/la-caja-de-pandora\\\/#breadcrumb\",\"itemListElement\":[{\"@type\":\"ListItem\",\"position\":1,\"name\":\"Portada\",\"item\":\"https:\\\/\\\/www.cuencasmineras.com\\\/\"},{\"@type\":\"ListItem\",\"position\":2,\"name\":\"La Caja de Pandora\"}]},{\"@type\":\"WebSite\",\"@id\":\"https:\\\/\\\/www.cuencasmineras.com\\\/#website\",\"url\":\"https:\\\/\\\/www.cuencasmineras.com\\\/\",\"name\":\"\",\"description\":\"\",\"potentialAction\":[{\"@type\":\"SearchAction\",\"target\":{\"@type\":\"EntryPoint\",\"urlTemplate\":\"https:\\\/\\\/www.cuencasmineras.com\\\/?s={search_term_string}\"},\"query-input\":{\"@type\":\"PropertyValueSpecification\",\"valueRequired\":true,\"valueName\":\"search_term_string\"}}],\"inLanguage\":\"es\"}]}<\/script>\n<!-- \/ Yoast SEO plugin. -->","yoast_head_json":{"title":"La Caja de Pandora - Nuestro magazine cultural de CuencasMineras.com","description":"Tienes una cita con nuestro programa estrella La Caja de Pandora. Nuestro magazine cultural de entrevistas, reportajes y cultura.","robots":{"index":"index","follow":"follow","max-snippet":"max-snippet:-1","max-image-preview":"max-image-preview:large","max-video-preview":"max-video-preview:-1"},"canonical":"https:\/\/www.cuencasmineras.com\/index.php\/la-caja-de-pandora\/","og_locale":"es_ES","og_type":"article","og_title":"La Caja de Pandora - Nuestro magazine cultural de CuencasMineras.com","og_description":"Tienes una cita con nuestro programa estrella La Caja de Pandora. Nuestro magazine cultural de entrevistas, reportajes y cultura.","og_url":"https:\/\/www.cuencasmineras.com\/index.php\/la-caja-de-pandora\/","article_modified_time":"2020-09-30T17:17:59+00:00","og_image":[{"width":819,"height":819,"url":"https:\/\/www.cuencasmineras.com\/wp-content\/uploads\/2020\/09\/79893271_112628846898270_1601259525589958656_n.png","type":"image\/png"}],"twitter_card":"summary_large_image","schema":{"@context":"https:\/\/schema.org","@graph":[{"@type":"WebPage","@id":"https:\/\/www.cuencasmineras.com\/index.php\/la-caja-de-pandora\/","url":"https:\/\/www.cuencasmineras.com\/index.php\/la-caja-de-pandora\/","name":"La Caja de Pandora - Nuestro magazine cultural de CuencasMineras.com","isPartOf":{"@id":"https:\/\/www.cuencasmineras.com\/#website"},"primaryImageOfPage":{"@id":"https:\/\/www.cuencasmineras.com\/index.php\/la-caja-de-pandora\/#primaryimage"},"image":{"@id":"https:\/\/www.cuencasmineras.com\/index.php\/la-caja-de-pandora\/#primaryimage"},"thumbnailUrl":"https:\/\/www.cuencasmineras.com\/wp-content\/uploads\/2020\/09\/79893271_112628846898270_1601259525589958656_n.png","datePublished":"2020-09-14T19:17:02+00:00","dateModified":"2020-09-30T17:17:59+00:00","description":"Tienes una cita con nuestro programa estrella La Caja de Pandora. Nuestro magazine cultural de entrevistas, reportajes y cultura.","breadcrumb":{"@id":"https:\/\/www.cuencasmineras.com\/index.php\/la-caja-de-pandora\/#breadcrumb"},"inLanguage":"es","potentialAction":[{"@type":"ReadAction","target":["https:\/\/www.cuencasmineras.com\/index.php\/la-caja-de-pandora\/"]}]},{"@type":"ImageObject","inLanguage":"es","@id":"https:\/\/www.cuencasmineras.com\/index.php\/la-caja-de-pandora\/#primaryimage","url":"https:\/\/www.cuencasmineras.com\/wp-content\/uploads\/2020\/09\/79893271_112628846898270_1601259525589958656_n.png","contentUrl":"https:\/\/www.cuencasmineras.com\/wp-content\/uploads\/2020\/09\/79893271_112628846898270_1601259525589958656_n.png","width":819,"height":819},{"@type":"BreadcrumbList","@id":"https:\/\/www.cuencasmineras.com\/index.php\/la-caja-de-pandora\/#breadcrumb","itemListElement":[{"@type":"ListItem","position":1,"name":"Portada","item":"https:\/\/www.cuencasmineras.com\/"},{"@type":"ListItem","position":2,"name":"La Caja de Pandora"}]},{"@type":"WebSite","@id":"https:\/\/www.cuencasmineras.com\/#website","url":"https:\/\/www.cuencasmineras.com\/","name":"","description":"","potentialAction":[{"@type":"SearchAction","target":{"@type":"EntryPoint","urlTemplate":"https:\/\/www.cuencasmineras.com\/?s={search_term_string}"},"query-input":{"@type":"PropertyValueSpecification","valueRequired":true,"valueName":"search_term_string"}}],"inLanguage":"es"}]}},"_links":{"self":[{"href":"https:\/\/www.cuencasmineras.com\/index.php\/wp-json\/wp\/v2\/pages\/497","targetHints":{"allow":["GET"]}}],"collection":[{"href":"https:\/\/www.cuencasmineras.com\/index.php\/wp-json\/wp\/v2\/pages"}],"about":[{"href":"https:\/\/www.cuencasmineras.com\/index.php\/wp-json\/wp\/v2\/types\/page"}],"author":[{"embeddable":true,"href":"https:\/\/www.cuencasmineras.com\/index.php\/wp-json\/wp\/v2\/users\/1"}],"replies":[{"embeddable":true,"href":"https:\/\/www.cuencasmineras.com\/index.php\/wp-json\/wp\/v2\/comments?post=497"}],"version-history":[{"count":7,"href":"https:\/\/www.cuencasmineras.com\/index.php\/wp-json\/wp\/v2\/pages\/497\/revisions"}],"predecessor-version":[{"id":1062,"href":"https:\/\/www.cuencasmineras.com\/index.php\/wp-json\/wp\/v2\/pages\/497\/revisions\/1062"}],"wp:featuredmedia":[{"embeddable":true,"href":"https:\/\/www.cuencasmineras.com\/index.php\/wp-json\/wp\/v2\/media\/1060"}],"wp:attachment":[{"href":"https:\/\/www.cuencasmineras.com\/index.php\/wp-json\/wp\/v2\/media?parent=497"}],"curies":[{"name":"wp","href":"https:\/\/api.w.org\/{rel}","templated":true}]}}