{"id":63,"date":"2020-09-05T19:06:02","date_gmt":"2020-09-05T19:06:02","guid":{"rendered":"https:\/\/www.cuencasmineras.com\/?page_id=63"},"modified":"2021-01-10T22:18:04","modified_gmt":"2021-01-10T22:18:04","slug":"mieres","status":"publish","type":"page","link":"https:\/\/www.cuencasmineras.com\/index.php\/caudal\/mieres\/","title":{"rendered":"Mieres"},"content":{"rendered":"<p><a href=\"https:\/\/www.mieres.es\/\"><img loading=\"lazy\" decoding=\"async\" class=\"aligncenter size-full wp-image-1629\" src=\"https:\/\/www.cuencasmineras.com\/wp-content\/uploads\/2021\/01\/mieres-banner.png\" alt=\"\" width=\"1417\" height=\"413\" srcset=\"https:\/\/www.cuencasmineras.com\/wp-content\/uploads\/2021\/01\/mieres-banner.png 1417w, https:\/\/www.cuencasmineras.com\/wp-content\/uploads\/2021\/01\/mieres-banner-300x87.png 300w, https:\/\/www.cuencasmineras.com\/wp-content\/uploads\/2021\/01\/mieres-banner-1024x298.png 1024w, https:\/\/www.cuencasmineras.com\/wp-content\/uploads\/2021\/01\/mieres-banner-768x224.png 768w\" sizes=\"auto, (max-width: 1417px) 100vw, 1417px\" \/><\/a><\/p>\n<h2>BASE DE DATOS \/ Tel\u00e9fonos de inter\u00e9s<\/h2>\n<ul>\n<li><strong>Ayuntamiento de Mieres \/ Informaci\u00f3n general:<\/strong> <a href=\"tel:985 454 045\" data-wpel-link=\"internal\">985 454 045<\/a><\/li>\n<li><strong>Ayuntamiento de Mieres-Centralita: <\/strong><a href=\"tel:985 466 111\" data-wpel-link=\"internal\">985 466 111<\/a><\/li>\n<li><strong>Archivo Municipal: <\/strong><a href=\"tel:985 461 643\" data-wpel-link=\"internal\">985 461 643<\/a><\/li>\n<li><b>Ateneo de Tur\u00f3n: <\/b><a href=\"tel:985 432 710\" data-wpel-link=\"internal\">985 432 710<\/a><\/li>\n<li><strong>Biblioteca de Mieres: <\/strong><a href=\"tel:985 456 294\" data-wpel-link=\"internal\">985 456 294<\/a><\/li>\n<li><strong>Biblioteca de Santa Cruz: <\/strong><a href=\"tel:985 420 059\" data-wpel-link=\"internal\">985 420 059<\/a><\/li>\n<li><strong>Biblioteca de Ujo: <\/strong><a href=\"tel:985 422 109\" data-wpel-link=\"internal\">985 422 109<\/a><\/li>\n<li><strong>Biblioteca del Aten\u00e9u de Tur\u00f3n:<\/strong><a href=\"tel:985 432 710\" data-wpel-link=\"internal\"> 985 432 710<\/a><\/li>\n<li><strong>Casa Consistorial: <\/strong><a href=\"tel:985 466 111\" data-wpel-link=\"internal\">985 466 111<\/a><\/li>\n<li><strong>Casa de Cultura Teodoro Cuesta. <\/strong><a href=\"tel:985 450 666\" data-wpel-link=\"internal\">985 450 666<\/a><\/li>\n<li><strong>Casa de Encuentro de las Mujeres: <\/strong><a href=\"tel:985 463 953\" data-wpel-link=\"internal\">985 463 953<\/a><\/li>\n<li><strong>Cementerio de Mieres: <\/strong><a href=\"tel:985 456 123\" data-wpel-link=\"internal\">985 456 123<\/a><\/li>\n<li><strong>Centro Municipal de Servicios Sociales: <\/strong><a href=\"tel:985 464 974\" data-wpel-link=\"internal\">985 464 974<\/a><\/li>\n<li><strong>Centro Municipal de Servicios Sociales calle Vital Aza:<\/strong><a href=\"tel:985 461 262\" data-wpel-link=\"internal\">985 461 262<\/a><\/li>\n<li><strong>Centro Terap\u00e9utico para la Rehabilitaci\u00f3n en Drogodependencias (RED): <\/strong><a href=\"tel:985 468 416\" data-wpel-link=\"internal\">985 468 416<\/a><\/li>\n<li><strong>Centru d\u2019Estudios de l\u2019Asturianada \u201cDiamantina Rodr\u00edguez\u201d: <\/strong><a href=\"tel:985 450 666\" data-wpel-link=\"internal\">985 450 666<\/a><\/li>\n<li><strong>Chalet de Rafael del Riego: <\/strong><a href=\"tel:985490410\" data-wpel-link=\"internal\">985490410<\/a><\/li>\n<li><strong>Conservatorio \u2013 Casa de la M\u00fasica: <\/strong><a href=\"tel:984 180 579\" data-wpel-link=\"internal\">984 180 579<\/a><\/li>\n<li><strong>Empresa Municipal de Transportes: <\/strong><a href=\"tel:985 456 179\" data-wpel-link=\"internal\">985 456 179<\/a><\/li>\n<li><strong>Escuela infantil de primer ciclo \u201cLes Xanes\u201d: <\/strong><a href=\"tel:985 453 702\" data-wpel-link=\"internal\">985 453 702<\/a><\/li>\n<li><strong>Oficina de Informaci\u00f3n Juvenil: <\/strong><a href=\"tel:985 452 745\" data-wpel-link=\"internal\">985 452 745<\/a><\/li>\n<li><strong>Oficina Medioambiente: <\/strong><a href=\"tel:985 452 916\" data-wpel-link=\"internal\">985 452 916<\/a><\/li>\n<li><strong>Oficina Municipal de Medio Rural: <\/strong><a href=\"tel:985 468 4310\" data-wpel-link=\"internal\">985 468 431<\/a><\/li>\n<li><strong>Oficina Municipal de Turismo \u2013 Informaci\u00f3n Tur\u00edstica: <\/strong><a href=\"tel:985 450 533\" data-wpel-link=\"internal\">985 450 533<\/a><\/li>\n<li><strong>Parque de Educaci\u00f3n Vial: <\/strong><a href=\"tel:985 456 744\" data-wpel-link=\"internal\">985 456 744<\/a><\/li>\n<li><strong>Patronato Municipal de Deportes: <\/strong><a href=\"tel:985 451 021\" data-wpel-link=\"internal\">985 451 021<\/a><\/li>\n<li><strong>Plan Municipal sobre Drogas: <\/strong><a href=\"tel:985 466 111\" data-wpel-link=\"internal\">985 466 111 <\/a>Ext. 117<\/li>\n<li><strong>Polic\u00eda Local de Mieres:\u00a0<\/strong><a href=\"tel:985 456 744\" data-wpel-link=\"internal\"> 985 456 744<\/a><\/li>\n<li><strong>Protecci\u00f3n Civil <\/strong><a href=\"tel:684 611 069\" data-wpel-link=\"internal\">684 611 069<\/a><\/li>\n<li><strong>Recinto Ferial de Santullano: <\/strong><a href=\"tel:985 464 911\" data-wpel-link=\"internal\">985 464 911<\/a><\/li>\n<li><strong>Residencia de Personas Mayores Valle del Caudal:<\/strong><a href=\"tel:985 450 149\" data-wpel-link=\"internal\"> 985 450 149<\/a><\/li>\n<\/ul>\n","protected":false},"excerpt":{"rendered":"<p>BASE DE DATOS \/ Tel\u00e9fonos de inter\u00e9s Ayuntamiento de Mieres \/ Informaci\u00f3n general: 985 454 045 Ayuntamiento de Mieres-Centralita: 985 466 111 Archivo Municipal: 985 461 643 Ateneo de Tur\u00f3n: 985 432 710 Biblioteca de Mieres: 985 456 294 Biblioteca de Santa Cruz: 985 420 059 Biblioteca de Ujo: 985 422 109 Biblioteca del Aten\u00e9u [&hellip;]<\/p>\n","protected":false},"author":1,"featured_media":238,"parent":51,"menu_order":0,"comment_status":"closed","ping_status":"closed","template":"","meta":{"footnotes":""},"class_list":["post-63","page","type-page","status-publish","has-post-thumbnail","hentry"],"yoast_head":"<!-- This site is optimized with the Yoast SEO plugin v27.5 - https:\/\/yoast.com\/product\/yoast-seo-wordpress\/ -->\n<title>Mieres - CuencasMineras.com<\/title>\n<meta name=\"description\" content=\"Si eres mierense aqu\u00ed tienes toda la informaci\u00f3n de tu inter\u00e9s del concejo de Mieres al que perteneces. \u00a1Esperemos que te guste!\" \/>\n<meta name=\"robots\" content=\"index, follow, max-snippet:-1, max-image-preview:large, max-video-preview:-1\" \/>\n<link rel=\"canonical\" href=\"https:\/\/www.cuencasmineras.com\/index.php\/caudal\/mieres\/\" \/>\n<meta property=\"og:locale\" content=\"es_ES\" \/>\n<meta property=\"og:type\" content=\"article\" \/>\n<meta property=\"og:title\" content=\"Mieres - CuencasMineras.com\" \/>\n<meta property=\"og:description\" content=\"Si eres mierense aqu\u00ed tienes toda la informaci\u00f3n de tu inter\u00e9s del concejo de Mieres al que perteneces. \u00a1Esperemos que te guste!\" \/>\n<meta property=\"og:url\" content=\"https:\/\/www.cuencasmineras.com\/index.php\/caudal\/mieres\/\" \/>\n<meta property=\"article:modified_time\" content=\"2021-01-10T22:18:04+00:00\" \/>\n<meta property=\"og:image\" content=\"https:\/\/www.cuencasmineras.com\/wp-content\/uploads\/2020\/09\/Escudo-Ayto.-Mieres.jpg\" \/>\n\t<meta property=\"og:image:width\" content=\"630\" \/>\n\t<meta property=\"og:image:height\" content=\"1200\" \/>\n\t<meta property=\"og:image:type\" content=\"image\/jpeg\" \/>\n<meta name=\"twitter:card\" content=\"summary_large_image\" \/>\n<meta name=\"twitter:label1\" content=\"Tiempo de lectura\" \/>\n\t<meta name=\"twitter:data1\" content=\"1 minuto\" \/>\n<script type=\"application\/ld+json\" class=\"yoast-schema-graph\">{\"@context\":\"https:\\\/\\\/schema.org\",\"@graph\":[{\"@type\":\"WebPage\",\"@id\":\"https:\\\/\\\/www.cuencasmineras.com\\\/index.php\\\/caudal\\\/mieres\\\/\",\"url\":\"https:\\\/\\\/www.cuencasmineras.com\\\/index.php\\\/caudal\\\/mieres\\\/\",\"name\":\"Mieres - CuencasMineras.com\",\"isPartOf\":{\"@id\":\"https:\\\/\\\/www.cuencasmineras.com\\\/#website\"},\"primaryImageOfPage\":{\"@id\":\"https:\\\/\\\/www.cuencasmineras.com\\\/index.php\\\/caudal\\\/mieres\\\/#primaryimage\"},\"image\":{\"@id\":\"https:\\\/\\\/www.cuencasmineras.com\\\/index.php\\\/caudal\\\/mieres\\\/#primaryimage\"},\"thumbnailUrl\":\"https:\\\/\\\/www.cuencasmineras.com\\\/wp-content\\\/uploads\\\/2020\\\/09\\\/Escudo-Ayto.-Mieres.jpg\",\"datePublished\":\"2020-09-05T19:06:02+00:00\",\"dateModified\":\"2021-01-10T22:18:04+00:00\",\"description\":\"Si eres mierense aqu\u00ed tienes toda la informaci\u00f3n de tu inter\u00e9s del concejo de Mieres al que perteneces. \u00a1Esperemos que te guste!\",\"breadcrumb\":{\"@id\":\"https:\\\/\\\/www.cuencasmineras.com\\\/index.php\\\/caudal\\\/mieres\\\/#breadcrumb\"},\"inLanguage\":\"es\",\"potentialAction\":[{\"@type\":\"ReadAction\",\"target\":[\"https:\\\/\\\/www.cuencasmineras.com\\\/index.php\\\/caudal\\\/mieres\\\/\"]}]},{\"@type\":\"ImageObject\",\"inLanguage\":\"es\",\"@id\":\"https:\\\/\\\/www.cuencasmineras.com\\\/index.php\\\/caudal\\\/mieres\\\/#primaryimage\",\"url\":\"https:\\\/\\\/www.cuencasmineras.com\\\/wp-content\\\/uploads\\\/2020\\\/09\\\/Escudo-Ayto.-Mieres.jpg\",\"contentUrl\":\"https:\\\/\\\/www.cuencasmineras.com\\\/wp-content\\\/uploads\\\/2020\\\/09\\\/Escudo-Ayto.-Mieres.jpg\",\"width\":630,\"height\":1200,\"caption\":\"Mieres\"},{\"@type\":\"BreadcrumbList\",\"@id\":\"https:\\\/\\\/www.cuencasmineras.com\\\/index.php\\\/caudal\\\/mieres\\\/#breadcrumb\",\"itemListElement\":[{\"@type\":\"ListItem\",\"position\":1,\"name\":\"Portada\",\"item\":\"https:\\\/\\\/www.cuencasmineras.com\\\/\"},{\"@type\":\"ListItem\",\"position\":2,\"name\":\"CAUDAL\",\"item\":\"https:\\\/\\\/www.cuencasmineras.com\\\/index.php\\\/caudal\\\/\"},{\"@type\":\"ListItem\",\"position\":3,\"name\":\"Mieres\"}]},{\"@type\":\"WebSite\",\"@id\":\"https:\\\/\\\/www.cuencasmineras.com\\\/#website\",\"url\":\"https:\\\/\\\/www.cuencasmineras.com\\\/\",\"name\":\"\",\"description\":\"\",\"potentialAction\":[{\"@type\":\"SearchAction\",\"target\":{\"@type\":\"EntryPoint\",\"urlTemplate\":\"https:\\\/\\\/www.cuencasmineras.com\\\/?s={search_term_string}\"},\"query-input\":{\"@type\":\"PropertyValueSpecification\",\"valueRequired\":true,\"valueName\":\"search_term_string\"}}],\"inLanguage\":\"es\"}]}<\/script>\n<!-- \/ Yoast SEO plugin. -->","yoast_head_json":{"title":"Mieres - CuencasMineras.com","description":"Si eres mierense aqu\u00ed tienes toda la informaci\u00f3n de tu inter\u00e9s del concejo de Mieres al que perteneces. \u00a1Esperemos que te guste!","robots":{"index":"index","follow":"follow","max-snippet":"max-snippet:-1","max-image-preview":"max-image-preview:large","max-video-preview":"max-video-preview:-1"},"canonical":"https:\/\/www.cuencasmineras.com\/index.php\/caudal\/mieres\/","og_locale":"es_ES","og_type":"article","og_title":"Mieres - CuencasMineras.com","og_description":"Si eres mierense aqu\u00ed tienes toda la informaci\u00f3n de tu inter\u00e9s del concejo de Mieres al que perteneces. \u00a1Esperemos que te guste!","og_url":"https:\/\/www.cuencasmineras.com\/index.php\/caudal\/mieres\/","article_modified_time":"2021-01-10T22:18:04+00:00","og_image":[{"width":630,"height":1200,"url":"https:\/\/www.cuencasmineras.com\/wp-content\/uploads\/2020\/09\/Escudo-Ayto.-Mieres.jpg","type":"image\/jpeg"}],"twitter_card":"summary_large_image","twitter_misc":{"Tiempo de lectura":"1 minuto"},"schema":{"@context":"https:\/\/schema.org","@graph":[{"@type":"WebPage","@id":"https:\/\/www.cuencasmineras.com\/index.php\/caudal\/mieres\/","url":"https:\/\/www.cuencasmineras.com\/index.php\/caudal\/mieres\/","name":"Mieres - CuencasMineras.com","isPartOf":{"@id":"https:\/\/www.cuencasmineras.com\/#website"},"primaryImageOfPage":{"@id":"https:\/\/www.cuencasmineras.com\/index.php\/caudal\/mieres\/#primaryimage"},"image":{"@id":"https:\/\/www.cuencasmineras.com\/index.php\/caudal\/mieres\/#primaryimage"},"thumbnailUrl":"https:\/\/www.cuencasmineras.com\/wp-content\/uploads\/2020\/09\/Escudo-Ayto.-Mieres.jpg","datePublished":"2020-09-05T19:06:02+00:00","dateModified":"2021-01-10T22:18:04+00:00","description":"Si eres mierense aqu\u00ed tienes toda la informaci\u00f3n de tu inter\u00e9s del concejo de Mieres al que perteneces. \u00a1Esperemos que te guste!","breadcrumb":{"@id":"https:\/\/www.cuencasmineras.com\/index.php\/caudal\/mieres\/#breadcrumb"},"inLanguage":"es","potentialAction":[{"@type":"ReadAction","target":["https:\/\/www.cuencasmineras.com\/index.php\/caudal\/mieres\/"]}]},{"@type":"ImageObject","inLanguage":"es","@id":"https:\/\/www.cuencasmineras.com\/index.php\/caudal\/mieres\/#primaryimage","url":"https:\/\/www.cuencasmineras.com\/wp-content\/uploads\/2020\/09\/Escudo-Ayto.-Mieres.jpg","contentUrl":"https:\/\/www.cuencasmineras.com\/wp-content\/uploads\/2020\/09\/Escudo-Ayto.-Mieres.jpg","width":630,"height":1200,"caption":"Mieres"},{"@type":"BreadcrumbList","@id":"https:\/\/www.cuencasmineras.com\/index.php\/caudal\/mieres\/#breadcrumb","itemListElement":[{"@type":"ListItem","position":1,"name":"Portada","item":"https:\/\/www.cuencasmineras.com\/"},{"@type":"ListItem","position":2,"name":"CAUDAL","item":"https:\/\/www.cuencasmineras.com\/index.php\/caudal\/"},{"@type":"ListItem","position":3,"name":"Mieres"}]},{"@type":"WebSite","@id":"https:\/\/www.cuencasmineras.com\/#website","url":"https:\/\/www.cuencasmineras.com\/","name":"","description":"","potentialAction":[{"@type":"SearchAction","target":{"@type":"EntryPoint","urlTemplate":"https:\/\/www.cuencasmineras.com\/?s={search_term_string}"},"query-input":{"@type":"PropertyValueSpecification","valueRequired":true,"valueName":"search_term_string"}}],"inLanguage":"es"}]}},"_links":{"self":[{"href":"https:\/\/www.cuencasmineras.com\/index.php\/wp-json\/wp\/v2\/pages\/63","targetHints":{"allow":["GET"]}}],"collection":[{"href":"https:\/\/www.cuencasmineras.com\/index.php\/wp-json\/wp\/v2\/pages"}],"about":[{"href":"https:\/\/www.cuencasmineras.com\/index.php\/wp-json\/wp\/v2\/types\/page"}],"author":[{"embeddable":true,"href":"https:\/\/www.cuencasmineras.com\/index.php\/wp-json\/wp\/v2\/users\/1"}],"replies":[{"embeddable":true,"href":"https:\/\/www.cuencasmineras.com\/index.php\/wp-json\/wp\/v2\/comments?post=63"}],"version-history":[{"count":8,"href":"https:\/\/www.cuencasmineras.com\/index.php\/wp-json\/wp\/v2\/pages\/63\/revisions"}],"predecessor-version":[{"id":1630,"href":"https:\/\/www.cuencasmineras.com\/index.php\/wp-json\/wp\/v2\/pages\/63\/revisions\/1630"}],"up":[{"embeddable":true,"href":"https:\/\/www.cuencasmineras.com\/index.php\/wp-json\/wp\/v2\/pages\/51"}],"wp:featuredmedia":[{"embeddable":true,"href":"https:\/\/www.cuencasmineras.com\/index.php\/wp-json\/wp\/v2\/media\/238"}],"wp:attachment":[{"href":"https:\/\/www.cuencasmineras.com\/index.php\/wp-json\/wp\/v2\/media?parent=63"}],"curies":[{"name":"wp","href":"https:\/\/api.w.org\/{rel}","templated":true}]}}