{"id":65,"date":"2020-09-05T19:06:23","date_gmt":"2020-09-05T19:06:23","guid":{"rendered":"https:\/\/www.cuencasmineras.com\/?page_id=65"},"modified":"2021-01-10T22:41:19","modified_gmt":"2021-01-10T22:41:19","slug":"lena","status":"publish","type":"page","link":"https:\/\/www.cuencasmineras.com\/index.php\/caudal\/lena\/","title":{"rendered":"Lena"},"content":{"rendered":"<div class=\"tituloInterior\">\n<h3><a href=\"https:\/\/www.aytolena.es\/\"><img loading=\"lazy\" decoding=\"async\" class=\"aligncenter size-full wp-image-1631\" src=\"https:\/\/www.cuencasmineras.com\/wp-content\/uploads\/2021\/01\/lena-banner.png\" alt=\"\" width=\"1423\" height=\"417\" srcset=\"https:\/\/www.cuencasmineras.com\/wp-content\/uploads\/2021\/01\/lena-banner.png 1423w, https:\/\/www.cuencasmineras.com\/wp-content\/uploads\/2021\/01\/lena-banner-300x88.png 300w, https:\/\/www.cuencasmineras.com\/wp-content\/uploads\/2021\/01\/lena-banner-1024x300.png 1024w, https:\/\/www.cuencasmineras.com\/wp-content\/uploads\/2021\/01\/lena-banner-768x225.png 768w\" sizes=\"auto, (max-width: 1423px) 100vw, 1423px\" \/><\/a><\/h3>\n<h2>BASE DE DATOS \/ Tel\u00e9fonos de inter\u00e9s<\/h2>\n<ul>\n<li><span style=\"color: #000080;\"><strong>Ayuntamiento de Lena<\/strong><\/span>\n<ul>\n<li><strong>Direcci\u00f3n:<\/strong> C\/ Vital Aza 20<\/li>\n<li><strong>Poblaci\u00f3n:<\/strong> La Pola<\/li>\n<li><strong>Tel\u00e9fono:<\/strong> <a href=\"tel:985490417\">985490417<\/a> \/ <a href=\"tel:985490410\">985490410<\/a><\/li>\n<li><strong>Fax:<\/strong> 985 49 01 06<\/li>\n<li><strong>Email:<\/strong> <a href=\"mailto:informacion@aytolena.es\">informacion@aytolena.es<\/a><\/li>\n<\/ul>\n<\/li>\n<\/ul>\n<\/div>\n<div class=\"contacto\">\n<ul>\n<li style=\"list-style-type: none;\">\n<ul>\n<li style=\"list-style-type: none;\"><\/li>\n<\/ul>\n<\/li>\n<\/ul>\n<\/div>\n<div class=\"tituloInterior\">\n<ul>\n<li><span style=\"color: #000080;\"><strong>Aula did\u00e1ctica del prerrom\u00e1nico<\/strong><\/span>\n<ul>\n<li><strong>Direcci\u00f3n:<\/strong> Antigua Estaci\u00f3n de La Cobertoria<\/li>\n<li><strong>Poblaci\u00f3n:<\/strong> La Cobertoria<\/li>\n<li><strong>Tel\u00e9fono:<\/strong> <a href=\"tel:985497606\">985497606<\/a> \/ <a href=\"tel:985497608\">985497608 <\/a><\/li>\n<li><strong>Fax:<\/strong> 985 49 21 34<\/li>\n<li><strong>Email:<\/strong> <a href=\"mailto:aulaprerromanico@aytolena.es\">aulaprerromanico@aytolena.es<\/a><\/li>\n<\/ul>\n<\/li>\n<\/ul>\n<\/div>\n<div class=\"contacto\">\n<ul>\n<li style=\"list-style-type: none;\"><\/li>\n<\/ul>\n<\/div>\n<div class=\"tituloInterior\">\n<ul>\n<li><span style=\"color: #000080;\"><strong>Biblioteca p\u00fablica \u00abRam\u00f3n Men\u00e9ndez Pidal\u00bb<\/strong><\/span>\n<ul>\n<li><strong>Direcci\u00f3n:<\/strong> Plaza Alfonso X el Sabio 7, 2\u00aa planta<\/li>\n<li><strong>Poblaci\u00f3n:<\/strong> La Pola<\/li>\n<li><strong>Tel\u00e9fono:<\/strong><a href=\"tel:985 49 11 57\">985 49 11 57<\/a><\/li>\n<li><strong>Email:<\/strong> <a href=\"mailto:biblioteca@aytolena.es\">biblioteca@aytolena.es<\/a><\/li>\n<\/ul>\n<\/li>\n<\/ul>\n<\/div>\n<div class=\"contacto\"><\/div>\n<div class=\"tituloInterior\">\n<ul>\n<li><span style=\"color: #000080;\"><strong>Casa de cultura<\/strong><\/span>\n<ul>\n<li><strong>Direcci\u00f3n:<\/strong> Plaza Alfonso X el Sabio, 2\u00aa planta<\/li>\n<li><strong>Poblaci\u00f3n:<\/strong> La Pola<\/li>\n<li><strong>Tel\u00e9fono<\/strong><a href=\"tel:985 49 11 57\">: 985 49 11 57<\/a><\/li>\n<li><strong>Email:<\/strong> <a href=\"mailto:cultura@aytolena.es\">cultura@aytolena.es<\/a><\/li>\n<\/ul>\n<\/li>\n<\/ul>\n<\/div>\n<div class=\"contacto\"><\/div>\n<div class=\"tituloInterior\">\n<ul>\n<li><span style=\"color: #000080;\"><strong>Casa de encuentro de las mujeres de Lena<\/strong><\/span>\n<ul>\n<li><strong>Direcci\u00f3n:<\/strong> Parque la Er\u00eda 6<\/li>\n<li><strong>Poblaci\u00f3n:<\/strong> La Pola<\/li>\n<li><strong>Tel\u00e9fono:<\/strong><a href=\"tel:985 49 12 23\">\u00a0985 49 12 23<\/a><\/li>\n<li><strong>Email:<\/strong> <a href=\"mailto:calcuentro@aytolena.es\">calcuentro@aytolena.es<\/a><\/li>\n<\/ul>\n<\/li>\n<\/ul>\n<\/div>\n<div class=\"contacto\"><\/div>\n<div class=\"tituloInterior\">\n<ul>\n<li><span style=\"color: #000080;\"><strong>Centro de lectura La Casona &#8211; Campomanes<\/strong><\/span>\n<ul>\n<li><strong>Direcci\u00f3n:<\/strong> C\/ Alfonso Llanes Alonso<\/li>\n<li><strong>Poblaci\u00f3n:<\/strong> Campomanes<\/li>\n<li><strong>Tel\u00e9fono:<\/strong><a href=\"tel:985 49 62 64\">\u00a0985 49 62 64<\/a><\/li>\n<li><strong>Email:<\/strong> <a href=\"mailto:clcampomanes@aytolena.es\">clcampomanes@aytolena.es<\/a><\/li>\n<\/ul>\n<\/li>\n<\/ul>\n<\/div>\n<div class=\"contacto\"><\/div>\n<div class=\"tituloInterior\">\n<ul>\n<li><span style=\"color: #000080;\"><strong>Centro de lectura de Vil.layana<\/strong><\/span>\n<ul>\n<li><strong>Direcci\u00f3n:<\/strong> C\/ La estaci\u00f3n 1<\/li>\n<li><strong>Poblaci\u00f3n:<\/strong> Vil.layana<\/li>\n<li><strong>Tel\u00e9fono:<\/strong> <a href=\"tel:985 49 01 18\">\u00a0985 49 01 18<\/a><\/li>\n<li><strong>Email:<\/strong> <a href=\"mailto:clvillayana@aytolena.es\">clvillayana@aytolena.es<\/a><\/li>\n<\/ul>\n<\/li>\n<\/ul>\n<\/div>\n<div class=\"contacto\"><\/div>\n<div class=\"tituloInterior\">\n<ul>\n<li><span style=\"color: #000080;\"><strong>Escuela municipal de educaci\u00f3n infantil (0-3 a\u00f1os) \u00abEl Nial\u00bb<\/strong><\/span>\n<ul>\n<li><strong>Direcci\u00f3n:<\/strong> C\/ Masgain s\/n<\/li>\n<li><strong>Poblaci\u00f3n:<\/strong> La Pola<\/li>\n<li><strong>Tel\u00e9fono: <\/strong><a href=\"tel:985 49 02 62\">985 49 02 62<\/a><\/li>\n<li><strong>Email:<\/strong> <a href=\"mailto:eeipoladelena@educastur.org\">eeipoladelena@educastur.org<\/a><\/li>\n<\/ul>\n<\/li>\n<\/ul>\n<\/div>\n<div class=\"contacto\"><\/div>\n<div class=\"tituloInterior\">\n<ul>\n<li><span style=\"color: #000080;\"><strong>Ganader\u00eda, guarder\u00eda rural y recursos naturales<\/strong><\/span>\n<ul>\n<li><strong>Direcci\u00f3n:<\/strong> Parque la Er\u00eda 6<\/li>\n<li><strong>Poblaci\u00f3n:<\/strong> La Pola<\/li>\n<li><strong>Tel\u00e9fono: <\/strong><a href=\"tel:985 49 38 38\">985 49 38 38<\/a><\/li>\n<li><strong>Email:<\/strong> <a href=\"mailto:rnaturales@aytolena.es\">rnaturales@aytolena.es<\/a><\/li>\n<\/ul>\n<\/li>\n<\/ul>\n<\/div>\n<div class=\"contacto\"><\/div>\n<div class=\"tituloInterior\">\n<ul>\n<li><span style=\"color: #000080;\"><strong>Hotel de asociaciones &#8211; Albergue de peregrinos \u00abSan Mart\u00edn\u00bb<\/strong><\/span>\n<ul>\n<li><strong>Direcci\u00f3n:<\/strong> C\/ Ram\u00f3n y Cajal s\/n<\/li>\n<li><strong>Poblaci\u00f3n:<\/strong> La Pola<\/li>\n<li><strong>Tel\u00e9fono:<\/strong><a href=\"tel:985 49 22 47\">\u00a0985 49 22 47<\/a><\/li>\n<li><strong>Email:<\/strong> <a href=\"mailto:asociaciones@aytolena.es\">asociaciones@aytolena.es<\/a><\/li>\n<\/ul>\n<\/li>\n<\/ul>\n<\/div>\n<div class=\"contacto\"><\/div>\n<div class=\"tituloInterior\">\n<ul>\n<li><span style=\"color: #000080;\"><strong>Juvelena &#8211; Oficina de Informaci\u00f3n Juvenil (OIJ)<\/strong><\/span>\n<ul>\n<li><strong>Direcci\u00f3n:<\/strong> C\/ Ram\u00f3n y Cajal s\/n<\/li>\n<li><strong>Poblaci\u00f3n:<\/strong> La Pola<\/li>\n<li><strong>Tel\u00e9fono:<\/strong><a href=\"tel:985 49 06 17\">\u00a0985 49 06 17<\/a><\/li>\n<li><strong>Fax:<\/strong> 985 49 35 36<\/li>\n<li><strong>Email:<\/strong> <a href=\"mailto:juvelena@aytolena.es\">juvelena@aytolena.es<\/a><\/li>\n<\/ul>\n<\/li>\n<\/ul>\n<\/div>\n<div class=\"contacto\"><\/div>\n<div class=\"tituloInterior\">\n<ul>\n<li><span style=\"color: #000080;\"><strong>Nave municipal de obras y servicios<\/strong><\/span>\n<ul>\n<li><strong>Direcci\u00f3n:<\/strong> Pol\u00edgono de El Masga\u00edn<\/li>\n<li><strong>Poblaci\u00f3n:<\/strong> La Pola<\/li>\n<li><strong>Tel\u00e9fono: <\/strong><a href=\"tel:985 49 20 28\">985 49 20 28<\/a><\/li>\n<li><strong>Fax:<\/strong> 985 49 20 28<\/li>\n<\/ul>\n<\/li>\n<\/ul>\n<\/div>\n<div class=\"contacto\"><\/div>\n<div class=\"tituloInterior\">\n<ul>\n<li><strong><span style=\"color: #000080;\">Oficina t\u00e9cnica de urbanismo<\/span><\/strong>\n<ul>\n<li><strong>Direcci\u00f3n:<\/strong> Plaza Alfonso X el Sabio, 4\u00aa planta<\/li>\n<li><strong>Poblaci\u00f3n:<\/strong> La Pola<\/li>\n<li><strong>Tel\u00e9fono: <\/strong><a href=\"tel:985 49 22 19\">985 49 22 19<\/a><\/li>\n<li><strong>Email:<\/strong> <a href=\"mailto:urbanismo@aytolena.es\">urbanismo@aytolena.es<\/a> \u00a0&#8211;\u00a0\u00a0<a href=\"mailto:disciplina@aytolena.es\">disciplina@aytolena.es<\/a><\/li>\n<\/ul>\n<\/li>\n<\/ul>\n<\/div>\n<div class=\"contacto\"><\/div>\n<div class=\"tituloInterior\">\n<ul>\n<li><span style=\"color: #000080;\"><strong>Oficina de turismo<\/strong><\/span>\n<ul>\n<li><strong>Direcci\u00f3n:<\/strong> Marqu\u00e9s de San Feliz 2<\/li>\n<li><strong>Poblaci\u00f3n:<\/strong> La Pola<\/li>\n<li><strong>Fax:<\/strong> 985 49 37 23<\/li>\n<li><strong>Email:<\/strong> <a href=\"mailto:turismo@aytolena.es\">turismo@aytolena.es<\/a><\/li>\n<\/ul>\n<\/li>\n<\/ul>\n<\/div>\n<div class=\"contacto\"><\/div>\n<div class=\"tituloInterior\">\n<ul>\n<li><span style=\"color: #000080;\"><strong>Oficina Municipal de Informaci\u00f3n al Consumidor (OMIC)<\/strong><\/span>\n<ul>\n<li><strong>Direcci\u00f3n:<\/strong> Parque la Er\u00eda 6<\/li>\n<li><strong>Poblaci\u00f3n:<\/strong> La Pola<\/li>\n<li><strong>Tel\u00e9fono:<\/strong> <a href=\"tel:985 49 38 09\">985 49 38 09<\/a><\/li>\n<li><strong>Fax:<\/strong> 985 49 37 23<\/li>\n<li><strong>Email:<\/strong> <a href=\"mailto:consumopl@aytolena.es\">consumopl@aytolena.es<\/a><\/li>\n<\/ul>\n<\/li>\n<\/ul>\n<\/div>\n<div class=\"contacto\"><\/div>\n<div class=\"tituloInterior\">\n<ul>\n<li><span style=\"color: #000080;\"><strong>Polic\u00eda Local<\/strong><\/span>\n<ul>\n<li><strong>Direcci\u00f3n:<\/strong> Plaza Alfonso X el Sabio 7<\/li>\n<li><strong>Poblaci\u00f3n:<\/strong> La Pola<\/li>\n<li><strong>Tel\u00e9fono:<\/strong><a href=\"tel:985 49 01 73\">\u00a0985 49 01 73<\/a> \/ <a href=\"tel:985 49 01 11\">985 49 01 11<\/a><\/li>\n<li><strong>Email:<\/strong> <a href=\"mailto:policialocal@aytolena.es\">policialocal@aytolena.es<\/a><\/li>\n<\/ul>\n<\/li>\n<\/ul>\n<\/div>\n<div class=\"contacto\"><\/div>\n<div class=\"tituloInterior\">\n<ul>\n<li><span style=\"color: #000080;\"><strong>Polideportivo \u00abJes\u00fas Su\u00e1rez Valgrande\u00bb<\/strong><\/span>\n<ul>\n<li><strong>Direcci\u00f3n:<\/strong> C\/ Los Suspiros 4<\/li>\n<li><strong>Poblaci\u00f3n:<\/strong> La Pola<\/li>\n<li><strong>Tel\u00e9fono: <\/strong><a href=\"tel:985 49 06 45\">985 49 06 45<\/a><\/li>\n<li><strong>Email:<\/strong> <a href=\"mailto:deportes@aytolena.es\">deportes@aytolena.es<\/a><\/li>\n<\/ul>\n<\/li>\n<\/ul>\n<\/div>\n<div class=\"contacto\"><\/div>\n<div class=\"tituloInterior\">\n<ul>\n<li><span style=\"color: #000080;\"><strong>Servicio de Atenci\u00f3n Ciudadana (S.A.C.)<\/strong><\/span>\n<ul>\n<li><strong>Direcci\u00f3n:<\/strong> Parque la Er\u00eda 6<\/li>\n<li><strong>Poblaci\u00f3n:<\/strong> La Pola<\/li>\n<li><strong>Tel\u00e9fono:<\/strong><a href=\"tel:985 49 76 83\">\u00a0985 49 76 83<\/a><\/li>\n<li><strong>Fax:<\/strong> 985 49 37 23<\/li>\n<li><strong>Email:<\/strong> <a href=\"mailto:registro@aytolena.es\">registro@aytolena.es<\/a><\/li>\n<\/ul>\n<\/li>\n<\/ul>\n<\/div>\n<div class=\"contacto\"><\/div>\n<div class=\"tituloInterior\">\n<ul>\n<li><span style=\"color: #000080;\"><strong>Servicio de normalizaci\u00f3n ling\u00fc\u00edstica<\/strong><\/span>\n<ul>\n<li><strong>Direcci\u00f3n:<\/strong> Marqu\u00e9s de San Feliz 2<\/li>\n<li><strong>Poblaci\u00f3n:<\/strong> La Pola<\/li>\n<li><strong>Tel\u00e9fono:<\/strong> <a href=\"tel:985 49 76 08\">985 49 76 08<\/a><\/li>\n<li><strong>Fax:<\/strong> 985 49 37 23<\/li>\n<li><strong>Email:<\/strong> <a href=\"mailto:normastur@aytolena.es\">normastur@aytolena.es<\/a><\/li>\n<\/ul>\n<\/li>\n<\/ul>\n<\/div>\n<div class=\"contacto\"><\/div>\n<div class=\"tituloInterior\">\n<ul>\n<li><span style=\"color: #000080;\"><strong>Servicios sociales municipales<\/strong><\/span>\n<ul>\n<li><strong>Direcci\u00f3n:<\/strong> El Ller\u00f3n 1<\/li>\n<li><strong>Poblaci\u00f3n:<\/strong> La Pola<\/li>\n<li><strong>Tel\u00e9fono:<\/strong> <a href=\"tel:985 49 28 60\">985 49 28 60<\/a><\/li>\n<li><strong>Fax:<\/strong> 985 49 26 62<\/li>\n<li><strong>Email:<\/strong> <a href=\"mailto:sociales@aytolena.es\">sociales@aytolena.es<\/a><\/li>\n<\/ul>\n<\/li>\n<\/ul>\n<\/div>\n<div class=\"contacto\">\n<div class=\"tituloInterior\">\n<ul>\n<li><strong><span style=\"color: #000080;\">Teatro Vital Aza<\/span><\/strong>\n<ul>\n<li><strong>Direcci\u00f3n:<\/strong> C\/ Corporaciones de Lena 10<\/li>\n<li><strong>Poblaci\u00f3n:<\/strong> La Pola<\/li>\n<li><strong>Tel\u00e9fono: <\/strong><a href=\"tel:985 49 11 57\">985 49 11 57<\/a><\/li>\n<li><strong>Email:<\/strong> <a href=\"mailto:cultura@aytolena.es\">cultura@aytolena.es<\/a><\/li>\n<\/ul>\n<\/li>\n<\/ul>\n<\/div>\n<div class=\"contacto\"><\/div>\n<div class=\"tituloInterior\">\n<ul>\n<li><span style=\"color: #000080;\"><strong>Telecentro Municipal (CDTL)<\/strong><\/span>\n<ul>\n<li><strong>Direcci\u00f3n:<\/strong> Plaza Alfonso X el Sabio, 2\u00aa planta<\/li>\n<li><strong>Poblaci\u00f3n:<\/strong> La Pola<\/li>\n<li><strong>Tel\u00e9fono:<\/strong><a href=\"tel:985 49 11 57\">985 49 11 57<\/a><\/li>\n<li><strong>Email:<\/strong> <a href=\"mailto:telecentro@aytolena.es\">telecentro@aytolena.es<\/a><\/li>\n<\/ul>\n<\/li>\n<\/ul>\n<\/div>\n<div class=\"contacto\"><\/div>\n<\/div>\n","protected":false},"excerpt":{"rendered":"<p>BASE DE DATOS \/ Tel\u00e9fonos de inter\u00e9s Ayuntamiento de Lena Direcci\u00f3n: C\/ Vital Aza 20 Poblaci\u00f3n: La Pola Tel\u00e9fono: 985490417 \/ 985490410 Fax: 985 49 01 06 Email: informacion@aytolena.es Aula did\u00e1ctica del prerrom\u00e1nico Direcci\u00f3n: Antigua Estaci\u00f3n de La Cobertoria Poblaci\u00f3n: La Cobertoria Tel\u00e9fono: 985497606 \/ 985497608 Fax: 985 49 21 34 Email: aulaprerromanico@aytolena.es Biblioteca p\u00fablica [&hellip;]<\/p>\n","protected":false},"author":1,"featured_media":237,"parent":51,"menu_order":0,"comment_status":"closed","ping_status":"closed","template":"","meta":{"footnotes":""},"class_list":["post-65","page","type-page","status-publish","has-post-thumbnail","hentry"],"yoast_head":"<!-- This site is optimized with the Yoast SEO plugin v27.4 - https:\/\/yoast.com\/product\/yoast-seo-wordpress\/ -->\n<title>Lena - CuencasMineras.com<\/title>\n<meta name=\"description\" content=\"Si eres lenense aqu\u00ed tienes toda la informaci\u00f3n de tu inter\u00e9s del concejo de Lena al que perteneces. \u00a1Esperemos que te guste!\" \/>\n<meta name=\"robots\" content=\"index, follow, max-snippet:-1, max-image-preview:large, max-video-preview:-1\" \/>\n<link rel=\"canonical\" href=\"https:\/\/www.cuencasmineras.com\/index.php\/caudal\/lena\/\" \/>\n<meta property=\"og:locale\" content=\"es_ES\" \/>\n<meta property=\"og:type\" content=\"article\" \/>\n<meta property=\"og:title\" content=\"Lena - CuencasMineras.com\" \/>\n<meta property=\"og:description\" content=\"Si eres lenense aqu\u00ed tienes toda la informaci\u00f3n de tu inter\u00e9s del concejo de Lena al que perteneces. \u00a1Esperemos que te guste!\" \/>\n<meta property=\"og:url\" content=\"https:\/\/www.cuencasmineras.com\/index.php\/caudal\/lena\/\" \/>\n<meta property=\"article:modified_time\" content=\"2021-01-10T22:41:19+00:00\" \/>\n<meta property=\"og:image\" content=\"https:\/\/www.cuencasmineras.com\/wp-content\/uploads\/2020\/09\/indice.png\" \/>\n\t<meta property=\"og:image:width\" content=\"139\" \/>\n\t<meta property=\"og:image:height\" content=\"250\" \/>\n\t<meta property=\"og:image:type\" content=\"image\/png\" \/>\n<meta name=\"twitter:card\" content=\"summary_large_image\" \/>\n<meta name=\"twitter:label1\" content=\"Tiempo de lectura\" \/>\n\t<meta name=\"twitter:data1\" content=\"3 minutos\" \/>\n<script type=\"application\/ld+json\" class=\"yoast-schema-graph\">{\"@context\":\"https:\\\/\\\/schema.org\",\"@graph\":[{\"@type\":\"WebPage\",\"@id\":\"https:\\\/\\\/www.cuencasmineras.com\\\/index.php\\\/caudal\\\/lena\\\/\",\"url\":\"https:\\\/\\\/www.cuencasmineras.com\\\/index.php\\\/caudal\\\/lena\\\/\",\"name\":\"Lena - CuencasMineras.com\",\"isPartOf\":{\"@id\":\"https:\\\/\\\/www.cuencasmineras.com\\\/#website\"},\"primaryImageOfPage\":{\"@id\":\"https:\\\/\\\/www.cuencasmineras.com\\\/index.php\\\/caudal\\\/lena\\\/#primaryimage\"},\"image\":{\"@id\":\"https:\\\/\\\/www.cuencasmineras.com\\\/index.php\\\/caudal\\\/lena\\\/#primaryimage\"},\"thumbnailUrl\":\"https:\\\/\\\/www.cuencasmineras.com\\\/wp-content\\\/uploads\\\/2020\\\/09\\\/indice.png\",\"datePublished\":\"2020-09-05T19:06:23+00:00\",\"dateModified\":\"2021-01-10T22:41:19+00:00\",\"description\":\"Si eres lenense aqu\u00ed tienes toda la informaci\u00f3n de tu inter\u00e9s del concejo de Lena al que perteneces. \u00a1Esperemos que te guste!\",\"breadcrumb\":{\"@id\":\"https:\\\/\\\/www.cuencasmineras.com\\\/index.php\\\/caudal\\\/lena\\\/#breadcrumb\"},\"inLanguage\":\"es\",\"potentialAction\":[{\"@type\":\"ReadAction\",\"target\":[\"https:\\\/\\\/www.cuencasmineras.com\\\/index.php\\\/caudal\\\/lena\\\/\"]}]},{\"@type\":\"ImageObject\",\"inLanguage\":\"es\",\"@id\":\"https:\\\/\\\/www.cuencasmineras.com\\\/index.php\\\/caudal\\\/lena\\\/#primaryimage\",\"url\":\"https:\\\/\\\/www.cuencasmineras.com\\\/wp-content\\\/uploads\\\/2020\\\/09\\\/indice.png\",\"contentUrl\":\"https:\\\/\\\/www.cuencasmineras.com\\\/wp-content\\\/uploads\\\/2020\\\/09\\\/indice.png\",\"width\":139,\"height\":250,\"caption\":\"Lena\"},{\"@type\":\"BreadcrumbList\",\"@id\":\"https:\\\/\\\/www.cuencasmineras.com\\\/index.php\\\/caudal\\\/lena\\\/#breadcrumb\",\"itemListElement\":[{\"@type\":\"ListItem\",\"position\":1,\"name\":\"Portada\",\"item\":\"https:\\\/\\\/www.cuencasmineras.com\\\/\"},{\"@type\":\"ListItem\",\"position\":2,\"name\":\"CAUDAL\",\"item\":\"https:\\\/\\\/www.cuencasmineras.com\\\/index.php\\\/caudal\\\/\"},{\"@type\":\"ListItem\",\"position\":3,\"name\":\"Lena\"}]},{\"@type\":\"WebSite\",\"@id\":\"https:\\\/\\\/www.cuencasmineras.com\\\/#website\",\"url\":\"https:\\\/\\\/www.cuencasmineras.com\\\/\",\"name\":\"\",\"description\":\"\",\"potentialAction\":[{\"@type\":\"SearchAction\",\"target\":{\"@type\":\"EntryPoint\",\"urlTemplate\":\"https:\\\/\\\/www.cuencasmineras.com\\\/?s={search_term_string}\"},\"query-input\":{\"@type\":\"PropertyValueSpecification\",\"valueRequired\":true,\"valueName\":\"search_term_string\"}}],\"inLanguage\":\"es\"}]}<\/script>\n<!-- \/ Yoast SEO plugin. -->","yoast_head_json":{"title":"Lena - CuencasMineras.com","description":"Si eres lenense aqu\u00ed tienes toda la informaci\u00f3n de tu inter\u00e9s del concejo de Lena al que perteneces. \u00a1Esperemos que te guste!","robots":{"index":"index","follow":"follow","max-snippet":"max-snippet:-1","max-image-preview":"max-image-preview:large","max-video-preview":"max-video-preview:-1"},"canonical":"https:\/\/www.cuencasmineras.com\/index.php\/caudal\/lena\/","og_locale":"es_ES","og_type":"article","og_title":"Lena - CuencasMineras.com","og_description":"Si eres lenense aqu\u00ed tienes toda la informaci\u00f3n de tu inter\u00e9s del concejo de Lena al que perteneces. \u00a1Esperemos que te guste!","og_url":"https:\/\/www.cuencasmineras.com\/index.php\/caudal\/lena\/","article_modified_time":"2021-01-10T22:41:19+00:00","og_image":[{"width":139,"height":250,"url":"https:\/\/www.cuencasmineras.com\/wp-content\/uploads\/2020\/09\/indice.png","type":"image\/png"}],"twitter_card":"summary_large_image","twitter_misc":{"Tiempo de lectura":"3 minutos"},"schema":{"@context":"https:\/\/schema.org","@graph":[{"@type":"WebPage","@id":"https:\/\/www.cuencasmineras.com\/index.php\/caudal\/lena\/","url":"https:\/\/www.cuencasmineras.com\/index.php\/caudal\/lena\/","name":"Lena - CuencasMineras.com","isPartOf":{"@id":"https:\/\/www.cuencasmineras.com\/#website"},"primaryImageOfPage":{"@id":"https:\/\/www.cuencasmineras.com\/index.php\/caudal\/lena\/#primaryimage"},"image":{"@id":"https:\/\/www.cuencasmineras.com\/index.php\/caudal\/lena\/#primaryimage"},"thumbnailUrl":"https:\/\/www.cuencasmineras.com\/wp-content\/uploads\/2020\/09\/indice.png","datePublished":"2020-09-05T19:06:23+00:00","dateModified":"2021-01-10T22:41:19+00:00","description":"Si eres lenense aqu\u00ed tienes toda la informaci\u00f3n de tu inter\u00e9s del concejo de Lena al que perteneces. \u00a1Esperemos que te guste!","breadcrumb":{"@id":"https:\/\/www.cuencasmineras.com\/index.php\/caudal\/lena\/#breadcrumb"},"inLanguage":"es","potentialAction":[{"@type":"ReadAction","target":["https:\/\/www.cuencasmineras.com\/index.php\/caudal\/lena\/"]}]},{"@type":"ImageObject","inLanguage":"es","@id":"https:\/\/www.cuencasmineras.com\/index.php\/caudal\/lena\/#primaryimage","url":"https:\/\/www.cuencasmineras.com\/wp-content\/uploads\/2020\/09\/indice.png","contentUrl":"https:\/\/www.cuencasmineras.com\/wp-content\/uploads\/2020\/09\/indice.png","width":139,"height":250,"caption":"Lena"},{"@type":"BreadcrumbList","@id":"https:\/\/www.cuencasmineras.com\/index.php\/caudal\/lena\/#breadcrumb","itemListElement":[{"@type":"ListItem","position":1,"name":"Portada","item":"https:\/\/www.cuencasmineras.com\/"},{"@type":"ListItem","position":2,"name":"CAUDAL","item":"https:\/\/www.cuencasmineras.com\/index.php\/caudal\/"},{"@type":"ListItem","position":3,"name":"Lena"}]},{"@type":"WebSite","@id":"https:\/\/www.cuencasmineras.com\/#website","url":"https:\/\/www.cuencasmineras.com\/","name":"","description":"","potentialAction":[{"@type":"SearchAction","target":{"@type":"EntryPoint","urlTemplate":"https:\/\/www.cuencasmineras.com\/?s={search_term_string}"},"query-input":{"@type":"PropertyValueSpecification","valueRequired":true,"valueName":"search_term_string"}}],"inLanguage":"es"}]}},"_links":{"self":[{"href":"https:\/\/www.cuencasmineras.com\/index.php\/wp-json\/wp\/v2\/pages\/65","targetHints":{"allow":["GET"]}}],"collection":[{"href":"https:\/\/www.cuencasmineras.com\/index.php\/wp-json\/wp\/v2\/pages"}],"about":[{"href":"https:\/\/www.cuencasmineras.com\/index.php\/wp-json\/wp\/v2\/types\/page"}],"author":[{"embeddable":true,"href":"https:\/\/www.cuencasmineras.com\/index.php\/wp-json\/wp\/v2\/users\/1"}],"replies":[{"embeddable":true,"href":"https:\/\/www.cuencasmineras.com\/index.php\/wp-json\/wp\/v2\/comments?post=65"}],"version-history":[{"count":12,"href":"https:\/\/www.cuencasmineras.com\/index.php\/wp-json\/wp\/v2\/pages\/65\/revisions"}],"predecessor-version":[{"id":1632,"href":"https:\/\/www.cuencasmineras.com\/index.php\/wp-json\/wp\/v2\/pages\/65\/revisions\/1632"}],"up":[{"embeddable":true,"href":"https:\/\/www.cuencasmineras.com\/index.php\/wp-json\/wp\/v2\/pages\/51"}],"wp:featuredmedia":[{"embeddable":true,"href":"https:\/\/www.cuencasmineras.com\/index.php\/wp-json\/wp\/v2\/media\/237"}],"wp:attachment":[{"href":"https:\/\/www.cuencasmineras.com\/index.php\/wp-json\/wp\/v2\/media?parent=65"}],"curies":[{"name":"wp","href":"https:\/\/api.w.org\/{rel}","templated":true}]}}