{"id":73,"date":"2020-09-05T19:08:02","date_gmt":"2020-09-05T19:08:02","guid":{"rendered":"https:\/\/www.cuencasmineras.com\/?page_id=73"},"modified":"2021-01-10T22:51:44","modified_gmt":"2021-01-10T22:51:44","slug":"ribera-de-arriba","status":"publish","type":"page","link":"https:\/\/www.cuencasmineras.com\/index.php\/caudal\/ribera-de-arriba\/","title":{"rendered":"Ribera de Arriba"},"content":{"rendered":"<h3><a href=\"https:\/\/www.ayto-riberadearriba.es\/\"><img loading=\"lazy\" decoding=\"async\" class=\"aligncenter size-full wp-image-1638\" src=\"https:\/\/www.cuencasmineras.com\/wp-content\/uploads\/2021\/01\/Ribera-de-arriba-banner.png\" alt=\"\" width=\"1411\" height=\"412\" srcset=\"https:\/\/www.cuencasmineras.com\/wp-content\/uploads\/2021\/01\/Ribera-de-arriba-banner.png 1411w, https:\/\/www.cuencasmineras.com\/wp-content\/uploads\/2021\/01\/Ribera-de-arriba-banner-300x88.png 300w, https:\/\/www.cuencasmineras.com\/wp-content\/uploads\/2021\/01\/Ribera-de-arriba-banner-1024x299.png 1024w, https:\/\/www.cuencasmineras.com\/wp-content\/uploads\/2021\/01\/Ribera-de-arriba-banner-768x224.png 768w\" sizes=\"auto, (max-width: 1411px) 100vw, 1411px\" \/><\/a><\/h3>\n<h3><strong>ADMINISTRACI\u00d3N GENERAL<\/strong><\/h3>\n<p><a href=\"tel: 985 79 60 09\" data-wpel-link=\"internal\">Llamar: 985 79 60 09<\/a><br \/>\nE-mail: atencionalciudadano@ayto-riberadearriba.es<\/p>\n<p>Ayto. La Ribera\/Ribera de Arriba &#8211; Planta baja<br \/>\nPl. de la Constituci\u00f3n, s\/n<br \/>\n33172 &#8211; Soto Ribera<br \/>\n<strong>Horario: <\/strong>Lunes a viernes, 8:30 &#8211; 14:30h<br \/>\n<strong>Horario del 15\/junio al 15\/septiembre:<\/strong> Lunes a viernes, 8:30 &#8211; 14:30h.<\/p>\n<p><strong>Registro General<\/strong><\/p>\n<p><a href=\"tel:985 79 60 09\" data-wpel-link=\"internal\">Llamar: 985 79 60 09<\/a><br \/>\n<strong>Horario:<\/strong> Lunes a viernes, 8:30 &#8211; 15h. S\u00e1bados: cerrado.<br \/>\nHorario del 15\/junio al 15\/septiembre: Lunes a viernes: 8:30 -14:30h<\/p>\n<p><strong>Horario del 15\/junio al 15\/septiembre:<\/strong> Lunes a viernes, 8:30 &#8211; 14:30h.<\/p>\n<p><strong>Arquitecto municipal<\/strong><\/p>\n<p><a href=\"tel:985 79 60 09\" data-wpel-link=\"internal\">Llamar: 985 79 60 09<\/a><br \/>\n<strong>Horario de atenci\u00f3n:<\/strong> Mi\u00e9rcoles, 12 &#8211; 15h<br \/>\nPara visitas fuera de horario, solicite cita previa.<\/p>\n<h3><strong>AGENCIA DE DESARROLLO LOCAL<\/strong><\/h3>\n<p><a href=\"tel:985 79 60 09\" data-wpel-link=\"internal\">Llamar: 985 79 60 09<\/a><br \/>\n<strong>Horario:<\/strong> Jueves, 9:30 &#8211; 13:30h<\/p>\n<h3><strong>ALMAC\u00c9N MUNICIPAL<\/strong><\/h3>\n<p><a href=\"tel:985 79 68 73\" data-wpel-link=\"internal\">Llamar: 985 79 68 73<\/a><br \/>\nLa C\u00e1rcava, s\/n<br \/>\n33171 &#8211; Ferreros<br \/>\n<strong>Horario:<\/strong> Lunes a viernes, 8:30 &#8211; 15:00h<br \/>\n<strong>Horario del 15\/junio al 15\/septiembre:<\/strong> Lunes a viernes, 8:30 &#8211; 14:30h.<\/p>\n<h3><strong>BIBLIOTECA P\u00daBLICA<\/strong><\/h3>\n<p><a href=\"tel:985 79 71 72\" data-wpel-link=\"internal\">Llamar: 985 79 71 72<\/a><br \/>\nEdif. Servicios M\u00faltiples &#8211; Segunda planta<br \/>\nPl. de la Cultura, s\/n<br \/>\n33172 &#8211; Soto Ribera<br \/>\n<strong>Horario:<\/strong> Lunes, mi\u00e9rcoles y jueves, 14 &#8211; 19h. Martes: 10-19h. Viernes,\u00a0 9:30 &#8211; 15h<br \/>\n<strong>Horario del 15\/junio al 15\/septiembre:\u00a0<\/strong>Lunes a viernes, 8:30 &#8211; 14:30h.<\/p>\n<h3><strong>CDTL (Telecentro)<\/strong><\/h3>\n<p><a href=\"tel:985 79 71 72\" data-wpel-link=\"internal\">Llamar: 985 79 71 72<\/a><br \/>\nEdif. Servicios M\u00faltiples &#8211; Tercera planta<br \/>\n<strong>Horario:<\/strong> Lunes a jueves, 14 &#8211; 19h. , Viernes,\u00a0 10:00 &#8211; 15h<br \/>\n<strong>Horario del 15\/junio al 15\/septiembre<\/strong>:\u00a0Lunes a viernes, 8:30 &#8211; 14:30h.<\/p>\n<h3><strong>COLEGIO P\u00daBLICO<\/strong><\/h3>\n<p><a href=\"tel:985 79 68 80\" data-wpel-link=\"internal\">Llamar: 985 79 68 80<\/a><br \/>\nEl Polleo, s\/n<br \/>\n33172 &#8211; Soto Ribera<br \/>\n<strong>Horario<\/strong>: Lunes a viernes: 9-15h.<\/p>\n<h3><strong>CORREOS<\/strong><\/h3>\n<p>Edif. Servicios M\u00faltiples, planta baja<br \/>\nPl. de la Cultura, s\/n<br \/>\n33172 &#8211; Soto Ribera<br \/>\nHorario: Lunes a viernes, 8:30-10h<\/p>\n<h3>GUARDA FORESTAL<\/h3>\n<p><a href=\"tel:985 79 60 09\" data-wpel-link=\"internal\">Llamar: 985 79 60 09<\/a><br \/>\nAyto. La Ribera\/Ribera de Arriba &#8211; Planta segunda.<br \/>\nPl. de la Constituci\u00f3n, s\/n<br \/>\n33172 &#8211; Soto Ribera<\/p>\n<p><strong>Horario:<\/strong> Miercoles, 13:00 &#8211; 13:30h\u00a0 cada 15 d\u00edas.<\/p>\n<h3><strong>GUARDIA CIVIL<\/strong><\/h3>\n<p><a href=\"tel:985 79 67 55\" data-wpel-link=\"internal\">Llamar:985 79 67 55<\/a><br \/>\nC\/ La Rampla, 13<br \/>\n33172 &#8211; Soto Ribera<br \/>\n<strong>Horario<\/strong>: Lunes a domingo,\u00a0 9-14h<\/p>\n<h3><strong>INSTALACIONES DEPORTIVAS<\/strong><\/h3>\n<p><a href=\"tel:985 79 70 58\" data-wpel-link=\"internal\">Llamar:985 79 70 58<\/a><br \/>\nEl Llosal\u00edn<br \/>\n33171 &#8211; G\u00fce\u00f1u\/Bue\u00f1o<\/p>\n<h3><strong>JUZGADO DE PAZ<\/strong><\/h3>\n<p><a href=\"tel:602226496\" data-wpel-link=\"internal\">Llamar: 602226496<\/a><br \/>\nCentro rural polivalente\u00a0 C\/ La Viesca (antiguas escuelas de soto de Ribera).<br \/>\n33172 &#8211; Soto Ribera<br \/>\n<strong>Horario: <\/strong>Lunes a viernes, 9-14h<\/p>\n<h3><strong>SERVICIOS SOCIALES<\/strong><\/h3>\n<p><strong>Centro Intermunipal de Servicios Sociales\u00a0(CISS)<\/strong><\/p>\n<p><a href=\"tel:602224453\" data-wpel-link=\"internal\">Llamar: 602224453<\/a><br \/>\nCentro rural polivalente\u00a0 C\/ La Viesca\u00a0 (antiguas escuelas de soto de Ribera).<br \/>\n33172 &#8211; Soto Ribera<br \/>\n<strong>Horario<\/strong>: Lunes, 10-14h<\/p>\n<p><strong>Educadora Social<\/strong><\/p>\n<p><a href=\"tel:985 79 68 58\" data-wpel-link=\"internal\">Llamar: 985 79 68 58<\/a><br \/>\nLa Llosa, 12<br \/>\n33171 &#8211; Ferreros<br \/>\n<strong>Horario<\/strong>: Lunes a viernes: 10-14h.<\/p>\n<h3>SERVICIOS SANITARIOS<\/h3>\n<p><strong>Centro de Salud<\/strong><\/p>\n<p><a href=\"tel:985 79 65 32\" data-wpel-link=\"internal\">Llamar: 985 79 65 32<\/a><br \/>\n<a href=\"tel:985 79 60 60\" data-wpel-link=\"internal\">Llamar: 985 79 60 60<\/a><br \/>\nUrgencias: 112<br \/>\nEdif. Servicios M\u00faltiples &#8211; Plantas baja y primera<br \/>\nPl. de la Cultura, s\/n<br \/>\n33172 &#8211; Soto Ribera<br \/>\n<strong>Horario:<\/strong> Lunes a viernes, 8 &#8211; 15h.<\/p>\n<p><strong>Farmacia<\/strong><\/p>\n<p><a href=\"tel:985 79 60 14\" data-wpel-link=\"internal\">Llamar: 985 79 60 14<\/a><br \/>\nPl. <span class=\"st\">Daira Echedeiria<\/span>, s\/n<br \/>\n<strong>Horario<\/strong>: Lunes a viernes: 9:30-14h y 16:30-19h. S\u00e1bado:9:30-13h<\/p>\n","protected":false},"excerpt":{"rendered":"<p>ADMINISTRACI\u00d3N GENERAL Llamar: 985 79 60 09 E-mail: atencionalciudadano@ayto-riberadearriba.es Ayto. La Ribera\/Ribera de Arriba &#8211; Planta baja Pl. de la Constituci\u00f3n, s\/n 33172 &#8211; Soto Ribera Horario: Lunes a viernes, 8:30 &#8211; 14:30h Horario del 15\/junio al 15\/septiembre: Lunes a viernes, 8:30 &#8211; 14:30h. Registro General Llamar: 985 79 60 09 Horario: Lunes a viernes, [&hellip;]<\/p>\n","protected":false},"author":1,"featured_media":241,"parent":51,"menu_order":0,"comment_status":"closed","ping_status":"closed","template":"","meta":{"footnotes":""},"class_list":["post-73","page","type-page","status-publish","has-post-thumbnail","hentry"],"yoast_head":"<!-- This site is optimized with the Yoast SEO plugin v27.4 - https:\/\/yoast.com\/product\/yoast-seo-wordpress\/ -->\n<title>Ribera de Arriba - CuencasMineras.com<\/title>\n<meta name=\"description\" content=\"Si eres habitante de Ribera de Arriba aqu\u00ed tienes toda la informaci\u00f3n de tu inter\u00e9s del concejo al que perteneces. \u00a1Esperemos que te guste!\" \/>\n<meta name=\"robots\" content=\"index, follow, max-snippet:-1, max-image-preview:large, max-video-preview:-1\" \/>\n<link rel=\"canonical\" href=\"https:\/\/www.cuencasmineras.com\/index.php\/caudal\/ribera-de-arriba\/\" \/>\n<meta property=\"og:locale\" content=\"es_ES\" \/>\n<meta property=\"og:type\" content=\"article\" \/>\n<meta property=\"og:title\" content=\"Ribera de Arriba - CuencasMineras.com\" \/>\n<meta property=\"og:description\" content=\"Si eres habitante de Ribera de Arriba aqu\u00ed tienes toda la informaci\u00f3n de tu inter\u00e9s del concejo al que perteneces. \u00a1Esperemos que te guste!\" \/>\n<meta property=\"og:url\" content=\"https:\/\/www.cuencasmineras.com\/index.php\/caudal\/ribera-de-arriba\/\" \/>\n<meta property=\"article:modified_time\" content=\"2021-01-10T22:51:44+00:00\" \/>\n<meta property=\"og:image\" content=\"https:\/\/www.cuencasmineras.com\/wp-content\/uploads\/2020\/09\/1200px-Flag_riberadearriba.svg.png\" \/>\n\t<meta property=\"og:image:width\" content=\"1200\" \/>\n\t<meta property=\"og:image:height\" content=\"800\" \/>\n\t<meta property=\"og:image:type\" content=\"image\/png\" \/>\n<meta name=\"twitter:card\" content=\"summary_large_image\" \/>\n<meta name=\"twitter:label1\" content=\"Tiempo de lectura\" \/>\n\t<meta name=\"twitter:data1\" content=\"2 minutos\" \/>\n<script type=\"application\/ld+json\" class=\"yoast-schema-graph\">{\"@context\":\"https:\\\/\\\/schema.org\",\"@graph\":[{\"@type\":\"WebPage\",\"@id\":\"https:\\\/\\\/www.cuencasmineras.com\\\/index.php\\\/caudal\\\/ribera-de-arriba\\\/\",\"url\":\"https:\\\/\\\/www.cuencasmineras.com\\\/index.php\\\/caudal\\\/ribera-de-arriba\\\/\",\"name\":\"Ribera de Arriba - CuencasMineras.com\",\"isPartOf\":{\"@id\":\"https:\\\/\\\/www.cuencasmineras.com\\\/#website\"},\"primaryImageOfPage\":{\"@id\":\"https:\\\/\\\/www.cuencasmineras.com\\\/index.php\\\/caudal\\\/ribera-de-arriba\\\/#primaryimage\"},\"image\":{\"@id\":\"https:\\\/\\\/www.cuencasmineras.com\\\/index.php\\\/caudal\\\/ribera-de-arriba\\\/#primaryimage\"},\"thumbnailUrl\":\"https:\\\/\\\/www.cuencasmineras.com\\\/wp-content\\\/uploads\\\/2020\\\/09\\\/1200px-Flag_riberadearriba.svg.png\",\"datePublished\":\"2020-09-05T19:08:02+00:00\",\"dateModified\":\"2021-01-10T22:51:44+00:00\",\"description\":\"Si eres habitante de Ribera de Arriba aqu\u00ed tienes toda la informaci\u00f3n de tu inter\u00e9s del concejo al que perteneces. \u00a1Esperemos que te guste!\",\"breadcrumb\":{\"@id\":\"https:\\\/\\\/www.cuencasmineras.com\\\/index.php\\\/caudal\\\/ribera-de-arriba\\\/#breadcrumb\"},\"inLanguage\":\"es\",\"potentialAction\":[{\"@type\":\"ReadAction\",\"target\":[\"https:\\\/\\\/www.cuencasmineras.com\\\/index.php\\\/caudal\\\/ribera-de-arriba\\\/\"]}]},{\"@type\":\"ImageObject\",\"inLanguage\":\"es\",\"@id\":\"https:\\\/\\\/www.cuencasmineras.com\\\/index.php\\\/caudal\\\/ribera-de-arriba\\\/#primaryimage\",\"url\":\"https:\\\/\\\/www.cuencasmineras.com\\\/wp-content\\\/uploads\\\/2020\\\/09\\\/1200px-Flag_riberadearriba.svg.png\",\"contentUrl\":\"https:\\\/\\\/www.cuencasmineras.com\\\/wp-content\\\/uploads\\\/2020\\\/09\\\/1200px-Flag_riberadearriba.svg.png\",\"width\":1200,\"height\":800,\"caption\":\"Ribera de Arriba\"},{\"@type\":\"BreadcrumbList\",\"@id\":\"https:\\\/\\\/www.cuencasmineras.com\\\/index.php\\\/caudal\\\/ribera-de-arriba\\\/#breadcrumb\",\"itemListElement\":[{\"@type\":\"ListItem\",\"position\":1,\"name\":\"Portada\",\"item\":\"https:\\\/\\\/www.cuencasmineras.com\\\/\"},{\"@type\":\"ListItem\",\"position\":2,\"name\":\"CAUDAL\",\"item\":\"https:\\\/\\\/www.cuencasmineras.com\\\/index.php\\\/caudal\\\/\"},{\"@type\":\"ListItem\",\"position\":3,\"name\":\"Ribera de Arriba\"}]},{\"@type\":\"WebSite\",\"@id\":\"https:\\\/\\\/www.cuencasmineras.com\\\/#website\",\"url\":\"https:\\\/\\\/www.cuencasmineras.com\\\/\",\"name\":\"\",\"description\":\"\",\"potentialAction\":[{\"@type\":\"SearchAction\",\"target\":{\"@type\":\"EntryPoint\",\"urlTemplate\":\"https:\\\/\\\/www.cuencasmineras.com\\\/?s={search_term_string}\"},\"query-input\":{\"@type\":\"PropertyValueSpecification\",\"valueRequired\":true,\"valueName\":\"search_term_string\"}}],\"inLanguage\":\"es\"}]}<\/script>\n<!-- \/ Yoast SEO plugin. -->","yoast_head_json":{"title":"Ribera de Arriba - CuencasMineras.com","description":"Si eres habitante de Ribera de Arriba aqu\u00ed tienes toda la informaci\u00f3n de tu inter\u00e9s del concejo al que perteneces. \u00a1Esperemos que te guste!","robots":{"index":"index","follow":"follow","max-snippet":"max-snippet:-1","max-image-preview":"max-image-preview:large","max-video-preview":"max-video-preview:-1"},"canonical":"https:\/\/www.cuencasmineras.com\/index.php\/caudal\/ribera-de-arriba\/","og_locale":"es_ES","og_type":"article","og_title":"Ribera de Arriba - CuencasMineras.com","og_description":"Si eres habitante de Ribera de Arriba aqu\u00ed tienes toda la informaci\u00f3n de tu inter\u00e9s del concejo al que perteneces. \u00a1Esperemos que te guste!","og_url":"https:\/\/www.cuencasmineras.com\/index.php\/caudal\/ribera-de-arriba\/","article_modified_time":"2021-01-10T22:51:44+00:00","og_image":[{"width":1200,"height":800,"url":"https:\/\/www.cuencasmineras.com\/wp-content\/uploads\/2020\/09\/1200px-Flag_riberadearriba.svg.png","type":"image\/png"}],"twitter_card":"summary_large_image","twitter_misc":{"Tiempo de lectura":"2 minutos"},"schema":{"@context":"https:\/\/schema.org","@graph":[{"@type":"WebPage","@id":"https:\/\/www.cuencasmineras.com\/index.php\/caudal\/ribera-de-arriba\/","url":"https:\/\/www.cuencasmineras.com\/index.php\/caudal\/ribera-de-arriba\/","name":"Ribera de Arriba - CuencasMineras.com","isPartOf":{"@id":"https:\/\/www.cuencasmineras.com\/#website"},"primaryImageOfPage":{"@id":"https:\/\/www.cuencasmineras.com\/index.php\/caudal\/ribera-de-arriba\/#primaryimage"},"image":{"@id":"https:\/\/www.cuencasmineras.com\/index.php\/caudal\/ribera-de-arriba\/#primaryimage"},"thumbnailUrl":"https:\/\/www.cuencasmineras.com\/wp-content\/uploads\/2020\/09\/1200px-Flag_riberadearriba.svg.png","datePublished":"2020-09-05T19:08:02+00:00","dateModified":"2021-01-10T22:51:44+00:00","description":"Si eres habitante de Ribera de Arriba aqu\u00ed tienes toda la informaci\u00f3n de tu inter\u00e9s del concejo al que perteneces. \u00a1Esperemos que te guste!","breadcrumb":{"@id":"https:\/\/www.cuencasmineras.com\/index.php\/caudal\/ribera-de-arriba\/#breadcrumb"},"inLanguage":"es","potentialAction":[{"@type":"ReadAction","target":["https:\/\/www.cuencasmineras.com\/index.php\/caudal\/ribera-de-arriba\/"]}]},{"@type":"ImageObject","inLanguage":"es","@id":"https:\/\/www.cuencasmineras.com\/index.php\/caudal\/ribera-de-arriba\/#primaryimage","url":"https:\/\/www.cuencasmineras.com\/wp-content\/uploads\/2020\/09\/1200px-Flag_riberadearriba.svg.png","contentUrl":"https:\/\/www.cuencasmineras.com\/wp-content\/uploads\/2020\/09\/1200px-Flag_riberadearriba.svg.png","width":1200,"height":800,"caption":"Ribera de Arriba"},{"@type":"BreadcrumbList","@id":"https:\/\/www.cuencasmineras.com\/index.php\/caudal\/ribera-de-arriba\/#breadcrumb","itemListElement":[{"@type":"ListItem","position":1,"name":"Portada","item":"https:\/\/www.cuencasmineras.com\/"},{"@type":"ListItem","position":2,"name":"CAUDAL","item":"https:\/\/www.cuencasmineras.com\/index.php\/caudal\/"},{"@type":"ListItem","position":3,"name":"Ribera de Arriba"}]},{"@type":"WebSite","@id":"https:\/\/www.cuencasmineras.com\/#website","url":"https:\/\/www.cuencasmineras.com\/","name":"","description":"","potentialAction":[{"@type":"SearchAction","target":{"@type":"EntryPoint","urlTemplate":"https:\/\/www.cuencasmineras.com\/?s={search_term_string}"},"query-input":{"@type":"PropertyValueSpecification","valueRequired":true,"valueName":"search_term_string"}}],"inLanguage":"es"}]}},"_links":{"self":[{"href":"https:\/\/www.cuencasmineras.com\/index.php\/wp-json\/wp\/v2\/pages\/73","targetHints":{"allow":["GET"]}}],"collection":[{"href":"https:\/\/www.cuencasmineras.com\/index.php\/wp-json\/wp\/v2\/pages"}],"about":[{"href":"https:\/\/www.cuencasmineras.com\/index.php\/wp-json\/wp\/v2\/types\/page"}],"author":[{"embeddable":true,"href":"https:\/\/www.cuencasmineras.com\/index.php\/wp-json\/wp\/v2\/users\/1"}],"replies":[{"embeddable":true,"href":"https:\/\/www.cuencasmineras.com\/index.php\/wp-json\/wp\/v2\/comments?post=73"}],"version-history":[{"count":9,"href":"https:\/\/www.cuencasmineras.com\/index.php\/wp-json\/wp\/v2\/pages\/73\/revisions"}],"predecessor-version":[{"id":1640,"href":"https:\/\/www.cuencasmineras.com\/index.php\/wp-json\/wp\/v2\/pages\/73\/revisions\/1640"}],"up":[{"embeddable":true,"href":"https:\/\/www.cuencasmineras.com\/index.php\/wp-json\/wp\/v2\/pages\/51"}],"wp:featuredmedia":[{"embeddable":true,"href":"https:\/\/www.cuencasmineras.com\/index.php\/wp-json\/wp\/v2\/media\/241"}],"wp:attachment":[{"href":"https:\/\/www.cuencasmineras.com\/index.php\/wp-json\/wp\/v2\/media?parent=73"}],"curies":[{"name":"wp","href":"https:\/\/api.w.org\/{rel}","templated":true}]}}