{"id":79,"date":"2020-09-05T19:09:50","date_gmt":"2020-09-05T19:09:50","guid":{"rendered":"https:\/\/www.cuencasmineras.com\/?page_id=79"},"modified":"2021-01-10T23:10:57","modified_gmt":"2021-01-10T23:10:57","slug":"sobrescobio","status":"publish","type":"page","link":"https:\/\/www.cuencasmineras.com\/index.php\/nalon\/sobrescobio\/","title":{"rendered":"Sobrescobio"},"content":{"rendered":"<p><a href=\"https:\/\/www.ayto-sobrescobio.es\/\"><img loading=\"lazy\" decoding=\"async\" class=\"aligncenter size-full wp-image-1650\" src=\"https:\/\/www.cuencasmineras.com\/wp-content\/uploads\/2021\/01\/sobrescobio-baner.png\" alt=\"\" width=\"1392\" height=\"424\" srcset=\"https:\/\/www.cuencasmineras.com\/wp-content\/uploads\/2021\/01\/sobrescobio-baner.png 1392w, https:\/\/www.cuencasmineras.com\/wp-content\/uploads\/2021\/01\/sobrescobio-baner-300x91.png 300w, https:\/\/www.cuencasmineras.com\/wp-content\/uploads\/2021\/01\/sobrescobio-baner-1024x312.png 1024w, https:\/\/www.cuencasmineras.com\/wp-content\/uploads\/2021\/01\/sobrescobio-baner-768x234.png 768w\" sizes=\"auto, (max-width: 1392px) 100vw, 1392px\" \/><\/a><\/p>\n<table border=\"1\" cellspacing=\"1\" cellpadding=\"1\">\n<tbody>\n<tr>\n<td colspan=\"2\"><strong>TELEFONOS DEL AYUNTAMIENTO<\/strong><\/td>\n<\/tr>\n<tr>\n<td>AYUNTAMIENTO<\/td>\n<td><a href=\"tel:985 609 005\">Llamar: 985 609 005<\/a><\/p>\n<p><a href=\"tel:985 609 211\">Llamar: 985 609 211<\/a><\/td>\n<\/tr>\n<tr>\n<td>AYUNTAMIENTO (Fax)<\/td>\n<td>985 609 171<\/td>\n<\/tr>\n<tr>\n<td>OFICINA DE TURISMO<\/td>\n<td><a href=\"tel:985 609 128\">Llamar: 985 609 128<\/a><\/td>\n<\/tr>\n<tr>\n<td>BIBLIOTECA<\/td>\n<td><a href=\"tel:985 60 80 02\">Llamar: 985 60 80 02<\/a><\/td>\n<\/tr>\n<tr>\n<td>TELECENTRO<\/td>\n<td><a href=\"tel:985 60 80 02\">Llamar: 985 60 80 02<\/a><\/td>\n<\/tr>\n<tr>\n<td>CENTRO CULTURAL VICENTE ALVAREZ<\/td>\n<td><a href=\"tel:985 609 313\">Llamar: 985 609 313<\/a><\/td>\n<\/tr>\n<\/tbody>\n<\/table>\n<p>&nbsp;<\/p>\n<table border=\"1\" cellspacing=\"1\" cellpadding=\"1\">\n<tbody>\n<tr>\n<td colspan=\"2\"><strong>TELEFONOS DE URGENCIAS<\/strong><\/td>\n<\/tr>\n<tr>\n<td>CENTRO DE SALUD<\/td>\n<td><a href=\"tel:985 609 702\">Llamar: 985 609 702<\/a><\/td>\n<\/tr>\n<tr>\n<td>PROTECCI\u00d3N CIVIL<\/td>\n<td><a href=\"tel:1006\">Llamar: 1006<\/a><\/td>\n<\/tr>\n<tr>\n<td>BOMBEROS<\/td>\n<td><a href=\"tel:080\">Llamar: 080<\/a><\/td>\n<\/tr>\n<tr>\n<td>EMERGENCIAS<\/td>\n<td><a href=\"tel:112\">Llamar: 112<\/a><\/td>\n<\/tr>\n<\/tbody>\n<\/table>\n","protected":false},"excerpt":{"rendered":"<p>TELEFONOS DEL AYUNTAMIENTO AYUNTAMIENTO Llamar: 985 609 005 Llamar: 985 609 211 AYUNTAMIENTO (Fax) 985 609 171 OFICINA DE TURISMO Llamar: 985 609 128 BIBLIOTECA Llamar: 985 60 80 02 TELECENTRO Llamar: 985 60 80 02 CENTRO CULTURAL VICENTE ALVAREZ Llamar: 985 609 313 &nbsp; TELEFONOS DE URGENCIAS CENTRO DE SALUD Llamar: 985 609 702 [&hellip;]<\/p>\n","protected":false},"author":1,"featured_media":266,"parent":53,"menu_order":0,"comment_status":"closed","ping_status":"closed","template":"","meta":{"footnotes":""},"class_list":["post-79","page","type-page","status-publish","has-post-thumbnail","hentry"],"yoast_head":"<!-- This site is optimized with the Yoast SEO plugin v27.4 - https:\/\/yoast.com\/product\/yoast-seo-wordpress\/ -->\n<title>Concejo de Sobrescobio - CuencasMineras.com<\/title>\n<meta name=\"description\" content=\"Si eres habitante de Sobrescobio aqu\u00ed tienes toda la informaci\u00f3n de tu inter\u00e9s del concejo al que perteneces. \u00a1Esperemos que te guste!\" \/>\n<meta name=\"robots\" content=\"index, follow, max-snippet:-1, max-image-preview:large, max-video-preview:-1\" \/>\n<link rel=\"canonical\" href=\"https:\/\/www.cuencasmineras.com\/index.php\/nalon\/sobrescobio\/\" \/>\n<meta property=\"og:locale\" content=\"es_ES\" \/>\n<meta property=\"og:type\" content=\"article\" \/>\n<meta property=\"og:title\" content=\"Concejo de Sobrescobio - CuencasMineras.com\" \/>\n<meta property=\"og:description\" content=\"Si eres habitante de Sobrescobio aqu\u00ed tienes toda la informaci\u00f3n de tu inter\u00e9s del concejo al que perteneces. \u00a1Esperemos que te guste!\" \/>\n<meta property=\"og:url\" content=\"https:\/\/www.cuencasmineras.com\/index.php\/nalon\/sobrescobio\/\" \/>\n<meta property=\"article:modified_time\" content=\"2021-01-10T23:10:57+00:00\" \/>\n<meta property=\"og:image\" content=\"https:\/\/www.cuencasmineras.com\/wp-content\/uploads\/2020\/09\/W_Escudo_Sobrescobio.jpg\" \/>\n\t<meta property=\"og:image:width\" content=\"231\" \/>\n\t<meta property=\"og:image:height\" content=\"300\" \/>\n\t<meta property=\"og:image:type\" content=\"image\/jpeg\" \/>\n<meta name=\"twitter:card\" content=\"summary_large_image\" \/>\n<script type=\"application\/ld+json\" class=\"yoast-schema-graph\">{\"@context\":\"https:\\\/\\\/schema.org\",\"@graph\":[{\"@type\":\"WebPage\",\"@id\":\"https:\\\/\\\/www.cuencasmineras.com\\\/index.php\\\/nalon\\\/sobrescobio\\\/\",\"url\":\"https:\\\/\\\/www.cuencasmineras.com\\\/index.php\\\/nalon\\\/sobrescobio\\\/\",\"name\":\"Concejo de Sobrescobio - CuencasMineras.com\",\"isPartOf\":{\"@id\":\"https:\\\/\\\/www.cuencasmineras.com\\\/#website\"},\"primaryImageOfPage\":{\"@id\":\"https:\\\/\\\/www.cuencasmineras.com\\\/index.php\\\/nalon\\\/sobrescobio\\\/#primaryimage\"},\"image\":{\"@id\":\"https:\\\/\\\/www.cuencasmineras.com\\\/index.php\\\/nalon\\\/sobrescobio\\\/#primaryimage\"},\"thumbnailUrl\":\"https:\\\/\\\/www.cuencasmineras.com\\\/wp-content\\\/uploads\\\/2020\\\/09\\\/W_Escudo_Sobrescobio.jpg\",\"datePublished\":\"2020-09-05T19:09:50+00:00\",\"dateModified\":\"2021-01-10T23:10:57+00:00\",\"description\":\"Si eres habitante de Sobrescobio aqu\u00ed tienes toda la informaci\u00f3n de tu inter\u00e9s del concejo al que perteneces. \u00a1Esperemos que te guste!\",\"breadcrumb\":{\"@id\":\"https:\\\/\\\/www.cuencasmineras.com\\\/index.php\\\/nalon\\\/sobrescobio\\\/#breadcrumb\"},\"inLanguage\":\"es\",\"potentialAction\":[{\"@type\":\"ReadAction\",\"target\":[\"https:\\\/\\\/www.cuencasmineras.com\\\/index.php\\\/nalon\\\/sobrescobio\\\/\"]}]},{\"@type\":\"ImageObject\",\"inLanguage\":\"es\",\"@id\":\"https:\\\/\\\/www.cuencasmineras.com\\\/index.php\\\/nalon\\\/sobrescobio\\\/#primaryimage\",\"url\":\"https:\\\/\\\/www.cuencasmineras.com\\\/wp-content\\\/uploads\\\/2020\\\/09\\\/W_Escudo_Sobrescobio.jpg\",\"contentUrl\":\"https:\\\/\\\/www.cuencasmineras.com\\\/wp-content\\\/uploads\\\/2020\\\/09\\\/W_Escudo_Sobrescobio.jpg\",\"width\":231,\"height\":300},{\"@type\":\"BreadcrumbList\",\"@id\":\"https:\\\/\\\/www.cuencasmineras.com\\\/index.php\\\/nalon\\\/sobrescobio\\\/#breadcrumb\",\"itemListElement\":[{\"@type\":\"ListItem\",\"position\":1,\"name\":\"Portada\",\"item\":\"https:\\\/\\\/www.cuencasmineras.com\\\/\"},{\"@type\":\"ListItem\",\"position\":2,\"name\":\"NAL\u00d3N\",\"item\":\"https:\\\/\\\/www.cuencasmineras.com\\\/index.php\\\/nalon\\\/\"},{\"@type\":\"ListItem\",\"position\":3,\"name\":\"Sobrescobio\"}]},{\"@type\":\"WebSite\",\"@id\":\"https:\\\/\\\/www.cuencasmineras.com\\\/#website\",\"url\":\"https:\\\/\\\/www.cuencasmineras.com\\\/\",\"name\":\"\",\"description\":\"\",\"potentialAction\":[{\"@type\":\"SearchAction\",\"target\":{\"@type\":\"EntryPoint\",\"urlTemplate\":\"https:\\\/\\\/www.cuencasmineras.com\\\/?s={search_term_string}\"},\"query-input\":{\"@type\":\"PropertyValueSpecification\",\"valueRequired\":true,\"valueName\":\"search_term_string\"}}],\"inLanguage\":\"es\"}]}<\/script>\n<!-- \/ Yoast SEO plugin. -->","yoast_head_json":{"title":"Concejo de Sobrescobio - CuencasMineras.com","description":"Si eres habitante de Sobrescobio aqu\u00ed tienes toda la informaci\u00f3n de tu inter\u00e9s del concejo al que perteneces. \u00a1Esperemos que te guste!","robots":{"index":"index","follow":"follow","max-snippet":"max-snippet:-1","max-image-preview":"max-image-preview:large","max-video-preview":"max-video-preview:-1"},"canonical":"https:\/\/www.cuencasmineras.com\/index.php\/nalon\/sobrescobio\/","og_locale":"es_ES","og_type":"article","og_title":"Concejo de Sobrescobio - CuencasMineras.com","og_description":"Si eres habitante de Sobrescobio aqu\u00ed tienes toda la informaci\u00f3n de tu inter\u00e9s del concejo al que perteneces. \u00a1Esperemos que te guste!","og_url":"https:\/\/www.cuencasmineras.com\/index.php\/nalon\/sobrescobio\/","article_modified_time":"2021-01-10T23:10:57+00:00","og_image":[{"width":231,"height":300,"url":"https:\/\/www.cuencasmineras.com\/wp-content\/uploads\/2020\/09\/W_Escudo_Sobrescobio.jpg","type":"image\/jpeg"}],"twitter_card":"summary_large_image","schema":{"@context":"https:\/\/schema.org","@graph":[{"@type":"WebPage","@id":"https:\/\/www.cuencasmineras.com\/index.php\/nalon\/sobrescobio\/","url":"https:\/\/www.cuencasmineras.com\/index.php\/nalon\/sobrescobio\/","name":"Concejo de Sobrescobio - CuencasMineras.com","isPartOf":{"@id":"https:\/\/www.cuencasmineras.com\/#website"},"primaryImageOfPage":{"@id":"https:\/\/www.cuencasmineras.com\/index.php\/nalon\/sobrescobio\/#primaryimage"},"image":{"@id":"https:\/\/www.cuencasmineras.com\/index.php\/nalon\/sobrescobio\/#primaryimage"},"thumbnailUrl":"https:\/\/www.cuencasmineras.com\/wp-content\/uploads\/2020\/09\/W_Escudo_Sobrescobio.jpg","datePublished":"2020-09-05T19:09:50+00:00","dateModified":"2021-01-10T23:10:57+00:00","description":"Si eres habitante de Sobrescobio aqu\u00ed tienes toda la informaci\u00f3n de tu inter\u00e9s del concejo al que perteneces. \u00a1Esperemos que te guste!","breadcrumb":{"@id":"https:\/\/www.cuencasmineras.com\/index.php\/nalon\/sobrescobio\/#breadcrumb"},"inLanguage":"es","potentialAction":[{"@type":"ReadAction","target":["https:\/\/www.cuencasmineras.com\/index.php\/nalon\/sobrescobio\/"]}]},{"@type":"ImageObject","inLanguage":"es","@id":"https:\/\/www.cuencasmineras.com\/index.php\/nalon\/sobrescobio\/#primaryimage","url":"https:\/\/www.cuencasmineras.com\/wp-content\/uploads\/2020\/09\/W_Escudo_Sobrescobio.jpg","contentUrl":"https:\/\/www.cuencasmineras.com\/wp-content\/uploads\/2020\/09\/W_Escudo_Sobrescobio.jpg","width":231,"height":300},{"@type":"BreadcrumbList","@id":"https:\/\/www.cuencasmineras.com\/index.php\/nalon\/sobrescobio\/#breadcrumb","itemListElement":[{"@type":"ListItem","position":1,"name":"Portada","item":"https:\/\/www.cuencasmineras.com\/"},{"@type":"ListItem","position":2,"name":"NAL\u00d3N","item":"https:\/\/www.cuencasmineras.com\/index.php\/nalon\/"},{"@type":"ListItem","position":3,"name":"Sobrescobio"}]},{"@type":"WebSite","@id":"https:\/\/www.cuencasmineras.com\/#website","url":"https:\/\/www.cuencasmineras.com\/","name":"","description":"","potentialAction":[{"@type":"SearchAction","target":{"@type":"EntryPoint","urlTemplate":"https:\/\/www.cuencasmineras.com\/?s={search_term_string}"},"query-input":{"@type":"PropertyValueSpecification","valueRequired":true,"valueName":"search_term_string"}}],"inLanguage":"es"}]}},"_links":{"self":[{"href":"https:\/\/www.cuencasmineras.com\/index.php\/wp-json\/wp\/v2\/pages\/79","targetHints":{"allow":["GET"]}}],"collection":[{"href":"https:\/\/www.cuencasmineras.com\/index.php\/wp-json\/wp\/v2\/pages"}],"about":[{"href":"https:\/\/www.cuencasmineras.com\/index.php\/wp-json\/wp\/v2\/types\/page"}],"author":[{"embeddable":true,"href":"https:\/\/www.cuencasmineras.com\/index.php\/wp-json\/wp\/v2\/users\/1"}],"replies":[{"embeddable":true,"href":"https:\/\/www.cuencasmineras.com\/index.php\/wp-json\/wp\/v2\/comments?post=79"}],"version-history":[{"count":8,"href":"https:\/\/www.cuencasmineras.com\/index.php\/wp-json\/wp\/v2\/pages\/79\/revisions"}],"predecessor-version":[{"id":1651,"href":"https:\/\/www.cuencasmineras.com\/index.php\/wp-json\/wp\/v2\/pages\/79\/revisions\/1651"}],"up":[{"embeddable":true,"href":"https:\/\/www.cuencasmineras.com\/index.php\/wp-json\/wp\/v2\/pages\/53"}],"wp:featuredmedia":[{"embeddable":true,"href":"https:\/\/www.cuencasmineras.com\/index.php\/wp-json\/wp\/v2\/media\/266"}],"wp:attachment":[{"href":"https:\/\/www.cuencasmineras.com\/index.php\/wp-json\/wp\/v2\/media?parent=79"}],"curies":[{"name":"wp","href":"https:\/\/api.w.org\/{rel}","templated":true}]}}