{"id":808,"date":"2020-09-25T11:39:50","date_gmt":"2020-09-25T11:39:50","guid":{"rendered":"https:\/\/www.cuencasmineras.com\/?page_id=808"},"modified":"2020-09-30T16:44:23","modified_gmt":"2020-09-30T16:44:23","slug":"centros-educativos-laviana","status":"publish","type":"page","link":"https:\/\/www.cuencasmineras.com\/index.php\/centros-educativos-laviana\/","title":{"rendered":"Centros educativos Laviana"},"content":{"rendered":"<div class=\"wpb_text_column wpb_content_element \">\n<h2 class=\"wpb_wrapper\"><strong>Relaci\u00f3n de centros escolares y de educaci\u00f3n de Laviana:<\/strong><\/h2>\n<\/div>\n<ul>\n<li><a href=\"https:\/\/www.educastur.es\/directorio-de-centros?p_p_id=directoriocentros_WAR_educasturconsultasportlet&amp;p_p_lifecycle=0&amp;p_p_state=normal&amp;p_p_mode=view&amp;p_p_col_id=column-1&amp;p_p_col_pos=1&amp;p_p_col_count=3&amp;_directoriocentros_WAR_educasturconsultasportlet_mvcPath=%2Fhtml%2Fdirectoriocentros%2Fdatoscentro.jsp&amp;_directoriocentros_WAR_educasturconsultasportlet_centro_id=33008405\" target=\"_blank\" rel=\"noopener noreferrer\">CP. Maximiliano Arboleya<\/a> (Barredos)<\/li>\n<li><a href=\"https:\/\/www.educastur.es\/directorio-de-centros?p_p_id=directoriocentros_WAR_educasturconsultasportlet&amp;p_p_lifecycle=0&amp;p_p_state=normal&amp;p_p_mode=view&amp;p_p_col_id=column-1&amp;p_p_col_pos=1&amp;p_p_col_count=3&amp;_directoriocentros_WAR_educasturconsultasportlet_mvcPath=%2Fhtml%2Fdirectoriocentros%2Fdatoscentro.jsp&amp;_directoriocentros_WAR_educasturconsultasportlet_centro_id=33020090\" target=\"_blank\" rel=\"noopener noreferrer\">IES Alto Nal\u00f3n<\/a> (Barredos)<\/li>\n<li><a href=\"https:\/\/www.educastur.es\/directorio-de-centros?p_p_id=directoriocentros_WAR_educasturconsultasportlet&amp;p_p_lifecycle=0&amp;p_p_state=normal&amp;p_p_mode=view&amp;p_p_col_id=column-1&amp;p_p_col_pos=1&amp;p_p_col_count=3&amp;_directoriocentros_WAR_educasturconsultasportlet_mvcPath=%2Fhtml%2Fdirectoriocentros%2Fdatoscentro.jsp&amp;_directoriocentros_WAR_educasturconsultasportlet_centro_id=33027989\" target=\"_blank\" rel=\"noopener noreferrer\">CRA Alto Nal\u00f3n<\/a> (Condado)<\/li>\n<li><a href=\"https:\/\/www.educastur.es\/directorio-de-centros?p_p_id=directoriocentros_WAR_educasturconsultasportlet&amp;p_p_lifecycle=0&amp;p_p_state=normal&amp;p_p_mode=view&amp;p_p_col_id=column-1&amp;p_p_col_pos=1&amp;p_p_col_count=3&amp;_directoriocentros_WAR_educasturconsultasportlet_mvcPath=%2Fhtml%2Fdirectoriocentros%2Fdatoscentro.jsp&amp;_directoriocentros_WAR_educasturconsultasportlet_centro_id=33008363\" target=\"_blank\" rel=\"noopener noreferrer\">Colegio Maria Inmaculada<\/a> (Pola de Laviana)<\/li>\n<li><a href=\"https:\/\/www.educastur.es\/directorio-de-centros?p_p_id=directoriocentros_WAR_educasturconsultasportlet&amp;p_p_lifecycle=0&amp;p_p_state=normal&amp;p_p_mode=view&amp;p_p_col_id=column-1&amp;p_p_col_pos=1&amp;p_p_col_count=3&amp;_directoriocentros_WAR_educasturconsultasportlet_mvcPath=%2Fhtml%2Fdirectoriocentros%2Fdatoscentro.jsp&amp;_directoriocentros_WAR_educasturconsultasportlet_centro_id=33008351\" target=\"_blank\" rel=\"noopener noreferrer\">CP. Elena S\u00e1nchez Tamargo<\/a> (Pola de Laviana)<\/li>\n<li><a href=\"https:\/\/www.educastur.es\/directorio-de-centros?p_p_id=directoriocentros_WAR_educasturconsultasportlet&amp;p_p_lifecycle=0&amp;p_p_state=normal&amp;p_p_mode=view&amp;p_p_col_id=column-1&amp;p_p_col_pos=1&amp;p_p_col_count=3&amp;_directoriocentros_WAR_educasturconsultasportlet_mvcPath=%2Fhtml%2Fdirectoriocentros%2Fdatoscentro.jsp&amp;_directoriocentros_WAR_educasturconsultasportlet_centro_id=33028349\" target=\"_blank\" rel=\"noopener noreferrer\">EEI El Cascayu<\/a> (Pola de Laviana)<\/li>\n<li><a href=\"https:\/\/www.educastur.es\/directorio-de-centros?p_p_id=directoriocentros_WAR_educasturconsultasportlet&amp;p_p_lifecycle=0&amp;p_p_state=normal&amp;p_p_mode=view&amp;p_p_col_id=column-1&amp;p_p_col_pos=1&amp;p_p_col_count=3&amp;_directoriocentros_WAR_educasturconsultasportlet_mvcPath=%2Fhtml%2Fdirectoriocentros%2Fdatoscentro.jsp&amp;_directoriocentros_WAR_educasturconsultasportlet_centro_id=33008387\" target=\"_blank\" rel=\"noopener noreferrer\">IES David V\u00e1zquez Mart\u00ednez<\/a> (Pola de Laviana)<\/li>\n<\/ul>\n","protected":false},"excerpt":{"rendered":"<p>Relaci\u00f3n de centros escolares y de educaci\u00f3n de Laviana: CP. Maximiliano Arboleya (Barredos) IES Alto Nal\u00f3n (Barredos) CRA Alto Nal\u00f3n (Condado) Colegio Maria Inmaculada (Pola de Laviana) CP. Elena S\u00e1nchez Tamargo (Pola de Laviana) EEI El Cascayu (Pola de Laviana) IES David V\u00e1zquez Mart\u00ednez (Pola de Laviana)<\/p>\n","protected":false},"author":1,"featured_media":1047,"parent":0,"menu_order":0,"comment_status":"closed","ping_status":"closed","template":"","meta":{"footnotes":""},"class_list":["post-808","page","type-page","status-publish","has-post-thumbnail","hentry"],"yoast_head":"<!-- This site is optimized with the Yoast SEO plugin v27.4 - https:\/\/yoast.com\/product\/yoast-seo-wordpress\/ -->\n<title>Centros educativos Laviana - CuencasMineras.com<\/title>\n<meta name=\"description\" content=\"Estos son los tel\u00e9fonos y direcciones los centros educativos y\/o escuelas del concejo de Laviana.\" \/>\n<meta name=\"robots\" content=\"index, follow, max-snippet:-1, max-image-preview:large, max-video-preview:-1\" \/>\n<link rel=\"canonical\" href=\"https:\/\/www.cuencasmineras.com\/index.php\/centros-educativos-laviana\/\" \/>\n<meta property=\"og:locale\" content=\"es_ES\" \/>\n<meta property=\"og:type\" content=\"article\" \/>\n<meta property=\"og:title\" content=\"Centros educativos Laviana - CuencasMineras.com\" \/>\n<meta property=\"og:description\" content=\"Estos son los tel\u00e9fonos y direcciones los centros educativos y\/o escuelas del concejo de Laviana.\" \/>\n<meta property=\"og:url\" content=\"https:\/\/www.cuencasmineras.com\/index.php\/centros-educativos-laviana\/\" \/>\n<meta property=\"article:modified_time\" content=\"2020-09-30T16:44:23+00:00\" \/>\n<meta property=\"og:image\" content=\"https:\/\/www.cuencasmineras.com\/wp-content\/uploads\/2020\/09\/66745_1_thumb.jpg\" \/>\n\t<meta property=\"og:image:width\" content=\"770\" \/>\n\t<meta property=\"og:image:height\" content=\"380\" \/>\n\t<meta property=\"og:image:type\" content=\"image\/jpeg\" \/>\n<meta name=\"twitter:card\" content=\"summary_large_image\" \/>\n<script type=\"application\/ld+json\" class=\"yoast-schema-graph\">{\"@context\":\"https:\\\/\\\/schema.org\",\"@graph\":[{\"@type\":\"WebPage\",\"@id\":\"https:\\\/\\\/www.cuencasmineras.com\\\/index.php\\\/centros-educativos-laviana\\\/\",\"url\":\"https:\\\/\\\/www.cuencasmineras.com\\\/index.php\\\/centros-educativos-laviana\\\/\",\"name\":\"Centros educativos Laviana - CuencasMineras.com\",\"isPartOf\":{\"@id\":\"https:\\\/\\\/www.cuencasmineras.com\\\/#website\"},\"primaryImageOfPage\":{\"@id\":\"https:\\\/\\\/www.cuencasmineras.com\\\/index.php\\\/centros-educativos-laviana\\\/#primaryimage\"},\"image\":{\"@id\":\"https:\\\/\\\/www.cuencasmineras.com\\\/index.php\\\/centros-educativos-laviana\\\/#primaryimage\"},\"thumbnailUrl\":\"https:\\\/\\\/www.cuencasmineras.com\\\/wp-content\\\/uploads\\\/2020\\\/09\\\/66745_1_thumb.jpg\",\"datePublished\":\"2020-09-25T11:39:50+00:00\",\"dateModified\":\"2020-09-30T16:44:23+00:00\",\"description\":\"Estos son los tel\u00e9fonos y direcciones los centros educativos y\\\/o escuelas del concejo de Laviana.\",\"breadcrumb\":{\"@id\":\"https:\\\/\\\/www.cuencasmineras.com\\\/index.php\\\/centros-educativos-laviana\\\/#breadcrumb\"},\"inLanguage\":\"es\",\"potentialAction\":[{\"@type\":\"ReadAction\",\"target\":[\"https:\\\/\\\/www.cuencasmineras.com\\\/index.php\\\/centros-educativos-laviana\\\/\"]}]},{\"@type\":\"ImageObject\",\"inLanguage\":\"es\",\"@id\":\"https:\\\/\\\/www.cuencasmineras.com\\\/index.php\\\/centros-educativos-laviana\\\/#primaryimage\",\"url\":\"https:\\\/\\\/www.cuencasmineras.com\\\/wp-content\\\/uploads\\\/2020\\\/09\\\/66745_1_thumb.jpg\",\"contentUrl\":\"https:\\\/\\\/www.cuencasmineras.com\\\/wp-content\\\/uploads\\\/2020\\\/09\\\/66745_1_thumb.jpg\",\"width\":770,\"height\":380},{\"@type\":\"BreadcrumbList\",\"@id\":\"https:\\\/\\\/www.cuencasmineras.com\\\/index.php\\\/centros-educativos-laviana\\\/#breadcrumb\",\"itemListElement\":[{\"@type\":\"ListItem\",\"position\":1,\"name\":\"Portada\",\"item\":\"https:\\\/\\\/www.cuencasmineras.com\\\/\"},{\"@type\":\"ListItem\",\"position\":2,\"name\":\"Centros educativos Laviana\"}]},{\"@type\":\"WebSite\",\"@id\":\"https:\\\/\\\/www.cuencasmineras.com\\\/#website\",\"url\":\"https:\\\/\\\/www.cuencasmineras.com\\\/\",\"name\":\"\",\"description\":\"\",\"potentialAction\":[{\"@type\":\"SearchAction\",\"target\":{\"@type\":\"EntryPoint\",\"urlTemplate\":\"https:\\\/\\\/www.cuencasmineras.com\\\/?s={search_term_string}\"},\"query-input\":{\"@type\":\"PropertyValueSpecification\",\"valueRequired\":true,\"valueName\":\"search_term_string\"}}],\"inLanguage\":\"es\"}]}<\/script>\n<!-- \/ Yoast SEO plugin. -->","yoast_head_json":{"title":"Centros educativos Laviana - CuencasMineras.com","description":"Estos son los tel\u00e9fonos y direcciones los centros educativos y\/o escuelas del concejo de Laviana.","robots":{"index":"index","follow":"follow","max-snippet":"max-snippet:-1","max-image-preview":"max-image-preview:large","max-video-preview":"max-video-preview:-1"},"canonical":"https:\/\/www.cuencasmineras.com\/index.php\/centros-educativos-laviana\/","og_locale":"es_ES","og_type":"article","og_title":"Centros educativos Laviana - CuencasMineras.com","og_description":"Estos son los tel\u00e9fonos y direcciones los centros educativos y\/o escuelas del concejo de Laviana.","og_url":"https:\/\/www.cuencasmineras.com\/index.php\/centros-educativos-laviana\/","article_modified_time":"2020-09-30T16:44:23+00:00","og_image":[{"width":770,"height":380,"url":"https:\/\/www.cuencasmineras.com\/wp-content\/uploads\/2020\/09\/66745_1_thumb.jpg","type":"image\/jpeg"}],"twitter_card":"summary_large_image","schema":{"@context":"https:\/\/schema.org","@graph":[{"@type":"WebPage","@id":"https:\/\/www.cuencasmineras.com\/index.php\/centros-educativos-laviana\/","url":"https:\/\/www.cuencasmineras.com\/index.php\/centros-educativos-laviana\/","name":"Centros educativos Laviana - CuencasMineras.com","isPartOf":{"@id":"https:\/\/www.cuencasmineras.com\/#website"},"primaryImageOfPage":{"@id":"https:\/\/www.cuencasmineras.com\/index.php\/centros-educativos-laviana\/#primaryimage"},"image":{"@id":"https:\/\/www.cuencasmineras.com\/index.php\/centros-educativos-laviana\/#primaryimage"},"thumbnailUrl":"https:\/\/www.cuencasmineras.com\/wp-content\/uploads\/2020\/09\/66745_1_thumb.jpg","datePublished":"2020-09-25T11:39:50+00:00","dateModified":"2020-09-30T16:44:23+00:00","description":"Estos son los tel\u00e9fonos y direcciones los centros educativos y\/o escuelas del concejo de Laviana.","breadcrumb":{"@id":"https:\/\/www.cuencasmineras.com\/index.php\/centros-educativos-laviana\/#breadcrumb"},"inLanguage":"es","potentialAction":[{"@type":"ReadAction","target":["https:\/\/www.cuencasmineras.com\/index.php\/centros-educativos-laviana\/"]}]},{"@type":"ImageObject","inLanguage":"es","@id":"https:\/\/www.cuencasmineras.com\/index.php\/centros-educativos-laviana\/#primaryimage","url":"https:\/\/www.cuencasmineras.com\/wp-content\/uploads\/2020\/09\/66745_1_thumb.jpg","contentUrl":"https:\/\/www.cuencasmineras.com\/wp-content\/uploads\/2020\/09\/66745_1_thumb.jpg","width":770,"height":380},{"@type":"BreadcrumbList","@id":"https:\/\/www.cuencasmineras.com\/index.php\/centros-educativos-laviana\/#breadcrumb","itemListElement":[{"@type":"ListItem","position":1,"name":"Portada","item":"https:\/\/www.cuencasmineras.com\/"},{"@type":"ListItem","position":2,"name":"Centros educativos Laviana"}]},{"@type":"WebSite","@id":"https:\/\/www.cuencasmineras.com\/#website","url":"https:\/\/www.cuencasmineras.com\/","name":"","description":"","potentialAction":[{"@type":"SearchAction","target":{"@type":"EntryPoint","urlTemplate":"https:\/\/www.cuencasmineras.com\/?s={search_term_string}"},"query-input":{"@type":"PropertyValueSpecification","valueRequired":true,"valueName":"search_term_string"}}],"inLanguage":"es"}]}},"_links":{"self":[{"href":"https:\/\/www.cuencasmineras.com\/index.php\/wp-json\/wp\/v2\/pages\/808","targetHints":{"allow":["GET"]}}],"collection":[{"href":"https:\/\/www.cuencasmineras.com\/index.php\/wp-json\/wp\/v2\/pages"}],"about":[{"href":"https:\/\/www.cuencasmineras.com\/index.php\/wp-json\/wp\/v2\/types\/page"}],"author":[{"embeddable":true,"href":"https:\/\/www.cuencasmineras.com\/index.php\/wp-json\/wp\/v2\/users\/1"}],"replies":[{"embeddable":true,"href":"https:\/\/www.cuencasmineras.com\/index.php\/wp-json\/wp\/v2\/comments?post=808"}],"version-history":[{"count":3,"href":"https:\/\/www.cuencasmineras.com\/index.php\/wp-json\/wp\/v2\/pages\/808\/revisions"}],"predecessor-version":[{"id":931,"href":"https:\/\/www.cuencasmineras.com\/index.php\/wp-json\/wp\/v2\/pages\/808\/revisions\/931"}],"wp:featuredmedia":[{"embeddable":true,"href":"https:\/\/www.cuencasmineras.com\/index.php\/wp-json\/wp\/v2\/media\/1047"}],"wp:attachment":[{"href":"https:\/\/www.cuencasmineras.com\/index.php\/wp-json\/wp\/v2\/media?parent=808"}],"curies":[{"name":"wp","href":"https:\/\/api.w.org\/{rel}","templated":true}]}}