{"id":81,"date":"2020-09-05T19:10:24","date_gmt":"2020-09-05T19:10:24","guid":{"rendered":"https:\/\/www.cuencasmineras.com\/?page_id=81"},"modified":"2021-01-10T23:09:26","modified_gmt":"2021-01-10T23:09:26","slug":"caso","status":"publish","type":"page","link":"https:\/\/www.cuencasmineras.com\/index.php\/nalon\/caso\/","title":{"rendered":"Caso"},"content":{"rendered":"<div class=\"tituloInterior\">\n<div class=\"tituloInterior\">\n<h3><a href=\"https:\/\/www.ayto-caso.es\/\"><img loading=\"lazy\" decoding=\"async\" class=\"aligncenter size-full wp-image-1647\" src=\"https:\/\/www.cuencasmineras.com\/wp-content\/uploads\/2021\/01\/bamer-caso.png\" alt=\"\" width=\"1379\" height=\"417\" srcset=\"https:\/\/www.cuencasmineras.com\/wp-content\/uploads\/2021\/01\/bamer-caso.png 1379w, https:\/\/www.cuencasmineras.com\/wp-content\/uploads\/2021\/01\/bamer-caso-300x91.png 300w, https:\/\/www.cuencasmineras.com\/wp-content\/uploads\/2021\/01\/bamer-caso-1024x310.png 1024w, https:\/\/www.cuencasmineras.com\/wp-content\/uploads\/2021\/01\/bamer-caso-768x232.png 768w\" sizes=\"auto, (max-width: 1379px) 100vw, 1379px\" \/><\/a>https:\/\/www.ayto-caso.es\/<\/h3>\n<h3><a href=\"https:\/\/www.ayto-caso.es\/Ayuntamiento de Caso\">Ayuntamiento<\/a><\/h3>\n<\/div>\n<div class=\"contacto\">\n<ul>\n<li><strong>Direcci\u00f3n:<\/strong> Plaza N\u00ba 1<\/li>\n<li><strong>C\u00f3digo postal:<\/strong> 33990<\/li>\n<li><strong>Poblaci\u00f3n:<\/strong> Campo de Caso<\/li>\n<li><a href=\"tel:985 60 80 02\">Llamar: 985 60 80 02<\/a><\/li>\n<li><strong>Email:<\/strong> <a href=\"mailto:info@ayto-caso.es\">info@ayto-caso.es<\/a><\/li>\n<\/ul>\n<\/div>\n<h3>Telecentro<\/h3>\n<\/div>\n<div class=\"contacto\">\n<ul>\n<li><strong>Poblaci\u00f3n:<\/strong> Campo de Caso<\/li>\n<li><a href=\"tel:985 60 82 21\">Llamar:985 60 82 21<\/a><\/li>\n<\/ul>\n<\/div>\n<div class=\"tituloInterior\">\n<h3>Centro de Salud<\/h3>\n<\/div>\n<div class=\"contacto\">\n<ul>\n<li><strong>Poblaci\u00f3n:<\/strong> Campo de Caso<\/li>\n<li><a href=\"tel:985 60 81 92\">Llamar: 985 60 81 92<\/a><\/li>\n<\/ul>\n<\/div>\n<div class=\"tituloInterior\"><\/div>\n<div class=\"contacto\"><\/div>\n<div class=\"tituloInterior\">\n<h3>Rompiendo Distancias<\/h3>\n<\/div>\n<div class=\"contacto\">\n<ul>\n<li><strong>Direcci\u00f3n:<\/strong> Ayto de Caso<\/li>\n<li><strong>Poblaci\u00f3n:<\/strong> Campo de Caso<\/li>\n<li><a href=\"tel:985 60 80 02\">Llamar: 985 60 80 02<\/a> ext.4<\/li>\n<li><strong>Email:<\/strong> <a href=\"mailto:rompiendodistancias@ayto-caso-es\">rompiendodistancias@ayto-caso-es<\/a><\/li>\n<\/ul>\n<\/div>\n<div class=\"tituloInterior\">\n<h3>Farmacia<\/h3>\n<\/div>\n<div class=\"contacto\">\n<ul>\n<li><strong>Poblaci\u00f3n:<\/strong> Campo de Caso<\/li>\n<li><a href=\"tel:985 60 80 28\">Llamar: 985 60 80 28<\/a><\/li>\n<\/ul>\n<\/div>\n<div class=\"tituloInterior\">\n<h3>Servicios Sociales<\/h3>\n<\/div>\n<div class=\"contacto\">\n<ul>\n<li><strong>Poblaci\u00f3n:<\/strong> Campo de Caso<\/li>\n<li><a href=\"tel:985 60 82 20\">Llamar: 985 60 82 20<\/a><\/li>\n<\/ul>\n<\/div>\n<div class=\"tituloInterior\">\n<h3>Colegio P\u00fablico<\/h3>\n<\/div>\n<div class=\"contacto\">\n<ul>\n<li><strong>Poblaci\u00f3n:<\/strong> Campo de Caso<\/li>\n<li><a href=\"tel:985 60 81 91\">Llamar: 985 60 81 91<\/a><\/li>\n<\/ul>\n<\/div>\n<div class=\"tituloInterior\">\n<h3>Centro de Interpretaci\u00f3n<\/h3>\n<\/div>\n<div class=\"contacto\">\n<ul>\n<li><strong>Poblaci\u00f3n:<\/strong> Campo de Caso<\/li>\n<li><strong>Tel\u00e9fono:<\/strong> 985 60 80 22<\/li>\n<li><a href=\"tel:985 60 80 22\">Llamar:985 60 80 22<\/a><\/li>\n<\/ul>\n<\/div>\n<div class=\"tituloInterior\">\n<h3>Museo de la Madera<\/h3>\n<\/div>\n<div class=\"contacto\">\n<ul>\n<li><strong>Poblaci\u00f3n:<\/strong> Veneros<\/li>\n<li><a href=\"tel:985 60 80 97\">Llamar: 985 60 80 97<\/a><\/li>\n<\/ul>\n<\/div>\n<div class=\"tituloInterior\">\n<h3>Biblioteca P\u00fablica<\/h3>\n<\/div>\n<div class=\"contacto\">\n<ul>\n<li><strong>Poblaci\u00f3n:<\/strong> Campo de Caso<\/li>\n<li><a href=\"tel:985 60 82 21\">Llamar:985 60 82 21<\/a><\/li>\n<\/ul>\n<div class=\"tituloInterior\">\n<h3>JUZGADO<\/h3>\n<\/div>\n<div class=\"contacto\">\n<ul>\n<li><strong>C\u00f3digo postal:<\/strong> 33990<\/li>\n<li><strong>Poblaci\u00f3n:<\/strong> Campo de Caso<\/li>\n<li><a href=\"tel:985 60 80 24\">Llamar: 985 60 80 24<\/a><\/li>\n<li><strong>Email:<\/strong> <a href=\"mailto:registrocivilcaso@gmail.com\">registrocivilcaso@gmail.com<\/a><\/li>\n<li><strong>Horario:<\/strong> De lunes a viernes de 09:00 a 14:00<\/li>\n<\/ul>\n<\/div>\n<\/div>\n","protected":false},"excerpt":{"rendered":"<p>https:\/\/www.ayto-caso.es\/ Ayuntamiento Direcci\u00f3n: Plaza N\u00ba 1 C\u00f3digo postal: 33990 Poblaci\u00f3n: Campo de Caso Llamar: 985 60 80 02 Email: info@ayto-caso.es Telecentro Poblaci\u00f3n: Campo de Caso Llamar:985 60 82 21 Centro de Salud Poblaci\u00f3n: Campo de Caso Llamar: 985 60 81 92 Rompiendo Distancias Direcci\u00f3n: Ayto de Caso Poblaci\u00f3n: Campo de Caso Llamar: 985 60 80 [&hellip;]<\/p>\n","protected":false},"author":1,"featured_media":258,"parent":53,"menu_order":0,"comment_status":"closed","ping_status":"closed","template":"","meta":{"footnotes":""},"class_list":["post-81","page","type-page","status-publish","has-post-thumbnail","hentry"],"yoast_head":"<!-- This site is optimized with the Yoast SEO plugin v27.3 - https:\/\/yoast.com\/product\/yoast-seo-wordpress\/ -->\n<title>Concejo de Caso en Asturias- CuencasMineras.com<\/title>\n<meta name=\"description\" content=\"Si eres habitante del concejo de Caso aqu\u00ed tienes toda la informaci\u00f3n de tu inter\u00e9s del concejo al que perteneces. \u00a1Esperemos que te guste!\" \/>\n<meta name=\"robots\" content=\"index, follow, max-snippet:-1, max-image-preview:large, max-video-preview:-1\" \/>\n<link rel=\"canonical\" href=\"https:\/\/www.cuencasmineras.com\/index.php\/nalon\/caso\/\" \/>\n<meta property=\"og:locale\" content=\"es_ES\" \/>\n<meta property=\"og:type\" content=\"article\" \/>\n<meta property=\"og:title\" content=\"Concejo de Caso en Asturias- CuencasMineras.com\" \/>\n<meta property=\"og:description\" content=\"Si eres habitante del concejo de Caso aqu\u00ed tienes toda la informaci\u00f3n de tu inter\u00e9s del concejo al que perteneces. \u00a1Esperemos que te guste!\" \/>\n<meta property=\"og:url\" content=\"https:\/\/www.cuencasmineras.com\/index.php\/nalon\/caso\/\" \/>\n<meta property=\"article:modified_time\" content=\"2021-01-10T23:09:26+00:00\" \/>\n<meta property=\"og:image\" content=\"https:\/\/www.cuencasmineras.com\/wp-content\/uploads\/2020\/09\/indice-1.png\" \/>\n\t<meta property=\"og:image:width\" content=\"157\" \/>\n\t<meta property=\"og:image:height\" content=\"250\" \/>\n\t<meta property=\"og:image:type\" content=\"image\/png\" \/>\n<meta name=\"twitter:card\" content=\"summary_large_image\" \/>\n<meta name=\"twitter:label1\" content=\"Tiempo de lectura\" \/>\n\t<meta name=\"twitter:data1\" content=\"1 minuto\" \/>\n<script type=\"application\/ld+json\" class=\"yoast-schema-graph\">{\"@context\":\"https:\\\/\\\/schema.org\",\"@graph\":[{\"@type\":\"WebPage\",\"@id\":\"https:\\\/\\\/www.cuencasmineras.com\\\/index.php\\\/nalon\\\/caso\\\/\",\"url\":\"https:\\\/\\\/www.cuencasmineras.com\\\/index.php\\\/nalon\\\/caso\\\/\",\"name\":\"Concejo de Caso en Asturias- CuencasMineras.com\",\"isPartOf\":{\"@id\":\"https:\\\/\\\/www.cuencasmineras.com\\\/#website\"},\"primaryImageOfPage\":{\"@id\":\"https:\\\/\\\/www.cuencasmineras.com\\\/index.php\\\/nalon\\\/caso\\\/#primaryimage\"},\"image\":{\"@id\":\"https:\\\/\\\/www.cuencasmineras.com\\\/index.php\\\/nalon\\\/caso\\\/#primaryimage\"},\"thumbnailUrl\":\"https:\\\/\\\/www.cuencasmineras.com\\\/wp-content\\\/uploads\\\/2020\\\/09\\\/indice-1.png\",\"datePublished\":\"2020-09-05T19:10:24+00:00\",\"dateModified\":\"2021-01-10T23:09:26+00:00\",\"description\":\"Si eres habitante del concejo de Caso aqu\u00ed tienes toda la informaci\u00f3n de tu inter\u00e9s del concejo al que perteneces. \u00a1Esperemos que te guste!\",\"breadcrumb\":{\"@id\":\"https:\\\/\\\/www.cuencasmineras.com\\\/index.php\\\/nalon\\\/caso\\\/#breadcrumb\"},\"inLanguage\":\"es\",\"potentialAction\":[{\"@type\":\"ReadAction\",\"target\":[\"https:\\\/\\\/www.cuencasmineras.com\\\/index.php\\\/nalon\\\/caso\\\/\"]}]},{\"@type\":\"ImageObject\",\"inLanguage\":\"es\",\"@id\":\"https:\\\/\\\/www.cuencasmineras.com\\\/index.php\\\/nalon\\\/caso\\\/#primaryimage\",\"url\":\"https:\\\/\\\/www.cuencasmineras.com\\\/wp-content\\\/uploads\\\/2020\\\/09\\\/indice-1.png\",\"contentUrl\":\"https:\\\/\\\/www.cuencasmineras.com\\\/wp-content\\\/uploads\\\/2020\\\/09\\\/indice-1.png\",\"width\":157,\"height\":250,\"caption\":\"concejo de caso\"},{\"@type\":\"BreadcrumbList\",\"@id\":\"https:\\\/\\\/www.cuencasmineras.com\\\/index.php\\\/nalon\\\/caso\\\/#breadcrumb\",\"itemListElement\":[{\"@type\":\"ListItem\",\"position\":1,\"name\":\"Portada\",\"item\":\"https:\\\/\\\/www.cuencasmineras.com\\\/\"},{\"@type\":\"ListItem\",\"position\":2,\"name\":\"NAL\u00d3N\",\"item\":\"https:\\\/\\\/www.cuencasmineras.com\\\/index.php\\\/nalon\\\/\"},{\"@type\":\"ListItem\",\"position\":3,\"name\":\"Caso\"}]},{\"@type\":\"WebSite\",\"@id\":\"https:\\\/\\\/www.cuencasmineras.com\\\/#website\",\"url\":\"https:\\\/\\\/www.cuencasmineras.com\\\/\",\"name\":\"\",\"description\":\"\",\"potentialAction\":[{\"@type\":\"SearchAction\",\"target\":{\"@type\":\"EntryPoint\",\"urlTemplate\":\"https:\\\/\\\/www.cuencasmineras.com\\\/?s={search_term_string}\"},\"query-input\":{\"@type\":\"PropertyValueSpecification\",\"valueRequired\":true,\"valueName\":\"search_term_string\"}}],\"inLanguage\":\"es\"}]}<\/script>\n<!-- \/ Yoast SEO plugin. -->","yoast_head_json":{"title":"Concejo de Caso en Asturias- CuencasMineras.com","description":"Si eres habitante del concejo de Caso aqu\u00ed tienes toda la informaci\u00f3n de tu inter\u00e9s del concejo al que perteneces. \u00a1Esperemos que te guste!","robots":{"index":"index","follow":"follow","max-snippet":"max-snippet:-1","max-image-preview":"max-image-preview:large","max-video-preview":"max-video-preview:-1"},"canonical":"https:\/\/www.cuencasmineras.com\/index.php\/nalon\/caso\/","og_locale":"es_ES","og_type":"article","og_title":"Concejo de Caso en Asturias- CuencasMineras.com","og_description":"Si eres habitante del concejo de Caso aqu\u00ed tienes toda la informaci\u00f3n de tu inter\u00e9s del concejo al que perteneces. \u00a1Esperemos que te guste!","og_url":"https:\/\/www.cuencasmineras.com\/index.php\/nalon\/caso\/","article_modified_time":"2021-01-10T23:09:26+00:00","og_image":[{"width":157,"height":250,"url":"https:\/\/www.cuencasmineras.com\/wp-content\/uploads\/2020\/09\/indice-1.png","type":"image\/png"}],"twitter_card":"summary_large_image","twitter_misc":{"Tiempo de lectura":"1 minuto"},"schema":{"@context":"https:\/\/schema.org","@graph":[{"@type":"WebPage","@id":"https:\/\/www.cuencasmineras.com\/index.php\/nalon\/caso\/","url":"https:\/\/www.cuencasmineras.com\/index.php\/nalon\/caso\/","name":"Concejo de Caso en Asturias- CuencasMineras.com","isPartOf":{"@id":"https:\/\/www.cuencasmineras.com\/#website"},"primaryImageOfPage":{"@id":"https:\/\/www.cuencasmineras.com\/index.php\/nalon\/caso\/#primaryimage"},"image":{"@id":"https:\/\/www.cuencasmineras.com\/index.php\/nalon\/caso\/#primaryimage"},"thumbnailUrl":"https:\/\/www.cuencasmineras.com\/wp-content\/uploads\/2020\/09\/indice-1.png","datePublished":"2020-09-05T19:10:24+00:00","dateModified":"2021-01-10T23:09:26+00:00","description":"Si eres habitante del concejo de Caso aqu\u00ed tienes toda la informaci\u00f3n de tu inter\u00e9s del concejo al que perteneces. \u00a1Esperemos que te guste!","breadcrumb":{"@id":"https:\/\/www.cuencasmineras.com\/index.php\/nalon\/caso\/#breadcrumb"},"inLanguage":"es","potentialAction":[{"@type":"ReadAction","target":["https:\/\/www.cuencasmineras.com\/index.php\/nalon\/caso\/"]}]},{"@type":"ImageObject","inLanguage":"es","@id":"https:\/\/www.cuencasmineras.com\/index.php\/nalon\/caso\/#primaryimage","url":"https:\/\/www.cuencasmineras.com\/wp-content\/uploads\/2020\/09\/indice-1.png","contentUrl":"https:\/\/www.cuencasmineras.com\/wp-content\/uploads\/2020\/09\/indice-1.png","width":157,"height":250,"caption":"concejo de caso"},{"@type":"BreadcrumbList","@id":"https:\/\/www.cuencasmineras.com\/index.php\/nalon\/caso\/#breadcrumb","itemListElement":[{"@type":"ListItem","position":1,"name":"Portada","item":"https:\/\/www.cuencasmineras.com\/"},{"@type":"ListItem","position":2,"name":"NAL\u00d3N","item":"https:\/\/www.cuencasmineras.com\/index.php\/nalon\/"},{"@type":"ListItem","position":3,"name":"Caso"}]},{"@type":"WebSite","@id":"https:\/\/www.cuencasmineras.com\/#website","url":"https:\/\/www.cuencasmineras.com\/","name":"","description":"","potentialAction":[{"@type":"SearchAction","target":{"@type":"EntryPoint","urlTemplate":"https:\/\/www.cuencasmineras.com\/?s={search_term_string}"},"query-input":{"@type":"PropertyValueSpecification","valueRequired":true,"valueName":"search_term_string"}}],"inLanguage":"es"}]}},"_links":{"self":[{"href":"https:\/\/www.cuencasmineras.com\/index.php\/wp-json\/wp\/v2\/pages\/81","targetHints":{"allow":["GET"]}}],"collection":[{"href":"https:\/\/www.cuencasmineras.com\/index.php\/wp-json\/wp\/v2\/pages"}],"about":[{"href":"https:\/\/www.cuencasmineras.com\/index.php\/wp-json\/wp\/v2\/types\/page"}],"author":[{"embeddable":true,"href":"https:\/\/www.cuencasmineras.com\/index.php\/wp-json\/wp\/v2\/users\/1"}],"replies":[{"embeddable":true,"href":"https:\/\/www.cuencasmineras.com\/index.php\/wp-json\/wp\/v2\/comments?post=81"}],"version-history":[{"count":7,"href":"https:\/\/www.cuencasmineras.com\/index.php\/wp-json\/wp\/v2\/pages\/81\/revisions"}],"predecessor-version":[{"id":1649,"href":"https:\/\/www.cuencasmineras.com\/index.php\/wp-json\/wp\/v2\/pages\/81\/revisions\/1649"}],"up":[{"embeddable":true,"href":"https:\/\/www.cuencasmineras.com\/index.php\/wp-json\/wp\/v2\/pages\/53"}],"wp:featuredmedia":[{"embeddable":true,"href":"https:\/\/www.cuencasmineras.com\/index.php\/wp-json\/wp\/v2\/media\/258"}],"wp:attachment":[{"href":"https:\/\/www.cuencasmineras.com\/index.php\/wp-json\/wp\/v2\/media?parent=81"}],"curies":[{"name":"wp","href":"https:\/\/api.w.org\/{rel}","templated":true}]}}