{"id":862,"date":"2020-09-26T15:00:04","date_gmt":"2020-09-26T15:00:04","guid":{"rendered":"https:\/\/www.cuencasmineras.com\/?page_id=862"},"modified":"2020-09-30T17:12:16","modified_gmt":"2020-09-30T17:12:16","slug":"farmacias-en-riosa","status":"publish","type":"page","link":"https:\/\/www.cuencasmineras.com\/index.php\/farmacias-en-riosa\/","title":{"rendered":"Farmacias en Riosa"},"content":{"rendered":"<ul>\n<li><strong>RIOSA<\/strong>\n<ul>\n<li><span style=\"color: #3366ff;\"><strong>Antonio M\u00e9ndez Velasco<\/strong><\/span><br \/>\n<em><strong>Direcci\u00f3n:<\/strong><\/em> Avda del Aramo, 13<\/li>\n<li><a href=\"tel:985766023\">Llamar: 985766023<\/a><br \/>\n<strong><em>Horario:<\/em><\/strong> Lunes a Viernes: de 09:00 a 13:30 y de 16:30 a 19:30, S\u00e1bado: de 10:30 a 13:00<br \/>\n<strong><em>N\u00ba Farmacia:<\/em><\/strong> 253<\/li>\n<\/ul>\n<\/li>\n<\/ul>\n","protected":false},"excerpt":{"rendered":"<p>RIOSA Antonio M\u00e9ndez Velasco Direcci\u00f3n: Avda del Aramo, 13 Llamar: 985766023 Horario: Lunes a Viernes: de 09:00 a 13:30 y de 16:30 a 19:30, S\u00e1bado: de 10:30 a 13:00 N\u00ba Farmacia: 253<\/p>\n","protected":false},"author":1,"featured_media":1057,"parent":0,"menu_order":0,"comment_status":"closed","ping_status":"closed","template":"","meta":{"footnotes":""},"class_list":["post-862","page","type-page","status-publish","has-post-thumbnail","hentry"],"yoast_head":"<!-- This site is optimized with the Yoast SEO plugin v27.4 - https:\/\/yoast.com\/product\/yoast-seo-wordpress\/ -->\n<title>Farmacias en Riosa - CuencasMineras.com<\/title>\n<meta name=\"description\" content=\"Estos son los tel\u00e9fonos, direcciones y horarios de las farmacias que existen en el concejo de Riosa.\" \/>\n<meta name=\"robots\" content=\"index, follow, max-snippet:-1, max-image-preview:large, max-video-preview:-1\" \/>\n<link rel=\"canonical\" href=\"https:\/\/www.cuencasmineras.com\/index.php\/farmacias-en-riosa\/\" \/>\n<meta property=\"og:locale\" content=\"es_ES\" \/>\n<meta property=\"og:type\" content=\"article\" \/>\n<meta property=\"og:title\" content=\"Farmacias en Riosa - CuencasMineras.com\" \/>\n<meta property=\"og:description\" content=\"Estos son los tel\u00e9fonos, direcciones y horarios de las farmacias que existen en el concejo de Riosa.\" \/>\n<meta property=\"og:url\" content=\"https:\/\/www.cuencasmineras.com\/index.php\/farmacias-en-riosa\/\" \/>\n<meta property=\"article:modified_time\" content=\"2020-09-30T17:12:16+00:00\" \/>\n<meta property=\"og:image\" content=\"https:\/\/www.cuencasmineras.com\/wp-content\/uploads\/2020\/09\/indice-3.jpg\" \/>\n\t<meta property=\"og:image:width\" content=\"225\" \/>\n\t<meta property=\"og:image:height\" content=\"225\" \/>\n\t<meta property=\"og:image:type\" content=\"image\/jpeg\" \/>\n<meta name=\"twitter:card\" content=\"summary_large_image\" \/>\n<script type=\"application\/ld+json\" class=\"yoast-schema-graph\">{\"@context\":\"https:\\\/\\\/schema.org\",\"@graph\":[{\"@type\":\"WebPage\",\"@id\":\"https:\\\/\\\/www.cuencasmineras.com\\\/index.php\\\/farmacias-en-riosa\\\/\",\"url\":\"https:\\\/\\\/www.cuencasmineras.com\\\/index.php\\\/farmacias-en-riosa\\\/\",\"name\":\"Farmacias en Riosa - CuencasMineras.com\",\"isPartOf\":{\"@id\":\"https:\\\/\\\/www.cuencasmineras.com\\\/#website\"},\"primaryImageOfPage\":{\"@id\":\"https:\\\/\\\/www.cuencasmineras.com\\\/index.php\\\/farmacias-en-riosa\\\/#primaryimage\"},\"image\":{\"@id\":\"https:\\\/\\\/www.cuencasmineras.com\\\/index.php\\\/farmacias-en-riosa\\\/#primaryimage\"},\"thumbnailUrl\":\"https:\\\/\\\/www.cuencasmineras.com\\\/wp-content\\\/uploads\\\/2020\\\/09\\\/indice-3.jpg\",\"datePublished\":\"2020-09-26T15:00:04+00:00\",\"dateModified\":\"2020-09-30T17:12:16+00:00\",\"description\":\"Estos son los tel\u00e9fonos, direcciones y horarios de las farmacias que existen en el concejo de Riosa.\",\"breadcrumb\":{\"@id\":\"https:\\\/\\\/www.cuencasmineras.com\\\/index.php\\\/farmacias-en-riosa\\\/#breadcrumb\"},\"inLanguage\":\"es\",\"potentialAction\":[{\"@type\":\"ReadAction\",\"target\":[\"https:\\\/\\\/www.cuencasmineras.com\\\/index.php\\\/farmacias-en-riosa\\\/\"]}]},{\"@type\":\"ImageObject\",\"inLanguage\":\"es\",\"@id\":\"https:\\\/\\\/www.cuencasmineras.com\\\/index.php\\\/farmacias-en-riosa\\\/#primaryimage\",\"url\":\"https:\\\/\\\/www.cuencasmineras.com\\\/wp-content\\\/uploads\\\/2020\\\/09\\\/indice-3.jpg\",\"contentUrl\":\"https:\\\/\\\/www.cuencasmineras.com\\\/wp-content\\\/uploads\\\/2020\\\/09\\\/indice-3.jpg\",\"width\":225,\"height\":225},{\"@type\":\"BreadcrumbList\",\"@id\":\"https:\\\/\\\/www.cuencasmineras.com\\\/index.php\\\/farmacias-en-riosa\\\/#breadcrumb\",\"itemListElement\":[{\"@type\":\"ListItem\",\"position\":1,\"name\":\"Portada\",\"item\":\"https:\\\/\\\/www.cuencasmineras.com\\\/\"},{\"@type\":\"ListItem\",\"position\":2,\"name\":\"Farmacias en Riosa\"}]},{\"@type\":\"WebSite\",\"@id\":\"https:\\\/\\\/www.cuencasmineras.com\\\/#website\",\"url\":\"https:\\\/\\\/www.cuencasmineras.com\\\/\",\"name\":\"\",\"description\":\"\",\"potentialAction\":[{\"@type\":\"SearchAction\",\"target\":{\"@type\":\"EntryPoint\",\"urlTemplate\":\"https:\\\/\\\/www.cuencasmineras.com\\\/?s={search_term_string}\"},\"query-input\":{\"@type\":\"PropertyValueSpecification\",\"valueRequired\":true,\"valueName\":\"search_term_string\"}}],\"inLanguage\":\"es\"}]}<\/script>\n<!-- \/ Yoast SEO plugin. -->","yoast_head_json":{"title":"Farmacias en Riosa - CuencasMineras.com","description":"Estos son los tel\u00e9fonos, direcciones y horarios de las farmacias que existen en el concejo de Riosa.","robots":{"index":"index","follow":"follow","max-snippet":"max-snippet:-1","max-image-preview":"max-image-preview:large","max-video-preview":"max-video-preview:-1"},"canonical":"https:\/\/www.cuencasmineras.com\/index.php\/farmacias-en-riosa\/","og_locale":"es_ES","og_type":"article","og_title":"Farmacias en Riosa - CuencasMineras.com","og_description":"Estos son los tel\u00e9fonos, direcciones y horarios de las farmacias que existen en el concejo de Riosa.","og_url":"https:\/\/www.cuencasmineras.com\/index.php\/farmacias-en-riosa\/","article_modified_time":"2020-09-30T17:12:16+00:00","og_image":[{"width":225,"height":225,"url":"https:\/\/www.cuencasmineras.com\/wp-content\/uploads\/2020\/09\/indice-3.jpg","type":"image\/jpeg"}],"twitter_card":"summary_large_image","schema":{"@context":"https:\/\/schema.org","@graph":[{"@type":"WebPage","@id":"https:\/\/www.cuencasmineras.com\/index.php\/farmacias-en-riosa\/","url":"https:\/\/www.cuencasmineras.com\/index.php\/farmacias-en-riosa\/","name":"Farmacias en Riosa - CuencasMineras.com","isPartOf":{"@id":"https:\/\/www.cuencasmineras.com\/#website"},"primaryImageOfPage":{"@id":"https:\/\/www.cuencasmineras.com\/index.php\/farmacias-en-riosa\/#primaryimage"},"image":{"@id":"https:\/\/www.cuencasmineras.com\/index.php\/farmacias-en-riosa\/#primaryimage"},"thumbnailUrl":"https:\/\/www.cuencasmineras.com\/wp-content\/uploads\/2020\/09\/indice-3.jpg","datePublished":"2020-09-26T15:00:04+00:00","dateModified":"2020-09-30T17:12:16+00:00","description":"Estos son los tel\u00e9fonos, direcciones y horarios de las farmacias que existen en el concejo de Riosa.","breadcrumb":{"@id":"https:\/\/www.cuencasmineras.com\/index.php\/farmacias-en-riosa\/#breadcrumb"},"inLanguage":"es","potentialAction":[{"@type":"ReadAction","target":["https:\/\/www.cuencasmineras.com\/index.php\/farmacias-en-riosa\/"]}]},{"@type":"ImageObject","inLanguage":"es","@id":"https:\/\/www.cuencasmineras.com\/index.php\/farmacias-en-riosa\/#primaryimage","url":"https:\/\/www.cuencasmineras.com\/wp-content\/uploads\/2020\/09\/indice-3.jpg","contentUrl":"https:\/\/www.cuencasmineras.com\/wp-content\/uploads\/2020\/09\/indice-3.jpg","width":225,"height":225},{"@type":"BreadcrumbList","@id":"https:\/\/www.cuencasmineras.com\/index.php\/farmacias-en-riosa\/#breadcrumb","itemListElement":[{"@type":"ListItem","position":1,"name":"Portada","item":"https:\/\/www.cuencasmineras.com\/"},{"@type":"ListItem","position":2,"name":"Farmacias en Riosa"}]},{"@type":"WebSite","@id":"https:\/\/www.cuencasmineras.com\/#website","url":"https:\/\/www.cuencasmineras.com\/","name":"","description":"","potentialAction":[{"@type":"SearchAction","target":{"@type":"EntryPoint","urlTemplate":"https:\/\/www.cuencasmineras.com\/?s={search_term_string}"},"query-input":{"@type":"PropertyValueSpecification","valueRequired":true,"valueName":"search_term_string"}}],"inLanguage":"es"}]}},"_links":{"self":[{"href":"https:\/\/www.cuencasmineras.com\/index.php\/wp-json\/wp\/v2\/pages\/862","targetHints":{"allow":["GET"]}}],"collection":[{"href":"https:\/\/www.cuencasmineras.com\/index.php\/wp-json\/wp\/v2\/pages"}],"about":[{"href":"https:\/\/www.cuencasmineras.com\/index.php\/wp-json\/wp\/v2\/types\/page"}],"author":[{"embeddable":true,"href":"https:\/\/www.cuencasmineras.com\/index.php\/wp-json\/wp\/v2\/users\/1"}],"replies":[{"embeddable":true,"href":"https:\/\/www.cuencasmineras.com\/index.php\/wp-json\/wp\/v2\/comments?post=862"}],"version-history":[{"count":3,"href":"https:\/\/www.cuencasmineras.com\/index.php\/wp-json\/wp\/v2\/pages\/862\/revisions"}],"predecessor-version":[{"id":1036,"href":"https:\/\/www.cuencasmineras.com\/index.php\/wp-json\/wp\/v2\/pages\/862\/revisions\/1036"}],"wp:featuredmedia":[{"embeddable":true,"href":"https:\/\/www.cuencasmineras.com\/index.php\/wp-json\/wp\/v2\/media\/1057"}],"wp:attachment":[{"href":"https:\/\/www.cuencasmineras.com\/index.php\/wp-json\/wp\/v2\/media?parent=862"}],"curies":[{"name":"wp","href":"https:\/\/api.w.org\/{rel}","templated":true}]}}