{"id":95,"date":"2020-09-05T19:14:03","date_gmt":"2020-09-05T19:14:03","guid":{"rendered":"https:\/\/www.cuencasmineras.com\/?page_id=95"},"modified":"2022-04-11T11:26:27","modified_gmt":"2022-04-11T11:26:27","slug":"cine","status":"publish","type":"page","link":"https:\/\/www.cuencasmineras.com\/index.php\/cultura-y-ocio\/cine\/","title":{"rendered":"Cine"},"content":{"rendered":"<h3>Cines Arte Siete &#8211; Centro Comercial Caudalia:<\/h3>\n<p style=\"text-align: justify;\">Cines ArteSiete en el CC Caudalia, los cines de la cuenca del Caudal, dispones de unas modernas instalaciones de m\u00e1s de mil butacas, sala 3D, precios muy competitivos y una serie de descuentos para todas las edades. Sus\u00a0seis salas de cine, ocupan m\u00e1s de 2.000 metros en el C. C. Caudalia, y cuentan con instalaciones de \u00faltima generaci\u00f3n, sonidos digitales, y pantallas gigantes.<\/p>\n<p style=\"text-align: justify;\">Tambi\u00e9n cuentan con novedosas butacas con un ancho de 1,25mts, frente al 1,10mts estandarizado, haci\u00e9ndolas las m\u00e1s confortables del pa\u00eds. Adem\u00e1s, ahora disponemos de nuevos precios:<\/p>\n<p style=\"text-align: justify;\"><strong>De lunes a jueves: <span style=\"color: #008080;\">4,70 \u20ac<\/span><\/strong> (<em><span style=\"color: #008080;\">4,20 \u20ac<\/span> si dispones de la tarjeta Artesiete<\/em>)<br \/>\n<strong>Mi\u00e9rcoles d\u00eda del espectador:<\/strong> <span style=\"color: #008080;\"><strong>4,00\u20ac<\/strong><\/span><br \/>\n<strong>Viernes, s\u00e1bado, domingos y festivos: <span style=\"color: #008080;\">5,70 \u20ac<\/span> <\/strong>(<em><span style=\"color: #008080;\">5,20 \u20ac<\/span> si dispones de la tarjeta Artesiete<\/em>)<\/p>\n<p>A los precios indicados, se les a\u00f1adir\u00e1 un suplemento de <strong><span style=\"color: #008080;\">1 \u20ac<\/span><\/strong>, en todas las pel\u00edculas en 3D.<\/p>\n<p><strong>Tel\u00e9fono de informaci\u00f3n:<\/strong> <strong><span style=\"color: #008080;\">985 42 61 75<\/span><\/strong><br \/>\nConsulta la cartelera <a href=\"https:\/\/artesiete.es\/Cine\/18\/Artesiete-Caudalia\" target=\"_blank\" rel=\"noopener noreferrer\"><strong>aqu\u00ed<\/strong><\/a><\/p>\n<p><img loading=\"lazy\" decoding=\"async\" class=\"aligncenter wp-image-197\" src=\"https:\/\/www.cuencasmineras.com\/wp-content\/uploads\/2020\/09\/caudalia-cines-300x198.png\" alt=\"\" width=\"412\" height=\"272\" srcset=\"https:\/\/www.cuencasmineras.com\/wp-content\/uploads\/2020\/09\/caudalia-cines-300x198.png 300w, https:\/\/www.cuencasmineras.com\/wp-content\/uploads\/2020\/09\/caudalia-cines.png 591w\" sizes=\"auto, (max-width: 412px) 100vw, 412px\" \/><\/p>\n<p>&nbsp;<\/p>\n<h3>Cines Arte Siete &#8211; Centro Comercial Valle del Nal\u00f3n:<\/h3>\n<p style=\"text-align: justify;\">Cines ArteSiete en el CC Valle del Nal\u00f3n, los cines de la cuenca del Nal\u00f3n, dispones de unas modernas instalaciones de m\u00e1s de mil butacas, sala 3D, precios muy competitivos y una serie de descuentos para todas las edades. Sus ocho salas de cine cuentan con instalaciones de \u00faltima generaci\u00f3n, sonidos digitales, y pantallas gigantes.<\/p>\n<p style=\"text-align: justify;\">Tambi\u00e9n cuentan con novedosas butacas con un ancho de 1,25mts, frente al 1,10mts estandarizado, haci\u00e9ndolas las m\u00e1s confortables del pa\u00eds. Adem\u00e1s, ahora disponemos de nuevos precios:<\/p>\n<p style=\"text-align: justify;\"><strong>De lunes a jueves: <span style=\"color: #008080;\">4,70 \u20ac<\/span><\/strong> (<em><span style=\"color: #008080;\">4,20 \u20ac<\/span> si dispones de la tarjeta Artesiete<\/em>)<br \/>\n<strong>Mi\u00e9rcoles d\u00eda del espectador:<\/strong> <span style=\"color: #008080;\"><strong>4,00\u20ac<\/strong><\/span><br \/>\n<strong>Viernes, s\u00e1bado, domingos y festivos: <span style=\"color: #008080;\">5,70 \u20ac<\/span> <\/strong>(<em><span style=\"color: #008080;\">5,20 \u20ac<\/span> si dispones de la tarjeta Artesiete<\/em>)<\/p>\n<p>A los precios indicados, se les a\u00f1adir\u00e1 un suplemento de <strong><span style=\"color: #008080;\">1 \u20ac<\/span><\/strong>, en todas las pel\u00edculas en 3D.<\/p>\n<p><strong>Tel\u00e9fono de informaci\u00f3n:<\/strong> <strong><span style=\"color: #008080;\">985 65 45 42<\/span><\/strong><br \/>\nConsulta la cartelera <a href=\"https:\/\/artesiete.es\/Cine\/17\/Artesiete-Nalon\" target=\"_blank\" rel=\"noopener noreferrer\"><strong>aqu\u00ed<\/strong><\/a><\/p>\n<p><img loading=\"lazy\" decoding=\"async\" class=\"aligncenter wp-image-198\" src=\"https:\/\/www.cuencasmineras.com\/wp-content\/uploads\/2020\/09\/cines-nalon-300x197.png\" alt=\"\" width=\"413\" height=\"271\" srcset=\"https:\/\/www.cuencasmineras.com\/wp-content\/uploads\/2020\/09\/cines-nalon-300x197.png 300w, https:\/\/www.cuencasmineras.com\/wp-content\/uploads\/2020\/09\/cines-nalon.png 590w\" sizes=\"auto, (max-width: 413px) 100vw, 413px\" \/><\/p>\n","protected":false},"excerpt":{"rendered":"<p>Cines Arte Siete &#8211; Centro Comercial Caudalia: Cines ArteSiete en el CC Caudalia, los cines de la cuenca del Caudal, dispones de unas modernas instalaciones de m\u00e1s de mil butacas, sala 3D, precios muy competitivos y una serie de descuentos para todas las edades. Sus\u00a0seis salas de cine, ocupan m\u00e1s de 2.000 metros en el [&hellip;]<\/p>\n","protected":false},"author":1,"featured_media":251,"parent":55,"menu_order":0,"comment_status":"closed","ping_status":"closed","template":"","meta":{"footnotes":""},"class_list":["post-95","page","type-page","status-publish","has-post-thumbnail","hentry"],"yoast_head":"<!-- This site is optimized with the Yoast SEO plugin v27.5 - https:\/\/yoast.com\/product\/yoast-seo-wordpress\/ -->\n<title>Cartelera de cines - CuencasMineras.com<\/title>\n<meta name=\"description\" content=\"\u00bfQuieres conocer la cartelera de tu cine m\u00e1s cercano? Entra en CuencasMineras.com para conocer los mejores estrenos.\" \/>\n<meta name=\"robots\" content=\"index, follow, max-snippet:-1, max-image-preview:large, max-video-preview:-1\" \/>\n<link rel=\"canonical\" href=\"https:\/\/www.cuencasmineras.com\/index.php\/cultura-y-ocio\/cine\/\" \/>\n<meta property=\"og:locale\" content=\"es_ES\" \/>\n<meta property=\"og:type\" content=\"article\" \/>\n<meta property=\"og:title\" content=\"Cartelera de cines - CuencasMineras.com\" \/>\n<meta property=\"og:description\" content=\"\u00bfQuieres conocer la cartelera de tu cine m\u00e1s cercano? Entra en CuencasMineras.com para conocer los mejores estrenos.\" \/>\n<meta property=\"og:url\" content=\"https:\/\/www.cuencasmineras.com\/index.php\/cultura-y-ocio\/cine\/\" \/>\n<meta property=\"article:modified_time\" content=\"2022-04-11T11:26:27+00:00\" \/>\n<meta property=\"og:image\" content=\"https:\/\/www.cuencasmineras.com\/wp-content\/uploads\/2020\/09\/pexels-pixabay-33129.jpg\" \/>\n\t<meta property=\"og:image:width\" content=\"640\" \/>\n\t<meta property=\"og:image:height\" content=\"480\" \/>\n\t<meta property=\"og:image:type\" content=\"image\/jpeg\" \/>\n<meta name=\"twitter:card\" content=\"summary_large_image\" \/>\n<meta name=\"twitter:label1\" content=\"Tiempo de lectura\" \/>\n\t<meta name=\"twitter:data1\" content=\"2 minutos\" \/>\n<script type=\"application\/ld+json\" class=\"yoast-schema-graph\">{\"@context\":\"https:\\\/\\\/schema.org\",\"@graph\":[{\"@type\":\"WebPage\",\"@id\":\"https:\\\/\\\/www.cuencasmineras.com\\\/index.php\\\/cultura-y-ocio\\\/cine\\\/\",\"url\":\"https:\\\/\\\/www.cuencasmineras.com\\\/index.php\\\/cultura-y-ocio\\\/cine\\\/\",\"name\":\"Cartelera de cines - CuencasMineras.com\",\"isPartOf\":{\"@id\":\"https:\\\/\\\/www.cuencasmineras.com\\\/#website\"},\"primaryImageOfPage\":{\"@id\":\"https:\\\/\\\/www.cuencasmineras.com\\\/index.php\\\/cultura-y-ocio\\\/cine\\\/#primaryimage\"},\"image\":{\"@id\":\"https:\\\/\\\/www.cuencasmineras.com\\\/index.php\\\/cultura-y-ocio\\\/cine\\\/#primaryimage\"},\"thumbnailUrl\":\"https:\\\/\\\/www.cuencasmineras.com\\\/wp-content\\\/uploads\\\/2020\\\/09\\\/pexels-pixabay-33129.jpg\",\"datePublished\":\"2020-09-05T19:14:03+00:00\",\"dateModified\":\"2022-04-11T11:26:27+00:00\",\"description\":\"\u00bfQuieres conocer la cartelera de tu cine m\u00e1s cercano? Entra en CuencasMineras.com para conocer los mejores estrenos.\",\"breadcrumb\":{\"@id\":\"https:\\\/\\\/www.cuencasmineras.com\\\/index.php\\\/cultura-y-ocio\\\/cine\\\/#breadcrumb\"},\"inLanguage\":\"es\",\"potentialAction\":[{\"@type\":\"ReadAction\",\"target\":[\"https:\\\/\\\/www.cuencasmineras.com\\\/index.php\\\/cultura-y-ocio\\\/cine\\\/\"]}]},{\"@type\":\"ImageObject\",\"inLanguage\":\"es\",\"@id\":\"https:\\\/\\\/www.cuencasmineras.com\\\/index.php\\\/cultura-y-ocio\\\/cine\\\/#primaryimage\",\"url\":\"https:\\\/\\\/www.cuencasmineras.com\\\/wp-content\\\/uploads\\\/2020\\\/09\\\/pexels-pixabay-33129.jpg\",\"contentUrl\":\"https:\\\/\\\/www.cuencasmineras.com\\\/wp-content\\\/uploads\\\/2020\\\/09\\\/pexels-pixabay-33129.jpg\",\"width\":640,\"height\":480,\"caption\":\"cine\"},{\"@type\":\"BreadcrumbList\",\"@id\":\"https:\\\/\\\/www.cuencasmineras.com\\\/index.php\\\/cultura-y-ocio\\\/cine\\\/#breadcrumb\",\"itemListElement\":[{\"@type\":\"ListItem\",\"position\":1,\"name\":\"Portada\",\"item\":\"https:\\\/\\\/www.cuencasmineras.com\\\/\"},{\"@type\":\"ListItem\",\"position\":2,\"name\":\"CULTURA Y OCIO\",\"item\":\"https:\\\/\\\/www.cuencasmineras.com\\\/index.php\\\/cultura-y-ocio\\\/\"},{\"@type\":\"ListItem\",\"position\":3,\"name\":\"Cine\"}]},{\"@type\":\"WebSite\",\"@id\":\"https:\\\/\\\/www.cuencasmineras.com\\\/#website\",\"url\":\"https:\\\/\\\/www.cuencasmineras.com\\\/\",\"name\":\"\",\"description\":\"\",\"potentialAction\":[{\"@type\":\"SearchAction\",\"target\":{\"@type\":\"EntryPoint\",\"urlTemplate\":\"https:\\\/\\\/www.cuencasmineras.com\\\/?s={search_term_string}\"},\"query-input\":{\"@type\":\"PropertyValueSpecification\",\"valueRequired\":true,\"valueName\":\"search_term_string\"}}],\"inLanguage\":\"es\"}]}<\/script>\n<!-- \/ Yoast SEO plugin. -->","yoast_head_json":{"title":"Cartelera de cines - CuencasMineras.com","description":"\u00bfQuieres conocer la cartelera de tu cine m\u00e1s cercano? Entra en CuencasMineras.com para conocer los mejores estrenos.","robots":{"index":"index","follow":"follow","max-snippet":"max-snippet:-1","max-image-preview":"max-image-preview:large","max-video-preview":"max-video-preview:-1"},"canonical":"https:\/\/www.cuencasmineras.com\/index.php\/cultura-y-ocio\/cine\/","og_locale":"es_ES","og_type":"article","og_title":"Cartelera de cines - CuencasMineras.com","og_description":"\u00bfQuieres conocer la cartelera de tu cine m\u00e1s cercano? Entra en CuencasMineras.com para conocer los mejores estrenos.","og_url":"https:\/\/www.cuencasmineras.com\/index.php\/cultura-y-ocio\/cine\/","article_modified_time":"2022-04-11T11:26:27+00:00","og_image":[{"width":640,"height":480,"url":"https:\/\/www.cuencasmineras.com\/wp-content\/uploads\/2020\/09\/pexels-pixabay-33129.jpg","type":"image\/jpeg"}],"twitter_card":"summary_large_image","twitter_misc":{"Tiempo de lectura":"2 minutos"},"schema":{"@context":"https:\/\/schema.org","@graph":[{"@type":"WebPage","@id":"https:\/\/www.cuencasmineras.com\/index.php\/cultura-y-ocio\/cine\/","url":"https:\/\/www.cuencasmineras.com\/index.php\/cultura-y-ocio\/cine\/","name":"Cartelera de cines - CuencasMineras.com","isPartOf":{"@id":"https:\/\/www.cuencasmineras.com\/#website"},"primaryImageOfPage":{"@id":"https:\/\/www.cuencasmineras.com\/index.php\/cultura-y-ocio\/cine\/#primaryimage"},"image":{"@id":"https:\/\/www.cuencasmineras.com\/index.php\/cultura-y-ocio\/cine\/#primaryimage"},"thumbnailUrl":"https:\/\/www.cuencasmineras.com\/wp-content\/uploads\/2020\/09\/pexels-pixabay-33129.jpg","datePublished":"2020-09-05T19:14:03+00:00","dateModified":"2022-04-11T11:26:27+00:00","description":"\u00bfQuieres conocer la cartelera de tu cine m\u00e1s cercano? Entra en CuencasMineras.com para conocer los mejores estrenos.","breadcrumb":{"@id":"https:\/\/www.cuencasmineras.com\/index.php\/cultura-y-ocio\/cine\/#breadcrumb"},"inLanguage":"es","potentialAction":[{"@type":"ReadAction","target":["https:\/\/www.cuencasmineras.com\/index.php\/cultura-y-ocio\/cine\/"]}]},{"@type":"ImageObject","inLanguage":"es","@id":"https:\/\/www.cuencasmineras.com\/index.php\/cultura-y-ocio\/cine\/#primaryimage","url":"https:\/\/www.cuencasmineras.com\/wp-content\/uploads\/2020\/09\/pexels-pixabay-33129.jpg","contentUrl":"https:\/\/www.cuencasmineras.com\/wp-content\/uploads\/2020\/09\/pexels-pixabay-33129.jpg","width":640,"height":480,"caption":"cine"},{"@type":"BreadcrumbList","@id":"https:\/\/www.cuencasmineras.com\/index.php\/cultura-y-ocio\/cine\/#breadcrumb","itemListElement":[{"@type":"ListItem","position":1,"name":"Portada","item":"https:\/\/www.cuencasmineras.com\/"},{"@type":"ListItem","position":2,"name":"CULTURA Y OCIO","item":"https:\/\/www.cuencasmineras.com\/index.php\/cultura-y-ocio\/"},{"@type":"ListItem","position":3,"name":"Cine"}]},{"@type":"WebSite","@id":"https:\/\/www.cuencasmineras.com\/#website","url":"https:\/\/www.cuencasmineras.com\/","name":"","description":"","potentialAction":[{"@type":"SearchAction","target":{"@type":"EntryPoint","urlTemplate":"https:\/\/www.cuencasmineras.com\/?s={search_term_string}"},"query-input":{"@type":"PropertyValueSpecification","valueRequired":true,"valueName":"search_term_string"}}],"inLanguage":"es"}]}},"_links":{"self":[{"href":"https:\/\/www.cuencasmineras.com\/index.php\/wp-json\/wp\/v2\/pages\/95","targetHints":{"allow":["GET"]}}],"collection":[{"href":"https:\/\/www.cuencasmineras.com\/index.php\/wp-json\/wp\/v2\/pages"}],"about":[{"href":"https:\/\/www.cuencasmineras.com\/index.php\/wp-json\/wp\/v2\/types\/page"}],"author":[{"embeddable":true,"href":"https:\/\/www.cuencasmineras.com\/index.php\/wp-json\/wp\/v2\/users\/1"}],"replies":[{"embeddable":true,"href":"https:\/\/www.cuencasmineras.com\/index.php\/wp-json\/wp\/v2\/comments?post=95"}],"version-history":[{"count":15,"href":"https:\/\/www.cuencasmineras.com\/index.php\/wp-json\/wp\/v2\/pages\/95\/revisions"}],"predecessor-version":[{"id":4566,"href":"https:\/\/www.cuencasmineras.com\/index.php\/wp-json\/wp\/v2\/pages\/95\/revisions\/4566"}],"up":[{"embeddable":true,"href":"https:\/\/www.cuencasmineras.com\/index.php\/wp-json\/wp\/v2\/pages\/55"}],"wp:featuredmedia":[{"embeddable":true,"href":"https:\/\/www.cuencasmineras.com\/index.php\/wp-json\/wp\/v2\/media\/251"}],"wp:attachment":[{"href":"https:\/\/www.cuencasmineras.com\/index.php\/wp-json\/wp\/v2\/media?parent=95"}],"curies":[{"name":"wp","href":"https:\/\/api.w.org\/{rel}","templated":true}]}}