{"id":983,"date":"2020-09-28T23:52:45","date_gmt":"2020-09-28T23:52:45","guid":{"rendered":"https:\/\/www.cuencasmineras.com\/?page_id=983"},"modified":"2020-09-30T17:07:53","modified_gmt":"2020-09-30T17:07:53","slug":"farmacias-caso","status":"publish","type":"page","link":"https:\/\/www.cuencasmineras.com\/index.php\/farmacias-caso\/","title":{"rendered":"Farmacias Caso"},"content":{"rendered":"<ul class=\"ListadoResultados\">\n<li><strong><span class=\"Fecha\">CAMPO DE CASO<\/span><\/strong>\n<ul class=\"ListadoResultados\">\n<li><span style=\"color: #3366ff;\"><strong><span class=\"TituloResultado\">V\u00edctor Luis Gonz\u00e1lez M\u00e9ndez<\/span><\/strong><\/span><br \/>\n<span class=\"ico-localizacion\"><strong><em>Direcci\u00f3n:<\/em> <\/strong>Plaza de Felipe \u00c1lvarez, s\/n<\/span><\/li>\n<li><a href=\"tel:985608028\">Llamar: 985608028<\/a><br \/>\n<span class=\"ico-horario2\"><strong><em>Horario:<\/em><\/strong> Lunes a Viernes: de 09:30 a 14:00 y de 16:30 a 19:30, S\u00e1bado: de 10:30 a 13:00 <\/span><br \/>\n(En\u00a0 verano L a V de 9:30 A 14 y de 17 A 20 H. S\u00e1bado de 10:30 a 13 h.)<\/li>\n<\/ul>\n<\/li>\n<\/ul>\n<p>&nbsp;<\/p>\n","protected":false},"excerpt":{"rendered":"<p>CAMPO DE CASO V\u00edctor Luis Gonz\u00e1lez M\u00e9ndez Direcci\u00f3n: Plaza de Felipe \u00c1lvarez, s\/n Llamar: 985608028 Horario: Lunes a Viernes: de 09:30 a 14:00 y de 16:30 a 19:30, S\u00e1bado: de 10:30 a 13:00 (En\u00a0 verano L a V de 9:30 A 14 y de 17 A 20 H. S\u00e1bado de 10:30 a 13 h.) &nbsp;<\/p>\n","protected":false},"author":1,"featured_media":1057,"parent":0,"menu_order":0,"comment_status":"closed","ping_status":"closed","template":"","meta":{"footnotes":""},"class_list":["post-983","page","type-page","status-publish","has-post-thumbnail","hentry"],"yoast_head":"<!-- This site is optimized with the Yoast SEO plugin v27.3 - https:\/\/yoast.com\/product\/yoast-seo-wordpress\/ -->\n<title>Farmacias Caso - CuencasMineras.com<\/title>\n<meta name=\"description\" content=\"Estos son los tel\u00e9fonos, direcciones y horarios de las farmacias que existen en el concejo de Caso.\" \/>\n<meta name=\"robots\" content=\"index, follow, max-snippet:-1, max-image-preview:large, max-video-preview:-1\" \/>\n<link rel=\"canonical\" href=\"https:\/\/www.cuencasmineras.com\/index.php\/farmacias-caso\/\" \/>\n<meta property=\"og:locale\" content=\"es_ES\" \/>\n<meta property=\"og:type\" content=\"article\" \/>\n<meta property=\"og:title\" content=\"Farmacias Caso - CuencasMineras.com\" \/>\n<meta property=\"og:description\" content=\"Estos son los tel\u00e9fonos, direcciones y horarios de las farmacias que existen en el concejo de Caso.\" \/>\n<meta property=\"og:url\" content=\"https:\/\/www.cuencasmineras.com\/index.php\/farmacias-caso\/\" \/>\n<meta property=\"article:modified_time\" content=\"2020-09-30T17:07:53+00:00\" \/>\n<meta property=\"og:image\" content=\"https:\/\/www.cuencasmineras.com\/wp-content\/uploads\/2020\/09\/indice-3.jpg\" \/>\n\t<meta property=\"og:image:width\" content=\"225\" \/>\n\t<meta property=\"og:image:height\" content=\"225\" \/>\n\t<meta property=\"og:image:type\" content=\"image\/jpeg\" \/>\n<meta name=\"twitter:card\" content=\"summary_large_image\" \/>\n<script type=\"application\/ld+json\" class=\"yoast-schema-graph\">{\"@context\":\"https:\\\/\\\/schema.org\",\"@graph\":[{\"@type\":\"WebPage\",\"@id\":\"https:\\\/\\\/www.cuencasmineras.com\\\/index.php\\\/farmacias-caso\\\/\",\"url\":\"https:\\\/\\\/www.cuencasmineras.com\\\/index.php\\\/farmacias-caso\\\/\",\"name\":\"Farmacias Caso - CuencasMineras.com\",\"isPartOf\":{\"@id\":\"https:\\\/\\\/www.cuencasmineras.com\\\/#website\"},\"primaryImageOfPage\":{\"@id\":\"https:\\\/\\\/www.cuencasmineras.com\\\/index.php\\\/farmacias-caso\\\/#primaryimage\"},\"image\":{\"@id\":\"https:\\\/\\\/www.cuencasmineras.com\\\/index.php\\\/farmacias-caso\\\/#primaryimage\"},\"thumbnailUrl\":\"https:\\\/\\\/www.cuencasmineras.com\\\/wp-content\\\/uploads\\\/2020\\\/09\\\/indice-3.jpg\",\"datePublished\":\"2020-09-28T23:52:45+00:00\",\"dateModified\":\"2020-09-30T17:07:53+00:00\",\"description\":\"Estos son los tel\u00e9fonos, direcciones y horarios de las farmacias que existen en el concejo de Caso.\",\"breadcrumb\":{\"@id\":\"https:\\\/\\\/www.cuencasmineras.com\\\/index.php\\\/farmacias-caso\\\/#breadcrumb\"},\"inLanguage\":\"es\",\"potentialAction\":[{\"@type\":\"ReadAction\",\"target\":[\"https:\\\/\\\/www.cuencasmineras.com\\\/index.php\\\/farmacias-caso\\\/\"]}]},{\"@type\":\"ImageObject\",\"inLanguage\":\"es\",\"@id\":\"https:\\\/\\\/www.cuencasmineras.com\\\/index.php\\\/farmacias-caso\\\/#primaryimage\",\"url\":\"https:\\\/\\\/www.cuencasmineras.com\\\/wp-content\\\/uploads\\\/2020\\\/09\\\/indice-3.jpg\",\"contentUrl\":\"https:\\\/\\\/www.cuencasmineras.com\\\/wp-content\\\/uploads\\\/2020\\\/09\\\/indice-3.jpg\",\"width\":225,\"height\":225},{\"@type\":\"BreadcrumbList\",\"@id\":\"https:\\\/\\\/www.cuencasmineras.com\\\/index.php\\\/farmacias-caso\\\/#breadcrumb\",\"itemListElement\":[{\"@type\":\"ListItem\",\"position\":1,\"name\":\"Portada\",\"item\":\"https:\\\/\\\/www.cuencasmineras.com\\\/\"},{\"@type\":\"ListItem\",\"position\":2,\"name\":\"Farmacias Caso\"}]},{\"@type\":\"WebSite\",\"@id\":\"https:\\\/\\\/www.cuencasmineras.com\\\/#website\",\"url\":\"https:\\\/\\\/www.cuencasmineras.com\\\/\",\"name\":\"\",\"description\":\"\",\"potentialAction\":[{\"@type\":\"SearchAction\",\"target\":{\"@type\":\"EntryPoint\",\"urlTemplate\":\"https:\\\/\\\/www.cuencasmineras.com\\\/?s={search_term_string}\"},\"query-input\":{\"@type\":\"PropertyValueSpecification\",\"valueRequired\":true,\"valueName\":\"search_term_string\"}}],\"inLanguage\":\"es\"}]}<\/script>\n<!-- \/ Yoast SEO plugin. -->","yoast_head_json":{"title":"Farmacias Caso - CuencasMineras.com","description":"Estos son los tel\u00e9fonos, direcciones y horarios de las farmacias que existen en el concejo de Caso.","robots":{"index":"index","follow":"follow","max-snippet":"max-snippet:-1","max-image-preview":"max-image-preview:large","max-video-preview":"max-video-preview:-1"},"canonical":"https:\/\/www.cuencasmineras.com\/index.php\/farmacias-caso\/","og_locale":"es_ES","og_type":"article","og_title":"Farmacias Caso - CuencasMineras.com","og_description":"Estos son los tel\u00e9fonos, direcciones y horarios de las farmacias que existen en el concejo de Caso.","og_url":"https:\/\/www.cuencasmineras.com\/index.php\/farmacias-caso\/","article_modified_time":"2020-09-30T17:07:53+00:00","og_image":[{"width":225,"height":225,"url":"https:\/\/www.cuencasmineras.com\/wp-content\/uploads\/2020\/09\/indice-3.jpg","type":"image\/jpeg"}],"twitter_card":"summary_large_image","schema":{"@context":"https:\/\/schema.org","@graph":[{"@type":"WebPage","@id":"https:\/\/www.cuencasmineras.com\/index.php\/farmacias-caso\/","url":"https:\/\/www.cuencasmineras.com\/index.php\/farmacias-caso\/","name":"Farmacias Caso - CuencasMineras.com","isPartOf":{"@id":"https:\/\/www.cuencasmineras.com\/#website"},"primaryImageOfPage":{"@id":"https:\/\/www.cuencasmineras.com\/index.php\/farmacias-caso\/#primaryimage"},"image":{"@id":"https:\/\/www.cuencasmineras.com\/index.php\/farmacias-caso\/#primaryimage"},"thumbnailUrl":"https:\/\/www.cuencasmineras.com\/wp-content\/uploads\/2020\/09\/indice-3.jpg","datePublished":"2020-09-28T23:52:45+00:00","dateModified":"2020-09-30T17:07:53+00:00","description":"Estos son los tel\u00e9fonos, direcciones y horarios de las farmacias que existen en el concejo de Caso.","breadcrumb":{"@id":"https:\/\/www.cuencasmineras.com\/index.php\/farmacias-caso\/#breadcrumb"},"inLanguage":"es","potentialAction":[{"@type":"ReadAction","target":["https:\/\/www.cuencasmineras.com\/index.php\/farmacias-caso\/"]}]},{"@type":"ImageObject","inLanguage":"es","@id":"https:\/\/www.cuencasmineras.com\/index.php\/farmacias-caso\/#primaryimage","url":"https:\/\/www.cuencasmineras.com\/wp-content\/uploads\/2020\/09\/indice-3.jpg","contentUrl":"https:\/\/www.cuencasmineras.com\/wp-content\/uploads\/2020\/09\/indice-3.jpg","width":225,"height":225},{"@type":"BreadcrumbList","@id":"https:\/\/www.cuencasmineras.com\/index.php\/farmacias-caso\/#breadcrumb","itemListElement":[{"@type":"ListItem","position":1,"name":"Portada","item":"https:\/\/www.cuencasmineras.com\/"},{"@type":"ListItem","position":2,"name":"Farmacias Caso"}]},{"@type":"WebSite","@id":"https:\/\/www.cuencasmineras.com\/#website","url":"https:\/\/www.cuencasmineras.com\/","name":"","description":"","potentialAction":[{"@type":"SearchAction","target":{"@type":"EntryPoint","urlTemplate":"https:\/\/www.cuencasmineras.com\/?s={search_term_string}"},"query-input":{"@type":"PropertyValueSpecification","valueRequired":true,"valueName":"search_term_string"}}],"inLanguage":"es"}]}},"_links":{"self":[{"href":"https:\/\/www.cuencasmineras.com\/index.php\/wp-json\/wp\/v2\/pages\/983","targetHints":{"allow":["GET"]}}],"collection":[{"href":"https:\/\/www.cuencasmineras.com\/index.php\/wp-json\/wp\/v2\/pages"}],"about":[{"href":"https:\/\/www.cuencasmineras.com\/index.php\/wp-json\/wp\/v2\/types\/page"}],"author":[{"embeddable":true,"href":"https:\/\/www.cuencasmineras.com\/index.php\/wp-json\/wp\/v2\/users\/1"}],"replies":[{"embeddable":true,"href":"https:\/\/www.cuencasmineras.com\/index.php\/wp-json\/wp\/v2\/comments?post=983"}],"version-history":[{"count":3,"href":"https:\/\/www.cuencasmineras.com\/index.php\/wp-json\/wp\/v2\/pages\/983\/revisions"}],"predecessor-version":[{"id":1029,"href":"https:\/\/www.cuencasmineras.com\/index.php\/wp-json\/wp\/v2\/pages\/983\/revisions\/1029"}],"wp:featuredmedia":[{"embeddable":true,"href":"https:\/\/www.cuencasmineras.com\/index.php\/wp-json\/wp\/v2\/media\/1057"}],"wp:attachment":[{"href":"https:\/\/www.cuencasmineras.com\/index.php\/wp-json\/wp\/v2\/media?parent=983"}],"curies":[{"name":"wp","href":"https:\/\/api.w.org\/{rel}","templated":true}]}}